{"id":2951,"date":"2024-09-18T04:06:33","date_gmt":"2024-09-18T04:06:33","guid":{"rendered":"https:\/\/saigon24.vn\/?post_type=product&#038;p=2951"},"modified":"2024-09-25T03:45:42","modified_gmt":"2024-09-25T03:45:42","slug":"tra-hoang-de-bao-long","status":"publish","type":"product","link":"https:\/\/saigon24.vn\/zh\/product\/tra-hoang-de-bao-long\/","title":{"rendered":"\u5b9d\u9f99\u7687\u8336"},"content":{"rendered":"<p>&#8220;<strong>\u7687\u5e1d\u5b9d\u9f99\u8336\u2014\u2014\u7687\u5bb6\u98ce\u5473\uff0c\u8d8a\u5357\u56fd\u7cb9<\/strong><\/p>\n<p>\u60a8\u60f3\u4f53\u9a8c\u7687\u5e1d\u7684\u611f\u89c9\uff0c\u5728\u96c4\u4f1f\u7684\u7687\u5bb6\u7a7a\u95f4\u4e2d\u559d\u4e00\u676f\u7f8e\u5473\u7684\u8336\u5417\uff1f\u5b9d\u9f99\u5fa1\u8336\u5c06\u4e3a\u60a8\u5e26\u6765\u3002<\/p>\n<p>\u60a8\u60f3\u4f53\u9a8c\u7687\u5e1d\u7684\u611f\u89c9\uff0c\u5728\u96c4\u4f1f\u7684\u7687\u5bb6\u7a7a\u95f4\u4e2d\u559d\u4e00\u676f\u7f8e\u5473\u7684\u8336\u5417\uff1f\u5b9d\u9f99\u5fa1\u8336\u5c06\u4e3a\u60a8\u5e26\u6765\u3002<\/p>\n<p>\u9999\u6c14\u5982\u8f7b\u70df\u822c\u8513\u5ef6\uff0c\u4e0e\u7434\u58f0\u878d\u4e3a\u4e00\u4f53\uff0c\u8425\u9020\u51fa\u8f7b\u677e\u3001\u5b81\u9759\u7684\u7a7a\u95f4\u3002\u6bcf\u4e00\u53e3\u8336\u90fd\u662f\u4e00\u6b21\u53d1\u73b0\u6bcf\u676f\u8336\u7684\u7cbe\u81f4\u548c\u4f18\u96c5\u7684\u65c5\u7a0b\uff0c\u5e2e\u52a9\u60a8\u653e\u677e\u5e76\u627e\u5230\u5e73\u8861\u3002<\/p>\n<p>\u9ec4\u82aa\u3001\u7ea2\u82f9\u679c\u3001\u67b8\u675e\u3001\u9c9c\u82b1\u7b49\u6210\u5206\u7684\u6e05\u51c9\u3001\u67d4\u548c\u7684\u9999\u5473\u4f3c\u4e4e\u53ef\u4ee5\u9a71\u6563\u6240\u6709\u7684\u70e6\u607c\uff0c\u5e26\u6765\u8f7b\u677e\u3001\u5e73\u548c\u7684\u611f\u89c9\u3002\u6e29\u548c\u7684\u8336\u5473\u5728\u820c\u5c16\u7559\u4e0b\u7ec6\u817b\u7684\u56de\u5473\u3002<\/p>\n<p>\u8ba9\u7687\u5b9d\u9f99\u8336\u5e26\u4f60\u56de\u5230\u9ec4\u91d1\u65f6\u4ee3\uff0c\u4f53\u9a8c\u771f\u6b63\u738b\u8005\u7684\u611f\u89c9\u3002\u201d<\/p>","protected":false},"excerpt":{"rendered":"<p>&#8220;Tr\u00e0 Ho\u00e0ng \u0110\u1ebf B\u1ea3o Long &#8211; H\u01b0\u01a1ng v\u1ecb ho\u00e0ng gia, tinh hoa Vi\u1ec7t Nam B\u1ea1n c\u00f3 mu\u1ed1n tr\u1ea3i nghi\u1ec7m c\u1ea3m<\/p>","protected":false},"featured_media":1708,"template":"","meta":[],"product_brand":[],"product_cat":[104],"product_tag":[],"class_list":{"0":"post-2951","1":"product","2":"type-product","3":"status-publish","4":"has-post-thumbnail","6":"product_cat-tra-thao-moc-bao-long","8":"first","9":"outofstock","10":"shipping-taxable","11":"product-type-simple"},"_links":{"self":[{"href":"https:\/\/saigon24.vn\/zh\/wp-json\/wp\/v2\/product\/2951","targetHints":{"allow":["GET"]}}],"collection":[{"href":"https:\/\/saigon24.vn\/zh\/wp-json\/wp\/v2\/product"}],"about":[{"href":"https:\/\/saigon24.vn\/zh\/wp-json\/wp\/v2\/types\/product"}],"version-history":[{"count":0,"href":"https:\/\/saigon24.vn\/zh\/wp-json\/wp\/v2\/product\/2951\/revisions"}],"wp:featuredmedia":[{"embeddable":true,"href":"https:\/\/saigon24.vn\/zh\/wp-json\/wp\/v2\/media\/1708"}],"wp:attachment":[{"href":"https:\/\/saigon24.vn\/zh\/wp-json\/wp\/v2\/media?parent=2951"}],"wp:term":[{"taxonomy":"product_brand","embeddable":true,"href":"https:\/\/saigon24.vn\/zh\/wp-json\/wp\/v2\/product_brand?post=2951"},{"taxonomy":"product_cat","embeddable":true,"href":"https:\/\/saigon24.vn\/zh\/wp-json\/wp\/v2\/product_cat?post=2951"},{"taxonomy":"product_tag","embeddable":true,"href":"https:\/\/saigon24.vn\/zh\/wp-json\/wp\/v2\/product_tag?post=2951"}],"curies":[{"name":"wp","href":"https:\/\/api.w.org\/{rel}","templated":true}]}}