{"id":2949,"date":"2024-09-18T04:06:33","date_gmt":"2024-09-18T04:06:33","guid":{"rendered":"https:\/\/saigon24.vn\/?post_type=product&#038;p=2949"},"modified":"2024-09-25T03:45:42","modified_gmt":"2024-09-25T03:45:42","slug":"tra-quy-tu-bao-long","status":"publish","type":"product","link":"https:\/\/saigon24.vn\/zh\/product\/tra-quy-tu-bao-long\/","title":{"rendered":"\u5b9d\u9f99\u7d2b\u8336"},"content":{"rendered":"<p><strong>\u201c\u5b9d\u9f99\u540d\u8d35\u7eff\u8336\u2014\u2014\u81ea\u7136\u9057\u4ea7\u201d<\/strong><\/p>\n<p>\u5728\u5b89\u9759\u7684\u7a7a\u95f4\u91cc\uff0c\u559d\u4e00\u53e3\u5b9d\u9f99\u540d\u8d35\u8336\uff0c\u4f60\u4f1a\u611f\u53d7\u5230\u6bcf\u4e00\u6ef4\u7684\u7cbe\u81f4\u4e0e\u4f18\u96c5\u3002\u5b9d\u9f99\u5f52\u571f\u8336\u5c06\u7075\u829d\u3001\u591a\u6bdb\u3001\u7518\u8349\u3001\u7ea2\u4f55\u9996\u4e4c\u7b49\u540d\u8d35\u836f\u6750\u5b8c\u7f8e\u7ed3\u5408\uff0c\u4e0d\u4ec5\u5e26\u6765\u7f8e\u5473\uff0c\u8fd8\u80fd\u5e2e\u52a9\u60a8\u5f3a\u8eab\u5065\u8111\u3001\u5065\u8111\u76ca\u667a\u3002<\/p>\n<p class=\" translation-block\">\u6bcf\u4e00\u6b3e\u8336\u5305\u90fd\u8574\u85cf\u7740\u5929\u5730\u7cbe\u534e\uff0c\u7ed9\u7528\u6237\u5e26\u6765\u7f8e\u5999\u7684\u4f53\u9a8c\u3002 <strong>\u5b9d\u9f99\u67d1\u8336<\/strong>\u5728\u7b26\u5408GMP-WHO\u6807\u51c6\u7684\u751f\u4ea7\u7ebf\u4e0a\u751f\u4ea7\uff0c\u786e\u4fdd\u5b8c\u6574\u4fdd\u7559\u5b9d\u8d35\u7684\u8425\u517b\u6210\u5206\u548c\u5929\u7136\u98ce\u5473\u3002<\/p>\n<p>\u8ba9\u5b9d\u9f99\u5f52\u571f\u8336\u966a\u4f34\u60a8\uff0c\u5e2e\u52a9\u60a8\u5065\u5eb7\u6bcf\u4e00\u5929\uff01<\/p>","protected":false},"excerpt":{"rendered":"<p>&#8220;Tr\u00e0 qu\u00fd t\u1eed B\u1ea3o Long &#8211; Di s\u1ea3n t\u1eeb thi\u00ean nhi\u00ean&#8221; Trong kh\u00f4ng gian t\u0129nh l\u1eb7ng, nh\u1ea5p m\u1ed9t ng\u1ee5m Tr\u00e0<\/p>","protected":false},"featured_media":1699,"template":"","meta":[],"product_brand":[],"product_cat":[104],"product_tag":[],"class_list":{"0":"post-2949","1":"product","2":"type-product","3":"status-publish","4":"has-post-thumbnail","6":"product_cat-tra-thao-moc-bao-long","8":"first","9":"outofstock","10":"shipping-taxable","11":"product-type-simple"},"_links":{"self":[{"href":"https:\/\/saigon24.vn\/zh\/wp-json\/wp\/v2\/product\/2949","targetHints":{"allow":["GET"]}}],"collection":[{"href":"https:\/\/saigon24.vn\/zh\/wp-json\/wp\/v2\/product"}],"about":[{"href":"https:\/\/saigon24.vn\/zh\/wp-json\/wp\/v2\/types\/product"}],"version-history":[{"count":0,"href":"https:\/\/saigon24.vn\/zh\/wp-json\/wp\/v2\/product\/2949\/revisions"}],"wp:featuredmedia":[{"embeddable":true,"href":"https:\/\/saigon24.vn\/zh\/wp-json\/wp\/v2\/media\/1699"}],"wp:attachment":[{"href":"https:\/\/saigon24.vn\/zh\/wp-json\/wp\/v2\/media?parent=2949"}],"wp:term":[{"taxonomy":"product_brand","embeddable":true,"href":"https:\/\/saigon24.vn\/zh\/wp-json\/wp\/v2\/product_brand?post=2949"},{"taxonomy":"product_cat","embeddable":true,"href":"https:\/\/saigon24.vn\/zh\/wp-json\/wp\/v2\/product_cat?post=2949"},{"taxonomy":"product_tag","embeddable":true,"href":"https:\/\/saigon24.vn\/zh\/wp-json\/wp\/v2\/product_tag?post=2949"}],"curies":[{"name":"wp","href":"https:\/\/api.w.org\/{rel}","templated":true}]}}