{"id":2951,"date":"2024-09-18T04:06:33","date_gmt":"2024-09-18T04:06:33","guid":{"rendered":"https:\/\/saigon24.vn\/?post_type=product&#038;p=2951"},"modified":"2024-09-25T03:45:42","modified_gmt":"2024-09-25T03:45:42","slug":"tra-hoang-de-bao-long","status":"publish","type":"product","link":"https:\/\/saigon24.vn\/ko\/product\/tra-hoang-de-bao-long\/","title":{"rendered":"\ubc14\uc624\ub871 \ud669\uc81c\ucc28"},"content":{"rendered":"<p>&#8220;<strong>\ud669\uc81c \ubc14\uc624\ub871 \ucc28 - \ubca0\ud2b8\ub0a8 \uc655\uc2e4\uc758 \ub9db, \uc815\uc218<\/strong><\/p>\n<p>\uc7a5\uc5c4\ud55c \uc655\uc2e4 \uacf5\uac04\uc5d0\uc11c \ub9db\uc788\ub294 \ucc28 \ud55c\uc794\uc744 \ub9c8\uc2dc\uba70 \ud669\uc81c\uc758 \uae30\ubd84\uc744 \uacbd\ud5d8\ud558\uace0 \uc2f6\uc73c\uc2e0\uac00\uc694? Bao Long Imperial Tea\uac00 \ub2f9\uc2e0\uc5d0\uac8c \uadf8\uac83\uc744 \uac00\uc838\ub2e4 \uc904 \uac83\uc785\ub2c8\ub2e4.<\/p>\n<p>\uc2dc\uc6d0\ud558\uace0 \ub2ec\ucf64\ud55c \ub9db\uc744 \uc9c0\ub2cc \ud669\uc81c\ubc14\uc624\ub871\ucc28\ub294 \uccad\ub7c9 \uc74c\ub8cc\uc77c \ubfd0\ub9cc \uc544\ub2c8\ub77c \ucc9c\uc9c0\uc758 \uc815\uc218\ub97c \uacb0\uc815\uccb4\ub85c \ud45c\ud604\ud55c \uc608\uc220 \uc791\ud488\uc785\ub2c8\ub2e4.<\/p>\n<p>\uc605\uc740 \uc5f0\uae30\ucc98\ub7fc \ud37c\uc9c0\ub294 \ud5a5\uc774 \uce58\ud130 \uc18c\ub9ac\uc640 \uc5b4\uc6b0\ub7ec\uc838 \ud3b8\uc548\ud558\uace0 \ud3c9\ud654\ub85c\uc6b4 \uacf5\uac04\uc744 \uc5f0\ucd9c\ud569\ub2c8\ub2e4. \ucc28\ub97c \ud55c \ubaa8\uae08 \ub9c8\uc2dc\ub294 \uac83\uc740 \ucc28 \ud55c \uc794\uc758 \uc138\ub828\ubbf8\uc640 \uc6b0\uc544\ud568\uc744 \ubc1c\uacac\ud558\ub294 \uc5ec\uc815\uc774\uba70, \uae34\uc7a5\uc744 \ud480\uace0 \uade0\ud615\uc744 \ucc3e\ub294 \ub370 \ub3c4\uc6c0\uc774 \ub429\ub2c8\ub2e4.<\/p>\n<p>\ud669\uae30, \ube68\uac04\uc0ac\uacfc, \uad6c\uae30\uc790, \uaf43 \ub4f1 \uc7ac\ub8cc\uc758 \uc2dc\uc6d0\ud558\uace0 \uc740\uc740\ud55c \ud5a5\uc774 \ubaa8\ub4e0 \uadfc\uc2ec \uac71\uc815\uc744 \ud574\uc18c\ud558\uace0 \ub9c8\uc74c\uc758 \uc548\uc815\uacfc \ud3c9\ud654\ub97c \uac00\uc838\ub2e4 \uc8fc\ub294 \uac83 \uac19\uc2b5\ub2c8\ub2e4. \ubd80\ub4dc\ub7ec\uc6b4 \ucc28 \ub9db\uc774 \ud600\uc5d0 \uc12c\uc138\ud55c \ub4b7\ub9db\uc744 \ub0a8\uae41\ub2c8\ub2e4.<\/p>\n<p>\ubc14\uc624\ub871\ucc28 \ud669\uc81c\uac00 \ub2f9\uc2e0\uc744 \ud669\uae08\uc2dc\ub300\ub85c \ub370\ub824\uac00 \uc9c4\uc815\ud55c \uc655\uc758 \uae30\ubd84\uc744 \uacbd\ud5d8\ud558\uac8c \ud574\uc8fc\uc138\uc694.\u201d<\/p>","protected":false},"excerpt":{"rendered":"<p>&#8220;Tr\u00e0 Ho\u00e0ng \u0110\u1ebf B\u1ea3o Long &#8211; H\u01b0\u01a1ng v\u1ecb ho\u00e0ng gia, tinh hoa Vi\u1ec7t Nam B\u1ea1n c\u00f3 mu\u1ed1n tr\u1ea3i nghi\u1ec7m c\u1ea3m<\/p>","protected":false},"featured_media":1708,"template":"","meta":[],"product_brand":[],"product_cat":[104],"product_tag":[],"class_list":{"0":"post-2951","1":"product","2":"type-product","3":"status-publish","4":"has-post-thumbnail","6":"product_cat-tra-thao-moc-bao-long","8":"first","9":"outofstock","10":"shipping-taxable","11":"product-type-simple"},"_links":{"self":[{"href":"https:\/\/saigon24.vn\/ko\/wp-json\/wp\/v2\/product\/2951","targetHints":{"allow":["GET"]}}],"collection":[{"href":"https:\/\/saigon24.vn\/ko\/wp-json\/wp\/v2\/product"}],"about":[{"href":"https:\/\/saigon24.vn\/ko\/wp-json\/wp\/v2\/types\/product"}],"version-history":[{"count":0,"href":"https:\/\/saigon24.vn\/ko\/wp-json\/wp\/v2\/product\/2951\/revisions"}],"wp:featuredmedia":[{"embeddable":true,"href":"https:\/\/saigon24.vn\/ko\/wp-json\/wp\/v2\/media\/1708"}],"wp:attachment":[{"href":"https:\/\/saigon24.vn\/ko\/wp-json\/wp\/v2\/media?parent=2951"}],"wp:term":[{"taxonomy":"product_brand","embeddable":true,"href":"https:\/\/saigon24.vn\/ko\/wp-json\/wp\/v2\/product_brand?post=2951"},{"taxonomy":"product_cat","embeddable":true,"href":"https:\/\/saigon24.vn\/ko\/wp-json\/wp\/v2\/product_cat?post=2951"},{"taxonomy":"product_tag","embeddable":true,"href":"https:\/\/saigon24.vn\/ko\/wp-json\/wp\/v2\/product_tag?post=2951"}],"curies":[{"name":"wp","href":"https:\/\/api.w.org\/{rel}","templated":true}]}}