{"id":2949,"date":"2024-09-18T04:06:33","date_gmt":"2024-09-18T04:06:33","guid":{"rendered":"https:\/\/saigon24.vn\/?post_type=product&#038;p=2949"},"modified":"2024-09-25T03:45:42","modified_gmt":"2024-09-25T03:45:42","slug":"tra-quy-tu-bao-long","status":"publish","type":"product","link":"https:\/\/saigon24.vn\/ko\/product\/tra-quy-tu-bao-long\/","title":{"rendered":"\ubc14\uc624\ub871 \ubcf4\ub77c\uc0c9 \ucc28"},"content":{"rendered":"<p><strong>\u201c\ubc14\uc624\ub871 \uadc0\ud55c \ub179\ucc28 \u2013 \uc790\uc5f0\uc720\uc0b0\u201d<\/strong><\/p>\n<p>\uc870\uc6a9\ud55c \uacf5\uac04\uc5d0\uc11c \ubc14\uc624\ub871 \ub178\ube14\ud2f0(Bao Long Noble Tea)\ub97c \ud55c \ubaa8\uae08 \ub9c8\uc2dc\uba74 \ud55c \ubc29\uc6b8 \ud55c \ubc29\uc6b8\uc758 \uc138\ub828\ubbf8\uc640 \uc6b0\uc544\ud568\uc744 \ub290\ub084 \uc218 \uc788\uc2b5\ub2c8\ub2e4. \uadc0\uc911\ud55c \ud5c8\ube0c\uc778 Ganoderma lucidum, Polyscias fruticosa, \uac10\ucd08 \ubc0f \ubd89\uc740\uc0c9 \ub2e4\uaf43\uc758 \uc644\ubcbd\ud55c \uc870\ud569\uc73c\ub85c Bao Long Quy Tu \ucc28\ub294 \ub9db\uc788\ub294 \ub9db\uc744 \uc120\uc0ac\ud560 \ubfd0\ub9cc \uc544\ub2c8\ub77c \uac74\uac15\uc744 \ud5a5\uc0c1\uc2dc\ud0a4\uace0 \ub450\ub1cc\ub97c \uae30\uc5b5\ud558\uace0 \uc80a\uc5b4\uc9c0\uac8c \ud574\uc90d\ub2c8\ub2e4.<\/p>\n<p class=\" translation-block\">\uac01 \ucc28 \ud328\ud0a4\uc9c0\uc5d0\ub294 \ucc9c\uc9c0\uc758 \uc815\uc218\uac00 \ub2f4\uaca8 \uc788\uc5b4 \uc0ac\uc6a9\uc790\uc5d0\uac8c \ub180\ub77c\uc6b4 \uacbd\ud5d8\uc744 \uc120\uc0ac\ud569\ub2c8\ub2e4. GMP-WHO \ud45c\uc900\uc744 \ucda9\uc871\ud558\ub294 \uc0dd\uc0b0 \ub77c\uc778\uc5d0\uc11c \uc0dd\uc0b0\ub418\ub294 <strong>\ubc14\uc624\ub871 \ub9cc\ub2e4\ub9b0 \ucc28<\/strong>\ub294 \uadc0\uc911\ud55c \uc601\uc591\uc18c\uc640 \ucc9c\uc5f0 \ud5a5\uc774 \uadf8\ub300\ub85c \uc720\uc9c0\ub418\ub3c4\ub85d \ubcf4\uc7a5\ud569\ub2c8\ub2e4.<\/p>\n<p>Bao Long Quy Tu Tea\ub97c \ud568\uaed8 \ud558\uc5ec \ub9e4\uc77c \ub354 \uac74\uac15\ud574\uc9c0\ub3c4\ub85d \ub3c4\uc640\uc8fc\uc138\uc694!<\/p>","protected":false},"excerpt":{"rendered":"<p>&#8220;Tr\u00e0 qu\u00fd t\u1eed B\u1ea3o Long &#8211; Di s\u1ea3n t\u1eeb thi\u00ean nhi\u00ean&#8221; Trong kh\u00f4ng gian t\u0129nh l\u1eb7ng, nh\u1ea5p m\u1ed9t ng\u1ee5m Tr\u00e0<\/p>","protected":false},"featured_media":1699,"template":"","meta":[],"product_brand":[],"product_cat":[104],"product_tag":[],"class_list":{"0":"post-2949","1":"product","2":"type-product","3":"status-publish","4":"has-post-thumbnail","6":"product_cat-tra-thao-moc-bao-long","8":"first","9":"outofstock","10":"shipping-taxable","11":"product-type-simple"},"_links":{"self":[{"href":"https:\/\/saigon24.vn\/ko\/wp-json\/wp\/v2\/product\/2949","targetHints":{"allow":["GET"]}}],"collection":[{"href":"https:\/\/saigon24.vn\/ko\/wp-json\/wp\/v2\/product"}],"about":[{"href":"https:\/\/saigon24.vn\/ko\/wp-json\/wp\/v2\/types\/product"}],"version-history":[{"count":0,"href":"https:\/\/saigon24.vn\/ko\/wp-json\/wp\/v2\/product\/2949\/revisions"}],"wp:featuredmedia":[{"embeddable":true,"href":"https:\/\/saigon24.vn\/ko\/wp-json\/wp\/v2\/media\/1699"}],"wp:attachment":[{"href":"https:\/\/saigon24.vn\/ko\/wp-json\/wp\/v2\/media?parent=2949"}],"wp:term":[{"taxonomy":"product_brand","embeddable":true,"href":"https:\/\/saigon24.vn\/ko\/wp-json\/wp\/v2\/product_brand?post=2949"},{"taxonomy":"product_cat","embeddable":true,"href":"https:\/\/saigon24.vn\/ko\/wp-json\/wp\/v2\/product_cat?post=2949"},{"taxonomy":"product_tag","embeddable":true,"href":"https:\/\/saigon24.vn\/ko\/wp-json\/wp\/v2\/product_tag?post=2949"}],"curies":[{"name":"wp","href":"https:\/\/api.w.org\/{rel}","templated":true}]}}