{"id":2887,"date":"2024-09-18T04:06:13","date_gmt":"2024-09-18T04:06:13","guid":{"rendered":"https:\/\/saigon24.vn\/?post_type=product&#038;p=2887"},"modified":"2024-09-25T03:42:39","modified_gmt":"2024-09-25T03:42:39","slug":"ca-phe-hoa-tan-dreamland-special-3-in-1","status":"publish","type":"product","link":"https:\/\/saigon24.vn\/ko\/product\/ca-phe-hoa-tan-dreamland-special-3-in-1\/","title":{"rendered":"\ub4dc\ub9bc\ub79c\ub4dc \uc2a4\ud398\uc15c 3 IN 1 \uc778\uc2a4\ud134\ud2b8 \ucee4\ud53c"},"content":{"rendered":"<p>C\u00e0 ph\u00ea h\u00f2a tan Dreamland Special 3 in 1 &#8211; Giao h\u00f2a h\u01b0\u01a1ng v\u1ecb, \u0111\u00e1nh th\u1ee9c gi\u00e1c quan<\/p>\n<p>\u0110\u1eafm ch\u00ecm trong th\u1ebf gi\u1edbi c\u00e0 ph\u00ea s\u1eefa \u0111\u1eadm \u0111\u00e0, n\u01a1i h\u01b0\u01a1ng th\u01a1m quy\u1ebfn r\u0169 v\u00e0 v\u1ecb ng\u1ecdt ng\u00e0o h\u00f2a quy\u1ec7n, \u0111\u00e1nh th\u1ee9c m\u1ecdi gi\u00e1c quan. C\u00e0 ph\u00ea h\u00f2a tan Dreamland Special 3 in 1, m\u1ed9t ki\u1ec7t t\u00e1c c\u1ee7a s\u1ef1 k\u1ebft h\u1ee3p ho\u00e0n h\u1ea3o, s\u1ebd mang \u0111\u1ebfn cho b\u1ea1n tr\u1ea3i nghi\u1ec7m th\u01b0\u1edfng th\u1ee9c c\u00e0 ph\u00ea s\u1eefa tuy\u1ec7t \u0111\u1ec9nh, ti\u1ec7n l\u1ee3i v\u00e0 \u0111\u1ea7y m\u00ea ho\u1eb7c.<\/p>\n<p><strong>B\u1ea3n giao h\u01b0\u1edfng h\u01b0\u01a1ng v\u1ecb gi\u1eefa c\u00e0 ph\u00ea v\u00e0 s\u1eefa<\/strong><\/p>\n<ul>\n<li>H\u1ea1t c\u00e0 ph\u00ea Robusta th\u01b0\u1ee3ng h\u1ea1ng, \u0111\u01b0\u1ee3c tuy\u1ec3n ch\u1ecdn k\u1ef9 l\u01b0\u1ee1ng v\u00e0 rang xay theo b\u00ed quy\u1ebft ri\u00eang, t\u1ea1o n\u00ean h\u01b0\u01a1ng v\u1ecb c\u00e0 ph\u00ea nguy\u00ean b\u1ea3n, m\u1ea1nh m\u1ebd, \u0111\u1ea7y l\u00f4i cu\u1ed1n.<\/li>\n<li>S\u1eefa b\u00e9o ng\u1eady, tinh khi\u1ebft, h\u00f2a quy\u1ec7n c\u00f9ng c\u00e0 ph\u00ea t\u1ea1o n\u00ean v\u1ecb ng\u1ecdt d\u1ecbu d\u00e0ng, c\u00e2n b\u1eb1ng ho\u00e0n h\u1ea3o, \u0111\u00e1nh th\u1ee9c m\u1ecdi gi\u00e1c quan.<\/li>\n<\/ul>\n<p><strong>Ti\u1ec7n l\u1ee3i, th\u0103ng hoa m\u1ecdi kho\u1ea3nh kh\u1eafc<\/strong><\/p>\n<ul>\n<li>Ch\u1ec9 trong t\u00edch t\u1eafc, m\u1ed9t g\u00f3i c\u00e0 ph\u00ea h\u00f2a tan Dreamland Special 3 in 1 v\u00e0 n\u01b0\u1edbc n\u00f3ng s\u1ebd mang \u0111\u1ebfn cho b\u1ea1n ly c\u00e0 ph\u00ea s\u1eefa th\u01a1m ngon, \u0111\u1eadm \u0111\u00e0, s\u1eb5n s\u00e0ng ti\u1ebfp th\u00eam n\u0103ng l\u01b0\u1ee3ng cho ng\u00e0y m\u1edbi.<\/li>\n<li>Thi\u1ebft k\u1ebf g\u00f3i nh\u1ecf g\u1ecdn, nh\u01b0 m\u1ed9t ng\u01b0\u1eddi b\u1ea1n \u0111\u1ed3ng h\u00e0nh l\u00fd t\u01b0\u1edfng, lu\u00f4n b\u00ean b\u1ea1n m\u1ecdi l\u00fac m\u1ecdi n\u01a1i, s\u1eb5n s\u00e0ng chia s\u1ebb nh\u1eefng kho\u1ea3nh kh\u1eafc th\u01b0 gi\u00e3n tuy\u1ec7t v\u1eddi.<\/li>\n<\/ul>\n<p><strong>Ch\u1ea5t l\u01b0\u1ee3ng tuy\u1ec7t h\u1ea3o, an t\u00e2m th\u01b0\u1edfng th\u1ee9c<\/strong><\/p>\n<ul>\n<li>S\u1ea3n ph\u1ea9m \u0111\u01b0\u1ee3c t\u1ea1o ra t\u1eeb t\u00e2m huy\u1ebft v\u00e0 s\u1ef1 t\u1eadn t\u00e2m, tr\u00ean d\u00e2y chuy\u1ec1n hi\u1ec7n \u0111\u1ea1i, \u0111\u1ea1t ti\u00eau chu\u1ea9n v\u1ec7 sinh an to\u00e0n th\u1ef1c ph\u1ea9m.<\/li>\n<li>Nguy\u00ean li\u1ec7u tinh tuy\u1ec3n, kh\u00f4ng ch\u1ea5t b\u1ea3o qu\u1ea3n, kh\u00f4ng h\u01b0\u01a1ng li\u1ec7u nh\u00e2n t\u1ea1o, \u0111\u1ea3m b\u1ea3o an to\u00e0n cho s\u1ee9c kh\u1ecfe, \u0111\u1ec3 b\u1ea1n an t\u00e2m t\u1eadn h\u01b0\u1edfng tr\u1ecdn v\u1eb9n h\u01b0\u01a1ng v\u1ecb c\u00e0 ph\u00ea s\u1eefa tuy\u1ec7t h\u1ea3o.<\/li>\n<\/ul>\n<p><strong>H\u00e3y \u0111\u1ec3 C\u00e0 ph\u00ea h\u00f2a tan Dreamland Special 3 in 1 \u0111\u1ed3ng h\u00e0nh c\u00f9ng b\u1ea1n, kh\u1edfi \u0111\u1ea7u ng\u00e0y m\u1edbi tr\u00e0n \u0111\u1ea7y n\u0103ng l\u01b0\u1ee3ng v\u00e0 c\u1ea3m h\u1ee9ng!<\/strong><\/p>","protected":false},"excerpt":{"rendered":"<p>C\u00e0 ph\u00ea h\u00f2a tan Dreamland Special 3 in 1, m\u1ed9t ki\u1ec7t t\u00e1c c\u1ee7a s\u1ef1 k\u1ebft h\u1ee3p ho\u00e0n h\u1ea3o, s\u1ebd mang \u0111\u1ebfn cho b\u1ea1n tr\u1ea3i nghi\u1ec7m th\u01b0\u1edfng th\u1ee9c c\u00e0 ph\u00ea s\u1eefa tuy\u1ec7t \u0111\u1ec9nh, ti\u1ec7n l\u1ee3i v\u00e0 \u0111\u1ea7y m\u00ea ho\u1eb7c.<\/p>","protected":false},"featured_media":1445,"template":"","meta":[],"product_brand":[],"product_cat":[103],"product_tag":[],"class_list":{"0":"post-2887","1":"product","2":"type-product","3":"status-publish","4":"has-post-thumbnail","6":"product_cat-ca-phe-hoa-tan","8":"first","9":"instock","10":"shipping-taxable","11":"purchasable","12":"product-type-simple"},"_links":{"self":[{"href":"https:\/\/saigon24.vn\/ko\/wp-json\/wp\/v2\/product\/2887","targetHints":{"allow":["GET"]}}],"collection":[{"href":"https:\/\/saigon24.vn\/ko\/wp-json\/wp\/v2\/product"}],"about":[{"href":"https:\/\/saigon24.vn\/ko\/wp-json\/wp\/v2\/types\/product"}],"version-history":[{"count":0,"href":"https:\/\/saigon24.vn\/ko\/wp-json\/wp\/v2\/product\/2887\/revisions"}],"wp:featuredmedia":[{"embeddable":true,"href":"https:\/\/saigon24.vn\/ko\/wp-json\/wp\/v2\/media\/1445"}],"wp:attachment":[{"href":"https:\/\/saigon24.vn\/ko\/wp-json\/wp\/v2\/media?parent=2887"}],"wp:term":[{"taxonomy":"product_brand","embeddable":true,"href":"https:\/\/saigon24.vn\/ko\/wp-json\/wp\/v2\/product_brand?post=2887"},{"taxonomy":"product_cat","embeddable":true,"href":"https:\/\/saigon24.vn\/ko\/wp-json\/wp\/v2\/product_cat?post=2887"},{"taxonomy":"product_tag","embeddable":true,"href":"https:\/\/saigon24.vn\/ko\/wp-json\/wp\/v2\/product_tag?post=2887"}],"curies":[{"name":"wp","href":"https:\/\/api.w.org\/{rel}","templated":true}]}}