{"id":2869,"date":"2024-09-18T04:06:05","date_gmt":"2024-09-18T04:06:05","guid":{"rendered":"https:\/\/saigon24.vn\/?post_type=product&#038;p=2869"},"modified":"2024-09-27T03:50:10","modified_gmt":"2024-09-27T03:50:10","slug":"ca-phe-hoa-tan-dreamland-probiotic-vi-thao-moc","status":"publish","type":"product","link":"https:\/\/saigon24.vn\/ko\/product\/ca-phe-hoa-tan-dreamland-probiotic-vi-thao-moc\/","title":{"rendered":"\ub4dc\ub9bc\ub79c\ub4dc \ud504\ub85c\ubc14\uc774\uc624\ud2f1 \uc778\uc2a4\ud134\ud2b8 \ucee4\ud53c \ud5c8\ube0c \ub9db"},"content":{"rendered":"<p style=\"text-align: left\"><strong>\ub4dc\ub9bc\ub79c\ub4dc \ud504\ub85c\ubc14\uc774\uc624\ud2f1 \ud5c8\ube0c\ub9db: \ub9db\uc788\ub294 \ucee4\ud53c, \"\uac74\uac15\ud55c \uc7a5\" - \ucee4\ud53c \uc560\ud638\uac00\ub4e4\uc758 \uc18c\ud654\uae30 \ube44\uacb0<\/strong><\/p>\n<p>\uc7a5 \uac74\uac15\uc744 \ub3d5\uace0 \uc0b6\uc758 \uc9c8\uc744 \ud5a5\uc0c1\uc2dc\ud0b5\ub2c8\ub2e4.<\/p>\n<p>\ucee4\ud53c\ub97c \uc88b\uc544\ud558\uc9c0\ub9cc \uc18c\ud654 \uc2dc\uc2a4\ud15c\uc5d0 \ubd80\uc815\uc801\uc778 \uc601\ud5a5\uc744 \ubbf8\uce60\uae4c\ubd10 \ub450\ub824\uc6b0\uc2e0\uac00\uc694? \uac71\uc815\ud558\uc9c0 \ub9c8\uc2ed\uc2dc\uc624. Dreamland Probiotic Herbal Flavor\uac00 \uc788\uc2b5\ub2c8\ub2e4. \ud48d\ubd80\ud55c \ucee4\ud53c \ub9db\uacfc \uc18c\ud654\uae30 \uac74\uac15\uc5d0 \uc88b\uc740 \ud2b9\ubcc4\ud55c \ud3ec\ubbac\ub7ec\uc758 \uc644\ubcbd\ud55c \uc870\ud569\uc785\ub2c8\ub2e4.<\/p>\n<p><strong>\ub9db\uc788\ub294 \ucee4\ud53c, \"\uac74\uac15\ud55c \uc7a5\" - \ube44\uacb0\uc740 \uc5b4\ub514\uc5d0 \uc788\uc744\uae4c?<\/strong><\/p>\n<ul>\n<li class=\" translation-block\"><strong>100\uc5b5<\/strong>\uac1c\uc758 \"\uc88b\uc740 \ubc15\ud14c\ub9ac\uc544\"\uc778 Lacticaseibacillus paracasei\ub97c \ubcf4\ucda9\ud558\uace0 \uc7a5\ub0b4 \ubbf8\uc0dd\ubb3c\uc758 \uade0\ud615\uc744 \ub9de\ucd94\uace0 \uc800\ud56d\ub825\uc744 \uac15\ud654\ud558\uba70 \uc18c\ud654 \uacfc\uc815\uc744 \uc9c0\uc6d0\ud569\ub2c8\ub2e4.<\/li>\n<li class=\" translation-block\"><strong>\uc774\uc18c\ub9d0\ud2b8 \ubc0f <\/strong>\ucf54\ucf54\ub11b \uc624\uc77c\uc5d0\uc11c \uc27d\uac8c \ud761\uc218\ub418\ub294 \uc9c0\ubc29<strong><\/strong>\uc740 \ube60\ub978 \uc5d0\ub108\uc9c0\ub97c \uc81c\uacf5\ud558\uace0 \uc2e0\uc9c4\ub300\uc0ac\ub97c \uc9c0\uc6d0\ud558\uba70 \ud6a8\uacfc\uc801\uc73c\ub85c \uccb4\uc911\uc744 \uc870\uc808\ud558\ub294 \ub370 \ub3c4\uc6c0\uc744 \uc8fc\uba70 \uccb4\uc911 \uc99d\uac00\uc5d0 \ub300\ud55c \uac71\uc815 \uc5c6\uc774 \ucee4\ud53c\ub97c \uc990\uae38 \uc218 \uc788\ub2e4\ub294 \ubbff\uc74c\uc744 \uc90d\ub2c8\ub2e4.<\/li>\n<li class=\" translation-block\"><strong>\ud480\uc744 \uba39\uc778 \uc816\uc18c\uc5d0\uc11c \uc5bb\uc740 \ub3d9\ucda9\ud558\ucd08 \ubc0f \ubc84\ud130:<\/strong> \uadc0\uc911\ud55c \uc601\uc591\uc18c\ub97c \ubcf4\ucda9\ud558\uace0 \uc804\ubc18\uc801\uc778 \uac74\uac15\uc744 \uac15\ud654\ud558\uba70 \uc800\ud56d\ub825\uc744 \ud5a5\uc0c1\uc2dc\ucf1c \ud65c\ub825\uc774 \ub118\uce58\ub294 \uc0c8\ub85c\uc6b4 \ud558\ub8e8\ub97c \uc120\uc0ac\ud569\ub2c8\ub2e4.<\/li>\n<\/ul>\n<p><strong>\ub4dc\ub9bc\ub79c\ub4dc \ud504\ub85c\ubc14\uc774\uc624\ud2f1 \ud5c8\ube0c \ub9db \u2013 \ucee4\ud53c \uc560\ud638\uac00\ub97c \uc704\ud55c \uc644\ubcbd\ud55c \uc120\ud0dd:<\/strong><\/p>\n<ul>\n<li class=\" translation-block\"><strong>\ub9db\uc788\uace0 \ud48d\ubd80\ud55c \ucee4\ud53c \ub9db:<\/strong> \ubaa8\ub4e0 \uac10\uac01\uc744 \uc77c\uae68\uc6cc \uba4b\uc9c4 \ucee4\ud53c \uacbd\ud5d8\uc744 \uc81c\uacf5\ud569\ub2c8\ub2e4.<\/li>\n<li class=\" translation-block\"><strong>\uc18c\ud654 \uae30\uad00\uc5d0 \uc88b\uc74c:<\/strong> \ucd5c\uc801\uc758 \uc7a5 \uac74\uac15\uc744 \uc9c0\uc6d0\ud558\ub294 \ud504\ub85c\ubc14\uc774\uc624\ud2f1\uc2a4\uc640 \ud5c8\ube0c\ub85c \ud2b9\ubcc4\ud788 \uc81c\uc870\ub418\uc5c8\uc2b5\ub2c8\ub2e4.<\/li>\n<li class=\" translation-block\"><strong>\ucc9c\uc5f0 \uc601\uc591\uc18c:<\/strong> \uc5d0\ub108\uc9c0 \ubcf4\ucda9, \uac74\uac15 \uc99d\uc9c4, \uccb4\uc911 \uc870\uc808.<\/li>\n<li class=\" translation-block\"><strong>\ud3b8\ub9ac\ud558\uace0 \uc900\ube44\ud558\uae30 \uc27d\uc2b5\ub2c8\ub2e4.<\/strong> \uc5b8\uc81c \uc5b4\ub514\uc11c\ub098 \uc990\uae38 \uc218 \uc788\uc5b4 \ubc14\uc05c \ub77c\uc774\ud504\uc2a4\ud0c0\uc77c\uc5d0 \uc801\ud569\ud569\ub2c8\ub2e4.<\/li>\n<\/ul>\n<p><strong>\uc18c\ud654 \uc2dc\uc2a4\ud15c\uc5d0 \ub300\ud55c \uac71\uc815\uc73c\ub85c \uc778\ud574 \ucee4\ud53c\ub97c \uc990\uae30\ub294 \uac83\uc744 \ubc29\ud574\ud558\uc9c0 \ub9c8\uc138\uc694! \uc9c0\uae08 Dreamland \ud504\ub85c\ubc14\uc774\uc624\ud2f1 \ud5c8\ube0c \uc778\uc2a4\ud134\ud2b8 \ucee4\ud53c\ub97c \uc120\ud0dd\ud558\uc138\uc694!<\/strong><\/p>\n<div id=\"eJOY__extension_root\" class=\"eJOY__extension_root_class\"><\/div>","protected":false},"excerpt":{"rendered":"<pre><span style=\"font-family: arial, helvetica, sans-serif\"><span style=\"font-size: 14px\">Kh\u00f4ng ch\u1ec9 mang \u0111\u1ebfn h\u01b0\u01a1ng v\u1ecb c\u00e0 ph\u00ea th\u01a1m ngon, Dreamland Probiotic V\u1ecb Th\u1ea3o M\u1ed9c c\u00f2n b\u1ed5 sung l\u1ee3i khu\u1ea9n Probiotic <\/span><span style=\"font-size: 14px\">v\u00e0 chi\u1ebft xu\u1ea5t th\u1ea3o m\u1ed9c, gi\u00fap h\u1ed7 tr\u1ee3 ti\u00eau h\u00f3a v\u00e0 t\u0103ng c\u01b0\u1eddng s\u1ee9c kh\u1ecfe \u0111\u01b0\u1eddng ru\u1ed9t.\u00a0<\/span><\/span><\/pre>","protected":false},"featured_media":1368,"template":"","meta":[],"product_brand":[],"product_cat":[87],"product_tag":[],"class_list":{"0":"post-2869","1":"product","2":"type-product","3":"status-publish","4":"has-post-thumbnail","6":"product_cat-chua-phan-loai","8":"first","9":"instock","10":"sold-individually","11":"shipping-taxable","12":"purchasable","13":"product-type-simple"},"_links":{"self":[{"href":"https:\/\/saigon24.vn\/ko\/wp-json\/wp\/v2\/product\/2869","targetHints":{"allow":["GET"]}}],"collection":[{"href":"https:\/\/saigon24.vn\/ko\/wp-json\/wp\/v2\/product"}],"about":[{"href":"https:\/\/saigon24.vn\/ko\/wp-json\/wp\/v2\/types\/product"}],"version-history":[{"count":0,"href":"https:\/\/saigon24.vn\/ko\/wp-json\/wp\/v2\/product\/2869\/revisions"}],"wp:featuredmedia":[{"embeddable":true,"href":"https:\/\/saigon24.vn\/ko\/wp-json\/wp\/v2\/media\/1368"}],"wp:attachment":[{"href":"https:\/\/saigon24.vn\/ko\/wp-json\/wp\/v2\/media?parent=2869"}],"wp:term":[{"taxonomy":"product_brand","embeddable":true,"href":"https:\/\/saigon24.vn\/ko\/wp-json\/wp\/v2\/product_brand?post=2869"},{"taxonomy":"product_cat","embeddable":true,"href":"https:\/\/saigon24.vn\/ko\/wp-json\/wp\/v2\/product_cat?post=2869"},{"taxonomy":"product_tag","embeddable":true,"href":"https:\/\/saigon24.vn\/ko\/wp-json\/wp\/v2\/product_tag?post=2869"}],"curies":[{"name":"wp","href":"https:\/\/api.w.org\/{rel}","templated":true}]}}