{"id":2951,"date":"2024-09-18T04:06:33","date_gmt":"2024-09-18T04:06:33","guid":{"rendered":"https:\/\/saigon24.vn\/?post_type=product&#038;p=2951"},"modified":"2024-09-25T03:45:42","modified_gmt":"2024-09-25T03:45:42","slug":"tra-hoang-de-bao-long","status":"publish","type":"product","link":"https:\/\/saigon24.vn\/ja\/product\/tra-hoang-de-bao-long\/","title":{"rendered":"\u5305\u9f8d\u7687\u5e1d\u8336"},"content":{"rendered":"<p>&#8220;<strong>\u7687\u5e1d\u5305\u9f8d\u8336 - \u738b\u5ba4\u306e\u5473\u3001\u30d9\u30c8\u30ca\u30e0\u306e\u771f\u9ac4<\/strong><\/p>\n<p>\u96c4\u5927\u306a\u738b\u5ba4\u7a7a\u9593\u306e\u771f\u3093\u4e2d\u3067\u7f8e\u5473\u3057\u3044\u304a\u8336\u3092\u98f2\u307f\u306a\u304c\u3089\u3001\u7687\u5e1d\u306e\u6c17\u5206\u3092\u5473\u308f\u3063\u3066\u307f\u307e\u305b\u3093\u304b\uff1f\u30d0\u30aa\u30ed\u30f3\u30a4\u30f3\u30da\u30ea\u30a2\u30eb\u30c6\u30a3\u30fc\u304c\u305d\u308c\u3092\u304a\u5c4a\u3051\u3057\u307e\u3059\u3002<\/p>\n<p>\u6dbc\u3057\u304f\u3066\u7518\u3044\u98a8\u5473\u3092\u6301\u3064\u7687\u5e1d\u5305\u9f8d\u8336\u306f\u3001\u723d\u3084\u304b\u306a\u98f2\u307f\u7269\u3067\u3042\u308b\u3060\u3051\u3067\u306a\u304f\u3001\u5929\u3068\u5730\u306e\u30a8\u30c3\u30bb\u30f3\u30b9\u3092\u7d50\u6676\u3055\u305b\u305f\u82b8\u8853\u4f5c\u54c1\u3067\u3082\u3042\u308a\u307e\u3059\u3002<\/p>\n<p>\u7d30\u3044\u7159\u306e\u3088\u3046\u306b\u5e83\u304c\u308b\u9999\u308a\u306f\u30c4\u30a3\u30bf\u30fc\u306e\u97f3\u8272\u3068\u6eb6\u3051\u5408\u3044\u3001\u5b89\u3089\u304e\u3068\u5b89\u3089\u304e\u306e\u7a7a\u9593\u3092\u6f14\u51fa\u3057\u307e\u3059\u3002\u304a\u8336\u3092\u4e00\u53e3\u98f2\u3080\u3054\u3068\u306b\u3001\u305d\u306e\u4e00\u676f\u306b\u542b\u307e\u308c\u308b\u6d17\u7df4\u3055\u3068\u512a\u96c5\u3055\u3092\u767a\u898b\u3059\u308b\u65c5\u3068\u306a\u308a\u3001\u30ea\u30e9\u30c3\u30af\u30b9\u3057\u3066\u30d0\u30e9\u30f3\u30b9\u3092\u898b\u3064\u3051\u308b\u306e\u306b\u5f79\u7acb\u3061\u307e\u3059\u3002<\/p>\n<p>\u30ec\u30f3\u30b2\u3001\u8d64\u30ea\u30f3\u30b4\u3001\u30af\u30b3\u306e\u5b9f\u3001\u82b1\u3005\u306a\u3069\u306e\u6dbc\u3057\u3052\u3067\u512a\u3057\u3044\u9999\u308a\u304c\u3042\u3089\u3086\u308b\u60a9\u307f\u3092\u5439\u304d\u98db\u3070\u3057\u3001\u30ea\u30e9\u30c3\u30af\u30b9\u3068\u5b89\u3089\u304e\u3092\u3082\u305f\u3089\u3057\u3066\u304f\u308c\u308b\u304b\u306e\u3088\u3046\u3067\u3059\u3002\u512a\u3057\u3044\u304a\u8336\u306e\u98a8\u5473\u304c\u820c\u306b\u7e4a\u7d30\u306a\u4f59\u97fb\u3092\u6b8b\u3057\u307e\u3059\u3002<\/p>\n<p>\u7687\u5e1d\u5305\u9f8d\u8336\u3067\u3042\u306a\u305f\u3092\u9ec4\u91d1\u6642\u4ee3\u306b\u623b\u3057\u3001\u771f\u306e\u738b\u306e\u6c17\u5206\u3092\u4f53\u9a13\u3057\u3066\u304f\u3060\u3055\u3044\u3002\u300d<\/p>","protected":false},"excerpt":{"rendered":"<p>&#8220;Tr\u00e0 Ho\u00e0ng \u0110\u1ebf B\u1ea3o Long &#8211; H\u01b0\u01a1ng v\u1ecb ho\u00e0ng gia, tinh hoa Vi\u1ec7t Nam B\u1ea1n c\u00f3 mu\u1ed1n tr\u1ea3i nghi\u1ec7m c\u1ea3m<\/p>","protected":false},"featured_media":1708,"template":"","meta":[],"product_brand":[],"product_cat":[104],"product_tag":[],"class_list":{"0":"post-2951","1":"product","2":"type-product","3":"status-publish","4":"has-post-thumbnail","6":"product_cat-tra-thao-moc-bao-long","8":"first","9":"outofstock","10":"shipping-taxable","11":"product-type-simple"},"_links":{"self":[{"href":"https:\/\/saigon24.vn\/ja\/wp-json\/wp\/v2\/product\/2951","targetHints":{"allow":["GET"]}}],"collection":[{"href":"https:\/\/saigon24.vn\/ja\/wp-json\/wp\/v2\/product"}],"about":[{"href":"https:\/\/saigon24.vn\/ja\/wp-json\/wp\/v2\/types\/product"}],"version-history":[{"count":0,"href":"https:\/\/saigon24.vn\/ja\/wp-json\/wp\/v2\/product\/2951\/revisions"}],"wp:featuredmedia":[{"embeddable":true,"href":"https:\/\/saigon24.vn\/ja\/wp-json\/wp\/v2\/media\/1708"}],"wp:attachment":[{"href":"https:\/\/saigon24.vn\/ja\/wp-json\/wp\/v2\/media?parent=2951"}],"wp:term":[{"taxonomy":"product_brand","embeddable":true,"href":"https:\/\/saigon24.vn\/ja\/wp-json\/wp\/v2\/product_brand?post=2951"},{"taxonomy":"product_cat","embeddable":true,"href":"https:\/\/saigon24.vn\/ja\/wp-json\/wp\/v2\/product_cat?post=2951"},{"taxonomy":"product_tag","embeddable":true,"href":"https:\/\/saigon24.vn\/ja\/wp-json\/wp\/v2\/product_tag?post=2951"}],"curies":[{"name":"wp","href":"https:\/\/api.w.org\/{rel}","templated":true}]}}