{"id":2949,"date":"2024-09-18T04:06:33","date_gmt":"2024-09-18T04:06:33","guid":{"rendered":"https:\/\/saigon24.vn\/?post_type=product&#038;p=2949"},"modified":"2024-09-25T03:45:42","modified_gmt":"2024-09-25T03:45:42","slug":"tra-quy-tu-bao-long","status":"publish","type":"product","link":"https:\/\/saigon24.vn\/ja\/product\/tra-quy-tu-bao-long\/","title":{"rendered":"\u5305\u9f8d\u7d2b\u8336"},"content":{"rendered":"<p><strong>\u300c\u5b9d\u9f8d\u8cb4\u91cd\u7dd1\u8336 \u81ea\u7136\u907a\u7523\u300d<\/strong><\/p>\n<p>\u9759\u304b\u306a\u7a7a\u9593\u3067\u5305\u9f8d\u9ad8\u8cb4\u8336\u3092\u4e00\u53e3\u98f2\u3080\u3068\u3001\u4e00\u6ef4\u4e00\u6ef4\u306b\u6d17\u7df4\u3055\u3068\u512a\u96c5\u3055\u3092\u611f\u3058\u307e\u3059\u3002\u8cb4\u91cd\u306a\u30cf\u30fc\u30d6\u3067\u3042\u308b\u30de\u30f3\u30cd\u30f3\u30bf\u30b1\u3001\u30dd\u30ea\u30b7\u30a2\u30b9\u30fb\u30d5\u30eb\u30c6\u30a3\u30b3\u30b5\u3001\u7518\u8349\u3001\u8d64\u3044\u30dd\u30ea\u30b4\u30ca\u30e0\u30fb\u30de\u30eb\u30c1\u30d5\u30ed\u30fc\u30e9\u3092\u5b8c\u74a7\u306b\u7d44\u307f\u5408\u308f\u305b\u305f\u30d0\u30aa\u30ed\u30f3\u30fb\u30af\u30a4\u30c8\u30a5\u8336\u306f\u3001\u304a\u3044\u3057\u3044\u98a8\u5473\u3092\u3082\u305f\u3089\u3059\u3060\u3051\u3067\u306a\u304f\u3001\u5065\u5eb7\u3092\u5897\u9032\u3057\u3001\u8133\u306e\u8a18\u61b6\u529b\u3092\u9ad8\u3081\u3001\u808c\u3092\u82e5\u8fd4\u3089\u305b\u308b\u306e\u306b\u3082\u5f79\u7acb\u3061\u307e\u3059\u3002<\/p>\n<p class=\" translation-block\">\u305d\u308c\u305e\u308c\u306e\u304a\u8336\u306e\u30d1\u30c3\u30b1\u30fc\u30b8\u306b\u306f\u5929\u5730\u306e\u30a8\u30c3\u30bb\u30f3\u30b9\u304c\u542b\u307e\u308c\u3066\u304a\u308a\u3001\u30e6\u30fc\u30b6\u30fc\u306b\u7d20\u6674\u3089\u3057\u3044\u4f53\u9a13\u3092\u4e0e\u3048\u307e\u3059\u3002 GMP-WHO \u57fa\u6e96\u3092\u6e80\u305f\u3059\u751f\u7523\u30e9\u30a4\u30f3\u3067\u751f\u7523\u3055\u308c\u305f<strong>\u5305\u9f8d\u307f\u304b\u3093\u8336<\/strong>\u306f\u3001\u8cb4\u91cd\u306a\u6804\u990a\u7d20\u3068\u81ea\u7136\u306a\u98a8\u5473\u304c\u640d\u306a\u308f\u308c\u306a\u3044\u3088\u3046\u306b\u4fdd\u305f\u308c\u3066\u3044\u307e\u3059\u3002<\/p>\n<p>Bao Long Quy Tu Tea \u3092\u304a\u4f9b\u306b\u3001\u6bce\u65e5\u306e\u5065\u5eb7\u3092\u30b5\u30dd\u30fc\u30c8\u3057\u307e\u3057\u3087\u3046\u3002<\/p>","protected":false},"excerpt":{"rendered":"<p>&#8220;Tr\u00e0 qu\u00fd t\u1eed B\u1ea3o Long &#8211; Di s\u1ea3n t\u1eeb thi\u00ean nhi\u00ean&#8221; Trong kh\u00f4ng gian t\u0129nh l\u1eb7ng, nh\u1ea5p m\u1ed9t ng\u1ee5m Tr\u00e0<\/p>","protected":false},"featured_media":1699,"template":"","meta":[],"product_brand":[],"product_cat":[104],"product_tag":[],"class_list":{"0":"post-2949","1":"product","2":"type-product","3":"status-publish","4":"has-post-thumbnail","6":"product_cat-tra-thao-moc-bao-long","8":"first","9":"outofstock","10":"shipping-taxable","11":"product-type-simple"},"_links":{"self":[{"href":"https:\/\/saigon24.vn\/ja\/wp-json\/wp\/v2\/product\/2949","targetHints":{"allow":["GET"]}}],"collection":[{"href":"https:\/\/saigon24.vn\/ja\/wp-json\/wp\/v2\/product"}],"about":[{"href":"https:\/\/saigon24.vn\/ja\/wp-json\/wp\/v2\/types\/product"}],"version-history":[{"count":0,"href":"https:\/\/saigon24.vn\/ja\/wp-json\/wp\/v2\/product\/2949\/revisions"}],"wp:featuredmedia":[{"embeddable":true,"href":"https:\/\/saigon24.vn\/ja\/wp-json\/wp\/v2\/media\/1699"}],"wp:attachment":[{"href":"https:\/\/saigon24.vn\/ja\/wp-json\/wp\/v2\/media?parent=2949"}],"wp:term":[{"taxonomy":"product_brand","embeddable":true,"href":"https:\/\/saigon24.vn\/ja\/wp-json\/wp\/v2\/product_brand?post=2949"},{"taxonomy":"product_cat","embeddable":true,"href":"https:\/\/saigon24.vn\/ja\/wp-json\/wp\/v2\/product_cat?post=2949"},{"taxonomy":"product_tag","embeddable":true,"href":"https:\/\/saigon24.vn\/ja\/wp-json\/wp\/v2\/product_tag?post=2949"}],"curies":[{"name":"wp","href":"https:\/\/api.w.org\/{rel}","templated":true}]}}