{"id":2943,"date":"2024-09-18T04:06:31","date_gmt":"2024-09-18T04:06:31","guid":{"rendered":"https:\/\/saigon24.vn\/?post_type=product&#038;p=2943"},"modified":"2024-09-25T03:44:41","modified_gmt":"2024-09-25T03:44:41","slug":"tra-thao-moc-hoang-ky-bao-long","status":"publish","type":"product","link":"https:\/\/saigon24.vn\/ja\/product\/tra-thao-moc-hoang-ky-bao-long\/","title":{"rendered":"\u30db\u30a2\u30f3\u30ad\u30fc\u30cf\u30fc\u30d6\u30c6\u30a3\u30fc\u30d0\u30aa\u30ed\u30f3"},"content":{"rendered":"<p><strong>\u201cTR\u00c0 TH\u1ea2O M\u1ed8C HO\u00c0NG K\u1ef2 B\u1ea2O LONG &#8211; S\u1ef0 K\u1ebeT H\u1ee2P TUY\u1ec6T V\u1edcI CHO S\u1ee8C KH\u1eceE\u201d<\/strong><\/p>\n<p class=\" translation-block\">B\u1ea1n c\u00f3 bi\u1ebft r\u1eb1ng ch\u1ec9 v\u1edbi m\u1ed9t t\u00e1ch tr\u00e0, b\u1ea1n c\u00f3 th\u1ec3 mang l\u1ea1i s\u1ef1 c\u00e2n b\u1eb1ng v\u00e0 n\u0103ng l\u01b0\u1ee3ng cho c\u1ea3 c\u01a1 th\u1ec3 v\u00e0 t\u00e2m h\u1ed3n? <strong>Tr\u00e0 Th\u1ea3o M\u1ed9c Ho\u00e0ng K\u1ef3 B\u1ea3o Long <\/strong>ch\u00ednh l\u00e0 b\u00ed quy\u1ebft tuy\u1ec7t v\u1eddi \u0111\u1ec3 ch\u0103m s\u00f3c s\u1ee9c kh\u1ecfe m\u1ed9t c\u00e1ch t\u1ef1 nhi\u00ean v\u00e0 hi\u1ec7u qu\u1ea3 nh\u1ea5t!<\/p>\n<ol>\n<li class=\" translation-block\"><strong>Ho\u00e0ng K\u1ef3<\/strong>: \u0110\u01b0\u1ee3c bi\u1ebft \u0111\u1ebfn nh\u01b0 m\u1ed9t \u201cth\u1ea7n d\u01b0\u1ee3c\u201d trong \u0110\u00f4ng y, Ho\u00e0ng K\u1ef3 gi\u00fap t\u0103ng c\u01b0\u1eddng h\u1ec7 mi\u1ec5n d\u1ecbch, h\u1ed7 tr\u1ee3 tu\u1ea7n ho\u00e0n m\u00e1u v\u00e0 n\u00e2ng cao s\u1ee9c kh\u1ecfe to\u00e0n di\u1ec7n.<\/li>\n<li class=\" translation-block\"><strong>T\u00e1o \u0111\u1ecf<\/strong>: V\u1edbi v\u1ecb ng\u1ecdt thanh t\u1ef1 nhi\u00ean, \u0110\u1ea1i T\u00e1o kh\u00f4ng ch\u1ec9 gi\u00fap l\u00e0m d\u1ecbu c\u01a1 th\u1ec3, m\u00e0 c\u00f2n b\u1ed5 sung vitamin v\u00e0 kho\u00e1ng ch\u1ea5t, gi\u00fap t\u0103ng c\u01b0\u1eddng sinh l\u1ef1c, c\u1ea3i thi\u1ec7n ch\u1ee9c n\u0103ng ti\u00eau h\u00f3a.<\/li>\n<li class=\" translation-block\"><strong>C\u00e2u K\u1ef7 T\u1eed<\/strong>: Lo\u1ea1i qu\u1ea3 n\u00e0y n\u1ed5i ti\u1ebfng v\u1edbi c\u00f4ng d\u1ee5ng b\u1ed5 m\u1eaft, t\u0103ng c\u01b0\u1eddng s\u1ee9c kh\u1ecfe gan v\u00e0 th\u1eadn, \u0111\u1ed3ng th\u1eddi h\u1ed7 tr\u1ee3 l\u00e0m \u0111\u1eb9p da. C\u00e2u K\u1ef7 T\u1eed c\u00f2n \u0111\u01b0\u1ee3c bi\u1ebft \u0111\u1ebfn v\u1edbi kh\u1ea3 n\u0103ng ch\u1ed1ng oxy h\u00f3a m\u1ea1nh m\u1ebd, gi\u00fap b\u1ea1n duy tr\u00ec tu\u1ed5i xu\u00e2n.<\/li>\n<li class=\" translation-block\"><strong>Hoa H\u00f2e<\/strong>: \u0110\u01b0\u1ee3c s\u1eed d\u1ee5ng l\u00e2u \u0111\u1eddi trong y h\u1ecdc c\u1ed5 truy\u1ec1n, Hoa H\u00f2e gi\u00fap l\u00e0m m\u00e1t gan, h\u1ea1 huy\u1ebft \u00e1p v\u00e0 gi\u1ea3m nguy c\u01a1 m\u1eafc c\u00e1c b\u1ec7nh v\u1ec1 tim m\u1ea1ch. H\u01b0\u01a1ng th\u01a1m nh\u1eb9 nh\u00e0ng c\u1ee7a Hoa H\u00f2e c\u0169ng mang l\u1ea1i c\u1ea3m gi\u00e1c th\u01b0 gi\u00e3n tuy\u1ec7t \u0111\u1ed1i.<\/li>\n<\/ol>\n<p><strong>L\u1ee3i \u00cdch V\u01b0\u1ee3t Tr\u1ed9i T\u1eeb T\u1ef1 Nhi\u00ean<\/strong><\/p>\n<ul>\n<li class=\" translation-block\"><strong>T\u0103ng C\u01b0\u1eddng S\u1ee9c Kh\u1ecfe<\/strong>: S\u1ef1 k\u1ebft h\u1ee3p gi\u1eefa c\u00e1c th\u00e0nh ph\u1ea7n th\u1ea3o d\u01b0\u1ee3c gi\u00fap n\u00e2ng cao s\u1ee9c \u0111\u1ec1 kh\u00e1ng, c\u1ea3i thi\u1ec7n tu\u1ea7n ho\u00e0n m\u00e1u v\u00e0 mang l\u1ea1i cho b\u1ea1n m\u1ed9t c\u01a1 th\u1ec3 kh\u1ecfe m\u1ea1nh.<\/li>\n<li class=\" translation-block\"><strong>Th\u01b0 Gi\u00e3n T\u00e2m H\u1ed3n<\/strong>: H\u01b0\u01a1ng th\u01a1m d\u1ecbu nh\u1eb9 t\u1eeb Hoa H\u00f2e k\u1ebft h\u1ee3p v\u1edbi v\u1ecb ng\u1ecdt thanh c\u1ee7a \u0110\u1ea1i T\u00e1o gi\u00fap gi\u1ea3i t\u1ecfa c\u0103ng th\u1eb3ng, \u0111em l\u1ea1i gi\u1ea5c ng\u1ee7 ngon v\u00e0 s\u00e2u.<\/li>\n<li class=\" translation-block\"><strong>Ti\u1ec7n L\u1ee3i, Nhanh Ch\u00f3ng<\/strong>: Ch\u1ec9 c\u1ea7n v\u00e0i ph\u00fat, b\u1ea1n \u0111\u00e3 c\u00f3 ngay m\u1ed9t ly tr\u00e0 th\u01a1m ngon, b\u1ed5 d\u01b0\u1ee1ng, th\u00edch h\u1ee3p cho m\u1ecdi th\u1eddi \u0111i\u1ec3m trong ng\u00e0y.<\/li>\n<\/ul>\n<p class=\" translation-block\">H\u00e3y \u0111\u1ec3 <strong>Tr\u00e0 Th\u1ea3o M\u1ed9c Ho\u00e0ng K\u1ef3 B\u1ea3o Long<\/strong> \u0111\u1ed3ng h\u00e0nh c\u00f9ng b\u1ea1n tr\u00ean h\u00e0nh tr\u00ecnh ch\u0103m s\u00f3c s\u1ee9c kh\u1ecfe v\u00e0 t\u1eadn h\u01b0\u1edfng cu\u1ed9c s\u1ed1ng. M\u1ed9t t\u00e1ch tr\u00e0 m\u1ed7i ng\u00e0y, b\u1ea1n s\u1ebd c\u1ea3m nh\u1eadn \u0111\u01b0\u1ee3c s\u1ef1 kh\u00e1c bi\u1ec7t t\u00edch c\u1ef1c t\u1eeb b\u00ean trong.<\/p>\n<p><strong>\u0110\u1eb7t h\u00e0ng ngay h\u00f4m nay \u0111\u1ec3 tr\u1ea3i nghi\u1ec7m s\u1ef1 tuy\u1ec7t v\u1eddi t\u1eeb thi\u00ean nhi\u00ean v\u00e0 nh\u1eadn \u01b0u \u0111\u00e3i \u0111\u1eb7c bi\u1ec7t!<\/strong><\/p>\n<p>&nbsp;<\/p>","protected":false},"excerpt":{"rendered":"<p class=\" translation-block\"><strong>Tr\u00e0 Th\u1ea3o M\u1ed9c Ho\u00e0ng K\u1ef3 B\u1ea3o Long <\/strong>ch\u00ednh l\u00e0 b\u00ed quy\u1ebft tuy\u1ec7t v\u1eddi \u0111\u1ec3 ch\u0103m s\u00f3c s\u1ee9c kh\u1ecfe m\u1ed9t c\u00e1ch t\u1ef1 nhi\u00ean v\u00e0 hi\u1ec7u qu\u1ea3 nh\u1ea5t!<\/p>","protected":false},"featured_media":1673,"template":"","meta":[],"product_brand":[],"product_cat":[104],"product_tag":[],"class_list":{"0":"post-2943","1":"product","2":"type-product","3":"status-publish","4":"has-post-thumbnail","6":"product_cat-tra-thao-moc-bao-long","8":"first","9":"instock","10":"shipping-taxable","11":"purchasable","12":"product-type-simple"},"_links":{"self":[{"href":"https:\/\/saigon24.vn\/ja\/wp-json\/wp\/v2\/product\/2943","targetHints":{"allow":["GET"]}}],"collection":[{"href":"https:\/\/saigon24.vn\/ja\/wp-json\/wp\/v2\/product"}],"about":[{"href":"https:\/\/saigon24.vn\/ja\/wp-json\/wp\/v2\/types\/product"}],"version-history":[{"count":0,"href":"https:\/\/saigon24.vn\/ja\/wp-json\/wp\/v2\/product\/2943\/revisions"}],"wp:featuredmedia":[{"embeddable":true,"href":"https:\/\/saigon24.vn\/ja\/wp-json\/wp\/v2\/media\/1673"}],"wp:attachment":[{"href":"https:\/\/saigon24.vn\/ja\/wp-json\/wp\/v2\/media?parent=2943"}],"wp:term":[{"taxonomy":"product_brand","embeddable":true,"href":"https:\/\/saigon24.vn\/ja\/wp-json\/wp\/v2\/product_brand?post=2943"},{"taxonomy":"product_cat","embeddable":true,"href":"https:\/\/saigon24.vn\/ja\/wp-json\/wp\/v2\/product_cat?post=2943"},{"taxonomy":"product_tag","embeddable":true,"href":"https:\/\/saigon24.vn\/ja\/wp-json\/wp\/v2\/product_tag?post=2943"}],"curies":[{"name":"wp","href":"https:\/\/api.w.org\/{rel}","templated":true}]}}