{"id":2941,"date":"2024-09-18T04:06:30","date_gmt":"2024-09-18T04:06:30","guid":{"rendered":"https:\/\/saigon24.vn\/?post_type=product&#038;p=2941"},"modified":"2024-09-25T03:44:41","modified_gmt":"2024-09-25T03:44:41","slug":"tra-thao-moc-hac-ky-tu-bao-long","status":"publish","type":"product","link":"https:\/\/saigon24.vn\/ja\/product\/tra-thao-moc-hac-ky-tu-bao-long\/","title":{"rendered":"\u30d0\u30aa\u30ed\u30f3\u30d6\u30e9\u30c3\u30af\u30b8\u30e0\u30cf\u30fc\u30d6\u30c6\u30a3\u30fc"},"content":{"rendered":"<p class=\" translation-block\"><strong>\u201cTR\u00c0 TH\u1ea2O M\u1ed8C H\u1eaeC K\u1ef6 T\u1eec B\u1ea2O LONG<\/strong> \u2013 <strong>L\u1ef0A CH\u1eccN HO\u00c0N H\u1ea2O CHO CU\u1ed8C S\u1ed0NG HI\u1ec6N \u0110\u1ea0I\u201d<\/strong><\/p>\n<p class=\" translation-block\">B\u1ea1n \u0111\u00e3 t\u1eebng nghe v\u1ec1 H\u1eafc k\u1ef7 t\u1eed \u2013 \u201cVi\u00ean ng\u1ecdc \u0111en\u201d c\u1ee7a thi\u00ean nhi\u00ean ch\u01b0a? H\u00e3y kh\u00e1m ph\u00e1 ngay <strong>Tr\u00e0 Th\u1ea3o M\u1ed9c H\u1eafc K\u1ef7 T\u1eed B\u1ea3o Long<\/strong>, s\u1ea3n ph\u1ea9m ch\u0103m s\u00f3c s\u1ee9c kh\u1ecfe v\u00e0 s\u1eafc \u0111\u1eb9p t\u1eeb nh\u1eefng d\u01b0\u1ee1ng ch\u1ea5t qu\u00fd gi\u00e1 nh\u1ea5t!<\/p>\n<p class=\" translation-block\"><strong>V\u00ec Sao B\u1ea1n N\u00ean Ch\u1ecdn <\/strong><strong>Tr\u00e0 Th\u1ea3o M\u1ed9c H\u1eafc K\u1ef7 T\u1eed B\u1ea3o Long<\/strong><strong>?<\/strong><\/p>\n<ol>\n<li class=\" translation-block\"><strong>Ch\u1ee9a Nhi\u1ec1u Ch\u1ea5t Ch\u1ed1ng Oxy H\u00f3a<\/strong>: H\u1eafc k\u1ef7 t\u1eed n\u1ed5i ti\u1ebfng v\u1edbi h\u00e0m l\u01b0\u1ee3ng ch\u1ea5t ch\u1ed1ng oxy h\u00f3a cao, gi\u00fap b\u1ea3o v\u1ec7 c\u01a1 th\u1ec3 kh\u1ecfi c\u00e1c g\u1ed1c t\u1ef1 do, l\u00e0m ch\u1eadm qu\u00e1 tr\u00ecnh l\u00e3o h\u00f3a v\u00e0 gi\u1eef g\u00ecn l\u00e0n da lu\u00f4n t\u01b0\u01a1i tr\u1ebb.<\/li>\n<li class=\" translation-block\"><strong>T\u0103ng C\u01b0\u1eddng Th\u1ecb L\u1ef1c<\/strong>: Trong h\u1eafc k\u1ef7 t\u1eed c\u00f3 ch\u1ee9a zeaxanthin, m\u1ed9t h\u1ee3p ch\u1ea5t t\u1ef1 nhi\u00ean gi\u00fap b\u1ea3o v\u1ec7 m\u1eaft, c\u1ea3i thi\u1ec7n th\u1ecb l\u1ef1c, v\u00e0 ng\u0103n ng\u1eeba c\u00e1c b\u1ec7nh v\u1ec1 m\u1eaft nh\u01b0 tho\u00e1i h\u00f3a \u0111i\u1ec3m v\u00e0ng.<\/li>\n<li class=\" translation-block\"><strong>H\u1ed7 Tr\u1ee3 H\u1ec7 Mi\u1ec5n D\u1ecbch<\/strong>: V\u1edbi c\u00e1c vitamin v\u00e0 kho\u00e1ng ch\u1ea5t phong ph\u00fa, tr\u00e0 h\u1eafc k\u1ef7 t\u1eed gi\u00fap t\u0103ng c\u01b0\u1eddng h\u1ec7 mi\u1ec5n d\u1ecbch, gi\u1eef cho c\u01a1 th\u1ec3 lu\u00f4n kh\u1ecfe m\u1ea1nh, ch\u1ed1ng l\u1ea1i c\u00e1c b\u1ec7nh t\u1eadt th\u00f4ng th\u01b0\u1eddng.<\/li>\n<li class=\" translation-block\"><strong>H\u01b0\u01a1ng V\u1ecb Th\u01a1m Ngon, D\u1ec5 U\u1ed1ng<\/strong>: V\u1edbi v\u1ecb ng\u1ecdt nh\u1eb9 t\u1ef1 nhi\u00ean t\u1eeb <strong>C\u1ecf ng\u1ecdt<\/strong> v\u00e0 h\u01b0\u01a1ng th\u01a1m d\u1ecbu d\u00e0ng, <strong>Tr\u00e0 Th\u1ea3o M\u1ed9c H\u1eafc K\u1ef7 T\u1eed B\u1ea3o Long<\/strong> kh\u00f4ng ch\u1ec9 l\u00e0 m\u1ed9t lo\u1ea1i th\u1ee9c u\u1ed1ng b\u1ed5 d\u01b0\u1ee1ng m\u00e0 c\u00f2n l\u00e0 m\u1ed9t tr\u1ea3i nghi\u1ec7m th\u01b0 gi\u00e3n tinh th\u1ea7n tuy\u1ec7t v\u1eddi.<\/li>\n<\/ol>\n<p>\u0110\u1eebng \u0111\u1ec3 c\u00f4ng vi\u1ec7c b\u1eadn r\u1ed9n v\u00e0 \u00e1p l\u1ef1c cu\u1ed9c s\u1ed1ng l\u00e0m b\u1ea1n qu\u00ean \u0111i vi\u1ec7c ch\u0103m s\u00f3c b\u1ea3n th\u00e2n. V\u1edbi thi\u1ebft k\u1ebf t\u00fai l\u1ecdc ti\u1ec7n l\u1ee3i, b\u1ea1n ch\u1ec9 c\u1ea7n v\u00e0i ph\u00fat m\u1ed7i ng\u00e0y \u0111\u1ec3 t\u1eadn h\u01b0\u1edfng ly tr\u00e0 b\u1ed5 d\u01b0\u1ee1ng v\u00e0 d\u1ec5 d\u00e0ng mang theo m\u1ecdi l\u00fac, m\u1ecdi n\u01a1i.<\/p>\n<p><strong>H\u00e3y \u0111\u1eb7t h\u00e0ng ngay h\u00f4m nay \u0111\u1ec3 tr\u1ea3i nghi\u1ec7m s\u1ef1 kh\u00e1c bi\u1ec7t!<\/strong><\/p>\n<p>&nbsp;<\/p>","protected":false},"excerpt":{"rendered":"<p>\u201cTR\u00c0 TH\u1ea2O M\u1ed8C H\u1eaeC K\u1ef6 T\u1eec B\u1ea2O LONG &#8211; L\u1ef0A CH\u1eccN HO\u00c0N H\u1ea2O CHO CU\u1ed8C S\u1ed0NG HI\u1ec6N \u0110\u1ea0I\u201d B\u1ea1n \u0111\u00e3<\/p>","protected":false},"featured_media":1665,"template":"","meta":[],"product_brand":[],"product_cat":[104],"product_tag":[],"class_list":{"0":"post-2941","1":"product","2":"type-product","3":"status-publish","4":"has-post-thumbnail","6":"product_cat-tra-thao-moc-bao-long","8":"first","9":"instock","10":"shipping-taxable","11":"purchasable","12":"product-type-simple"},"_links":{"self":[{"href":"https:\/\/saigon24.vn\/ja\/wp-json\/wp\/v2\/product\/2941","targetHints":{"allow":["GET"]}}],"collection":[{"href":"https:\/\/saigon24.vn\/ja\/wp-json\/wp\/v2\/product"}],"about":[{"href":"https:\/\/saigon24.vn\/ja\/wp-json\/wp\/v2\/types\/product"}],"version-history":[{"count":0,"href":"https:\/\/saigon24.vn\/ja\/wp-json\/wp\/v2\/product\/2941\/revisions"}],"wp:featuredmedia":[{"embeddable":true,"href":"https:\/\/saigon24.vn\/ja\/wp-json\/wp\/v2\/media\/1665"}],"wp:attachment":[{"href":"https:\/\/saigon24.vn\/ja\/wp-json\/wp\/v2\/media?parent=2941"}],"wp:term":[{"taxonomy":"product_brand","embeddable":true,"href":"https:\/\/saigon24.vn\/ja\/wp-json\/wp\/v2\/product_brand?post=2941"},{"taxonomy":"product_cat","embeddable":true,"href":"https:\/\/saigon24.vn\/ja\/wp-json\/wp\/v2\/product_cat?post=2941"},{"taxonomy":"product_tag","embeddable":true,"href":"https:\/\/saigon24.vn\/ja\/wp-json\/wp\/v2\/product_tag?post=2941"}],"curies":[{"name":"wp","href":"https:\/\/api.w.org\/{rel}","templated":true}]}}