{"id":2937,"date":"2024-09-18T04:06:29","date_gmt":"2024-09-18T04:06:29","guid":{"rendered":"https:\/\/saigon24.vn\/?post_type=product&#038;p=2937"},"modified":"2024-09-25T03:44:41","modified_gmt":"2024-09-25T03:44:41","slug":"tra-thao-moc-diep-ha-chau-bao-long","status":"publish","type":"product","link":"https:\/\/saigon24.vn\/ja\/product\/tra-thao-moc-diep-ha-chau-bao-long\/","title":{"rendered":"\u30c1\u30e3\u30a6\u30c1\u30e3\u30a6\u30d0\u30aa\u30ed\u30f3\u30b0\u30cf\u30fc\u30d6\u30c6\u30a3\u30fc"},"content":{"rendered":"<p class=\" translation-block\"><strong>\u201cTR\u00c0 TH\u1ea2O M\u1ed8C DI\u1ec6P H\u1ea0 CH\u00c2U B\u1ea2O LONG \u2013 <\/strong><strong>B\u00cd QUY\u1ebeT T\u1eea THI\u00caN NHI\u00caN, CH\u0102M S\u00d3C GAN, B\u1ea2O V\u1ec6 S\u1ee8C KH\u1eceE!\u201d<\/strong><\/p>\n<p>B\u1ea1n \u0111ang t\u00ecm ki\u1ebfm m\u1ed9t gi\u1ea3i ph\u00e1p t\u1ef1 nhi\u00ean \u0111\u1ec3 thanh l\u1ecdc c\u01a1 th\u1ec3 v\u00e0 b\u1ea3o v\u1ec7 gan? Tr\u00e0 th\u1ea3o m\u1ed9c Di\u1ec7p H\u1ea1 Ch\u00e2u ch\u00ednh l\u00e0 l\u1ef1a ch\u1ecdn ho\u00e0n h\u1ea3o d\u00e0nh cho b\u1ea1n!<\/p>\n<p><strong>\u88fd\u54c1\u7d39\u4ecb<\/strong><\/p>\n<p class=\" translation-block\"><strong>Tr\u00e0 Th\u1ea3o m\u1ed9c Di\u1ec7p H\u1ea1 Ch\u00e2u<\/strong> <strong>B\u1ea3o Long <\/strong>c\u00f3 c\u00f4ng d\u1ee5ng tuy\u1ec7t v\u1eddi trong vi\u1ec7c h\u1ed7 tr\u1ee3 gi\u1ea3i \u0111\u1ed9c gan, h\u1ed7 tr\u1ee3 ti\u00eau h\u00f3a v\u00e0 t\u0103ng c\u01b0\u1eddng s\u1ee9c \u0111\u1ec1 kh\u00e1ng. V\u1edbi c\u00f4ng ngh\u1ec7 s\u1ea3n xu\u1ea5t hi\u1ec7n \u0111\u1ea1i, s\u1ea3n ph\u1ea9m gi\u1eef nguy\u00ean \u0111\u01b0\u1ee3c nh\u1eefng d\u01b0\u1ee1ng ch\u1ea5t tinh t\u00fay c\u1ee7a Di\u1ec7p H\u1ea1 Ch\u00e2u, mang \u0111\u1ebfn cho b\u1ea1n ly tr\u00e0 th\u01a1m ngon v\u00e0 b\u1ed5 d\u01b0\u1ee1ng.<\/p>\n<p><strong>\u7d20\u6674\u3089\u3057\u3044\u7528\u9014<\/strong><\/p>\n<ul>\n<li class=\" translation-block\"><strong>\u809d\u81d3\u89e3\u6bd2<\/strong> : \u809d\u6a5f\u80fd\u3092\u30b5\u30dd\u30fc\u30c8\u3057\u3001\u30a2\u30eb\u30b3\u30fc\u30eb\u3001\u30bf\u30d0\u30b3\u3001\u74b0\u5883\u6c5a\u67d3\u306b\u3088\u308b\u6709\u5bb3\u306a\u5f71\u97ff\u304b\u3089\u809d\u81d3\u3092\u4fdd\u8b77\u3057\u307e\u3059\u3002<\/li>\n<li class=\" translation-block\"><strong>\u4f53\u306e\u6d44\u5316<\/strong>: \u4f53\u5185\u306b\u84c4\u7a4d\u3055\u308c\u305f\u6bd2\u7d20\u3092\u9664\u53bb\u3057\u3001\u4f53\u306e\u71b1\u3068\u6392\u5c3f\u6642\u306e\u75db\u307f\u3092\u8efd\u6e1b\u3057\u3001\u3088\u308a\u5065\u5eb7\u3067\u82e5\u3005\u3057\u3044\u6c17\u5206\u306b\u3055\u305b\u307e\u3059\u3002<\/li>\n<li class=\" translation-block\">\u30de\u30a4\u30eb\u30c9\u306a\u7518\u3055\u306e<strong>\u30b9\u30c6\u30d3\u30a2<\/strong>\u306b\u306f\u30ab\u30ed\u30ea\u30fc\u304c\u542b\u307e\u308c\u3066\u3044\u306a\u3044\u305f\u3081\u3001\u7279\u306b\u4f53\u91cd\u3092\u6e1b\u3089\u3057\u305f\u3044\u4eba\u3001\u7cd6\u5c3f\u75c5\u3001\u9ad8\u8840\u5727\u3001\u5fc3\u81d3\u8840\u7ba1\u75be\u60a3\u306e\u3042\u308b\u4eba\u306b\u975e\u5e38\u306b\u4eba\u6c17\u304c\u3042\u308a\u307e\u3059\u3002<\/li>\n<li>Th\u00e0nh ph\u1ea7n c\u00f2n ch\u1ee9a Th\u1ea3o quy\u1ebft minh, Hoa h\u00f2e: b\u1ec1n m\u1ea1ch m\u00e1u, thanh nhi\u1ec7t<\/li>\n<\/ul>\n<p><strong>\u4f7f\u3044\u3084\u3059\u3044<\/strong><\/p>\n<p>\u4fbf\u5229\u306a\u30d5\u30a3\u30eb\u30bf\u30fc\u30d0\u30c3\u30b0\u306e\u30c7\u30b6\u30a4\u30f3\u306b\u3088\u308a\u3001\u30c6\u30a3\u30fc\u30d0\u30c3\u30b0\u3092\u6cb8\u9a30\u3057\u305f\u304a\u6e6f\u306b\u5165\u308c\u30665\u301c8\u5206\u9593\u5f85\u3064\u3060\u3051\u3067\u3001\u3059\u3050\u306b\u7f8e\u5473\u3057\u304f\u3066\u6804\u990a\u4fa1\u306e\u9ad8\u3044\u304a\u8336\u3092\u304a\u697d\u3057\u307f\u3044\u305f\u3060\u3051\u307e\u3059\u3002\u30aa\u30d5\u30a3\u30b9\u3001\u81ea\u5b85\u3001\u9577\u671f\u65c5\u884c\u306a\u3069\u3001\u3044\u3064\u3067\u3082\u3069\u3053\u3067\u3082\u4f7f\u7528\u3067\u304d\u307e\u3059\u3002<\/p>\n<p><strong>\u4fdd\u8a3c\u3055\u308c\u305f\u54c1\u8cea<\/strong><\/p>\n<p>\u88fd\u54c1\u306f\u53b3\u5bc6\u306b\u54c1\u8cea\u691c\u67fb\u3055\u308c\u3066\u304a\u308a\u3001\u4fdd\u5b58\u6599\u3001\u4eba\u5de5\u7740\u8272\u6599\u3001\u9999\u6599\u306f\u542b\u307e\u308c\u3066\u3044\u307e\u305b\u3093\u3002\u6bce\u65e5\u306e\u3054\u4f7f\u7528\u3067\u3082\u5b89\u5fc3\u3057\u3066\u3054\u4f7f\u7528\u3044\u305f\u3060\u3051\u307e\u3059\u3002<\/p>\n<p><strong>\u4eca\u65e5\u3082\u5065\u5eb7\u3092\u5b88\u308a\u307e\u3057\u3087\u3046\uff01<\/strong><\/p>","protected":false},"excerpt":{"rendered":"<p>\u201cTR\u00c0 TH\u1ea2O M\u1ed8C DI\u1ec6P H\u1ea0 CH\u00c2U B\u1ea2O LONG &#8211; B\u00cd QUY\u1ebeT T\u1eea THI\u00caN NHI\u00caN, CH\u0102M S\u00d3C GAN, B\u1ea2O V\u1ec6 S\u1ee8C<\/p>","protected":false},"featured_media":1649,"template":"","meta":[],"product_brand":[],"product_cat":[104],"product_tag":[],"class_list":{"0":"post-2937","1":"product","2":"type-product","3":"status-publish","4":"has-post-thumbnail","6":"product_cat-tra-thao-moc-bao-long","8":"first","9":"instock","10":"shipping-taxable","11":"purchasable","12":"product-type-simple"},"_links":{"self":[{"href":"https:\/\/saigon24.vn\/ja\/wp-json\/wp\/v2\/product\/2937","targetHints":{"allow":["GET"]}}],"collection":[{"href":"https:\/\/saigon24.vn\/ja\/wp-json\/wp\/v2\/product"}],"about":[{"href":"https:\/\/saigon24.vn\/ja\/wp-json\/wp\/v2\/types\/product"}],"version-history":[{"count":0,"href":"https:\/\/saigon24.vn\/ja\/wp-json\/wp\/v2\/product\/2937\/revisions"}],"wp:featuredmedia":[{"embeddable":true,"href":"https:\/\/saigon24.vn\/ja\/wp-json\/wp\/v2\/media\/1649"}],"wp:attachment":[{"href":"https:\/\/saigon24.vn\/ja\/wp-json\/wp\/v2\/media?parent=2937"}],"wp:term":[{"taxonomy":"product_brand","embeddable":true,"href":"https:\/\/saigon24.vn\/ja\/wp-json\/wp\/v2\/product_brand?post=2937"},{"taxonomy":"product_cat","embeddable":true,"href":"https:\/\/saigon24.vn\/ja\/wp-json\/wp\/v2\/product_cat?post=2937"},{"taxonomy":"product_tag","embeddable":true,"href":"https:\/\/saigon24.vn\/ja\/wp-json\/wp\/v2\/product_tag?post=2937"}],"curies":[{"name":"wp","href":"https:\/\/api.w.org\/{rel}","templated":true}]}}