{"id":2869,"date":"2024-09-18T04:06:05","date_gmt":"2024-09-18T04:06:05","guid":{"rendered":"https:\/\/saigon24.vn\/?post_type=product&#038;p=2869"},"modified":"2024-09-27T03:50:10","modified_gmt":"2024-09-27T03:50:10","slug":"ca-phe-hoa-tan-dreamland-probiotic-vi-thao-moc","status":"publish","type":"product","link":"https:\/\/saigon24.vn\/ja\/product\/ca-phe-hoa-tan-dreamland-probiotic-vi-thao-moc\/","title":{"rendered":"\u30c9\u30ea\u30fc\u30e0\u30e9\u30f3\u30c9 \u30d7\u30ed\u30d0\u30a4\u30aa\u30c6\u30a3\u30c3\u30af \u30a4\u30f3\u30b9\u30bf\u30f3\u30c8 \u30b3\u30fc\u30d2\u30fc \u30cf\u30fc\u30d6 \u30d5\u30ec\u30fc\u30d0\u30fc"},"content":{"rendered":"<p style=\"text-align: left\"><strong>\u30c9\u30ea\u30fc\u30e0\u30e9\u30f3\u30c9 \u30d7\u30ed\u30d0\u30a4\u30aa\u30c6\u30a3\u30c3\u30af \u30cf\u30fc\u30d0\u30eb \u30d5\u30ec\u30fc\u30d0\u30fc: \u304a\u3044\u3057\u3044\u30b3\u30fc\u30d2\u30fc\u3001\u300c\u5065\u5eb7\u306a\u8178\u300d - \u30b3\u30fc\u30d2\u30fc\u611b\u597d\u5bb6\u306e\u6d88\u5316\u5668\u7cfb\u306e\u79d8\u5bc6<\/strong><\/p>\n<p>\u8178\u306e\u5065\u5eb7\u3092\u30b5\u30dd\u30fc\u30c8\u3057\u3001\u751f\u200b\u200b\u6d3b\u306e\u8cea\u3092\u5411\u4e0a\u3055\u305b\u307e\u3059<\/p>\n<p>\u3042\u306a\u305f\u306f\u30b3\u30fc\u30d2\u30fc\u306e\u30d5\u30a1\u30f3\u3067\u3059\u304c\u3001\u6d88\u5316\u5668\u7cfb\u3078\u306e\u60aa\u5f71\u97ff\u3092\u5fc3\u914d\u3057\u3066\u3044\u307e\u3059\u304b?\u5fc3\u914d\u3057\u306a\u3044\u3067\u304f\u3060\u3055\u3044\u3002\u30c9\u30ea\u30fc\u30e0\u30e9\u30f3\u30c9 \u30d7\u30ed\u30d0\u30a4\u30aa\u30c6\u30a3\u30c3\u30af \u30cf\u30fc\u30d0\u30eb \u30d5\u30ec\u30fc\u30d0\u30fc\u306f\u3001\u8c4a\u304b\u306a\u30b3\u30fc\u30d2\u30fc\u306e\u30d5\u30ec\u30fc\u30d0\u30fc\u3068\u6d88\u5316\u5668\u306e\u5065\u5eb7\u306b\u826f\u3044\u7279\u5225\u306a\u30d5\u30a9\u30fc\u30df\u30e5\u30e9\u306e\u5b8c\u74a7\u306a\u7d44\u307f\u5408\u308f\u305b\u3067\u3059\u3002<\/p>\n<p><strong>\u304a\u3044\u3057\u3044\u30b3\u30fc\u30d2\u30fc\u3001\u300c\u8178\u3092\u5143\u6c17\u306b\u3059\u308b\u300d\u305d\u306e\u79d8\u5bc6\u306f\u3069\u3053\u306b\u3042\u308b\u306e\u3067\u3057\u3087\u3046\u304b\uff1f<\/strong><\/p>\n<ul>\n<li class=\" translation-block\">\u300c\u5584\u7389\u83cc\u300d \u30e9\u30af\u30c8\u30a4\u30ab\u30bb\u30a4\u30d0\u30c1\u30eb\u30b9 \u30d1\u30e9\u30ab\u30bc\u30a4\u3092<strong>100 \u5104<\/strong>\u500b\u88dc\u7d66\u3059\u308b\u3053\u3068\u3067\u3001\u8178\u5185\u7d30\u83cc\u53e2\u306e\u30d0\u30e9\u30f3\u30b9\u3092\u6574\u3048\u3001\u62b5\u6297\u529b\u3092\u9ad8\u3081\u3001\u6d88\u5316\u30d7\u30ed\u30bb\u30b9\u3092\u30b5\u30dd\u30fc\u30c8\u3057\u307e\u3059\u3002<\/li>\n<li class=\" translation-block\">\u30b3\u30b3\u30ca\u30c3\u30c4\u30aa\u30a4\u30eb<\/strong>\u304b\u3089\u306e<strong>\u30a4\u30bd\u30de\u30eb\u30c8\u3068<\/strong>\u5438\u53ce\u3055\u308c\u3084\u3059\u3044\u8102\u80aa\u306f\u3001\u7d20\u65e9\u304f\u30a8\u30cd\u30eb\u30ae\u30fc\u3092\u63d0\u4f9b\u3057\u3001\u4ee3\u8b1d\u3092\u30b5\u30dd\u30fc\u30c8\u3057\u3001\u52b9\u679c\u7684\u306b\u4f53\u91cd\u3092\u30b3\u30f3\u30c8\u30ed\u30fc\u30eb\u3059\u308b\u306e\u306b\u5f79\u7acb\u3061\u3001\u4f53\u91cd\u5897\u52a0\u3092\u5fc3\u914d\u305b\u305a\u306b\u30b3\u30fc\u30d2\u30fc\u3092\u697d\u3057\u3080\u3053\u3068\u304c\u3067\u304d\u308b\u3068\u4fe1\u3058\u3066\u304f\u3060\u3055\u3044\u3002<\/li>\n<li class=\" translation-block\"><strong>\u7267\u8349\u3067\u80b2\u3066\u3089\u308c\u305f\u725b\u306e\u51ac\u866b\u590f\u8349\u3068\u30d0\u30bf\u30fc:<\/strong> \u8cb4\u91cd\u306a\u6804\u990a\u7d20\u3092\u88dc\u7d66\u3057\u3001\u5168\u4f53\u7684\u306a\u5065\u5eb7\u72b6\u614b\u3092\u9ad8\u3081\u3001\u62b5\u6297\u529b\u3092\u5411\u4e0a\u3055\u305b\u3001\u30a8\u30cd\u30eb\u30ae\u30fc\u306b\u6e80\u3061\u305f\u65b0\u3057\u3044\u4e00\u65e5\u3092\u3082\u305f\u3089\u3057\u307e\u3059\u3002<\/li>\n<\/ul>\n<p><strong>\u30c9\u30ea\u30fc\u30e0\u30e9\u30f3\u30c9 \u30d7\u30ed\u30d0\u30a4\u30aa\u30c6\u30a3\u30c3\u30af \u30cf\u30fc\u30d0\u30eb \u30d5\u30ec\u30fc\u30d0\u30fc \u2013 \u30b3\u30fc\u30d2\u30fc\u611b\u597d\u5bb6\u306b\u6700\u9069:<\/strong><\/p>\n<ul>\n<li class=\" translation-block\"><strong>\u7f8e\u5473\u3057\u304f\u3066\u8c4a\u304b\u306a\u30b3\u30fc\u30d2\u30fc\u306e\u98a8\u5473:<\/strong> \u3059\u3079\u3066\u306e\u611f\u899a\u3092\u76ee\u899a\u3081\u3055\u305b\u3001\u7d20\u6674\u3089\u3057\u3044\u30b3\u30fc\u30d2\u30fc\u4f53\u9a13\u3092\u63d0\u4f9b\u3057\u307e\u3059\u3002<\/li>\n<li class=\" translation-block\"><strong>\u6d88\u5316\u5668\u7cfb\u306b\u826f\u3044:<\/strong> \u30d7\u30ed\u30d0\u30a4\u30aa\u30c6\u30a3\u30af\u30b9\u3068\u30cf\u30fc\u30d6\u3092\u7279\u5225\u306b\u914d\u5408\u3057\u3001\u6700\u9069\u306a\u8178\u306e\u5065\u5eb7\u3092\u30b5\u30dd\u30fc\u30c8\u3057\u307e\u3059\u3002<\/li>\n<li class=\" translation-block\"><strong>\u5929\u7136\u6804\u990a\u7d20:<\/strong> \u30a8\u30cd\u30eb\u30ae\u30fc\u3092\u88dc\u7d66\u3057\u3001\u5065\u5eb7\u3092\u6539\u5584\u3057\u3001\u4f53\u91cd\u3092\u30b3\u30f3\u30c8\u30ed\u30fc\u30eb\u3057\u307e\u3059\u3002<\/li>\n<li class=\" translation-block\"><strong>\u4fbf\u5229\u3067\u6e96\u5099\u3082\u7c21\u5358: \u3044\u3064\u3067\u3082\u3069\u3053\u3067\u3082\u304a\u697d\u3057\u307f\u3044\u305f\u3060\u3051\u3001\u5fd9\u3057\u3044\u30e9\u30a4\u30d5\u30b9\u30bf\u30a4\u30eb\u306b\u6700\u9069\u3067\u3059\u3002<\/li>\n<\/ul>\n<p><strong>\u6d88\u5316\u5668\u7cfb\u3092\u5fc3\u914d\u3057\u3066\u30b3\u30fc\u30d2\u30fc\u3092\u697d\u3057\u3080\u306e\u3092\u3084\u3081\u306a\u3044\u3067\u304f\u3060\u3055\u3044\u3002\u4eca\u3059\u3050\u30c9\u30ea\u30fc\u30e0\u30e9\u30f3\u30c9 \u30d7\u30ed\u30d0\u30a4\u30aa\u30c6\u30a3\u30c3\u30af \u30cf\u30fc\u30d0\u30eb \u30a4\u30f3\u30b9\u30bf\u30f3\u30c8 \u30b3\u30fc\u30d2\u30fc\u3092\u304a\u9078\u3073\u304f\u3060\u3055\u3044\u3002<\/strong><\/p>\n<div id=\"eJOY__extension_root\" class=\"eJOY__extension_root_class\"><\/div>","protected":false},"excerpt":{"rendered":"<pre><span style=\"font-family: arial, helvetica, sans-serif\"><span style=\"font-size: 14px\">\u30c9\u30ea\u30fc\u30e0\u30e9\u30f3\u30c9 \u30d7\u30ed\u30d0\u30a4\u30aa\u30c6\u30a3\u30c3\u30af \u30cf\u30fc\u30d0\u30eb \u30d5\u30ec\u30fc\u30d0\u30fc\u306f\u3001\u304a\u3044\u3057\u3044\u30b3\u30fc\u30d2\u30fc\u306e\u98a8\u5473\u3092\u3082\u305f\u3089\u3059\u3060\u3051\u3067\u306a\u304f\u3001\u30d7\u30ed\u30d0\u30a4\u30aa\u30c6\u30a3\u30c3\u30af\u7d30\u83cc\u3082\u8ffd\u52a0\u3057\u307e\u3059\u3002 <\/span><span style=\"font-size: 14px\">v\u00e0 chi\u1ebft xu\u1ea5t th\u1ea3o m\u1ed9c, gi\u00fap h\u1ed7 tr\u1ee3 ti\u00eau h\u00f3a v\u00e0 t\u0103ng c\u01b0\u1eddng s\u1ee9c kh\u1ecfe \u0111\u01b0\u1eddng ru\u1ed9t.\u00a0<\/span><\/span><\/pre>","protected":false},"featured_media":1368,"template":"","meta":[],"product_brand":[],"product_cat":[87],"product_tag":[],"class_list":{"0":"post-2869","1":"product","2":"type-product","3":"status-publish","4":"has-post-thumbnail","6":"product_cat-chua-phan-loai","8":"first","9":"instock","10":"sold-individually","11":"shipping-taxable","12":"purchasable","13":"product-type-simple"},"_links":{"self":[{"href":"https:\/\/saigon24.vn\/ja\/wp-json\/wp\/v2\/product\/2869","targetHints":{"allow":["GET"]}}],"collection":[{"href":"https:\/\/saigon24.vn\/ja\/wp-json\/wp\/v2\/product"}],"about":[{"href":"https:\/\/saigon24.vn\/ja\/wp-json\/wp\/v2\/types\/product"}],"version-history":[{"count":0,"href":"https:\/\/saigon24.vn\/ja\/wp-json\/wp\/v2\/product\/2869\/revisions"}],"wp:featuredmedia":[{"embeddable":true,"href":"https:\/\/saigon24.vn\/ja\/wp-json\/wp\/v2\/media\/1368"}],"wp:attachment":[{"href":"https:\/\/saigon24.vn\/ja\/wp-json\/wp\/v2\/media?parent=2869"}],"wp:term":[{"taxonomy":"product_brand","embeddable":true,"href":"https:\/\/saigon24.vn\/ja\/wp-json\/wp\/v2\/product_brand?post=2869"},{"taxonomy":"product_cat","embeddable":true,"href":"https:\/\/saigon24.vn\/ja\/wp-json\/wp\/v2\/product_cat?post=2869"},{"taxonomy":"product_tag","embeddable":true,"href":"https:\/\/saigon24.vn\/ja\/wp-json\/wp\/v2\/product_tag?post=2869"}],"curies":[{"name":"wp","href":"https:\/\/api.w.org\/{rel}","templated":true}]}}