{"id":2989,"date":"2024-09-18T04:06:44","date_gmt":"2024-09-18T04:06:44","guid":{"rendered":"https:\/\/saigon24.vn\/?post_type=product&#038;p=2989"},"modified":"2024-09-25T06:35:40","modified_gmt":"2024-09-25T06:35:40","slug":"thuc-pham-bao-ve-suc-khoe-tra-nhan-tran-bao-long","status":"publish","type":"product","link":"https:\/\/saigon24.vn\/fr\/product\/thuc-pham-bao-ve-suc-khoe-tra-nhan-tran-bao-long\/","title":{"rendered":"Th\u00e9 Long Tran Bao"},"content":{"rendered":"<p><strong>Th\u00e9 vert Bao Long \u2013 Bouclier naturel pour un foie sain<\/strong><\/p>\n<p><strong>\u00c9t\u00e9 chaud, corps fatigu\u00e9, peau \u00e0 tendance acn\u00e9ique, vous vous inqui\u00e9tez pour la sant\u00e9 de votre foie ?<\/strong><\/p>\n<p>Ne laissez pas les toxines accumul\u00e9es nuire \u00e0 votre corps. Laisser <strong>Th\u00e9 Long Tran Bao<\/strong> \u2013 la combinaison parfaite d\u2019herbes naturelles, devenant un bouclier pour prot\u00e9ger la sant\u00e9 de votre foie au quotidien.<\/p>\n<p><strong>Utilisations exceptionnelles\u00a0:<\/strong><\/p>\n<ul>\n<li class=\" translation-block\"><strong>\u00c9vacuation de la chaleur, d\u00e9toxifiant\u00a0:<\/strong> Mandragore, pissenlit et soie de ma\u00efs - un trio d'herbes pr\u00e9cieuses, aident \u00e0 purifier le corps, \u00e0 se rafra\u00eechir, \u00e0 r\u00e9duire les boutons, les \u00e9ruptions cutan\u00e9es et \u00e0 procurer une sensation de bien-\u00eatre rafra\u00eechissante. agr\u00e9able.<\/li>\n<li class=\" translation-block\"><strong>Am\u00e9lioration de la fonction h\u00e9patique\u00a0:<\/strong> aide le foie \u00e0 fonctionner efficacement, am\u00e9liore la capacit\u00e9 de d\u00e9toxification, r\u00e9duit la charge sur le foie et pr\u00e9vient les maladies du foie.<\/li>\n<li class=\" translation-block\"><strong>Prot\u00e8ge les cellules h\u00e9patiques<\/strong>\u00a0: les antioxydants contenus dans le th\u00e9 aident \u00e0 prot\u00e9ger les cellules h\u00e9patiques des agents nocifs, maintenant ainsi la sant\u00e9 du foie \u00e0 long terme.<\/li>\n<li class=\" translation-block\"><strong>Soutient la digestion\u00a0:<\/strong> Les herbes contenues dans le th\u00e9 aident \u00e9galement \u00e0 stimuler la digestion, \u00e0 r\u00e9duire les ballonnements, l'indigestion et \u00e0 apporter une sensation de confort apr\u00e8s les repas.<\/li>\n<\/ul>\n<p><strong>Savourez un th\u00e9 d\u00e9licieux et sain chaque jour\u00a0:<\/strong><\/p>\n<ul>\n<li class=\" translation-block\"><strong>Ar\u00f4me doux, facile \u00e0 boire\u00a0:<\/strong> Non seulement il est bon pour la sant\u00e9, mais le th\u00e9 Tran Bao Long Nhan a \u00e9galement une saveur d\u00e9licieuse, est facile \u00e0 boire et convient \u00e0 tous les \u00e2ges.<\/li>\n<li class=\" translation-block\"><strong>Pratique, facile \u00e0 utiliser\u00a0:<\/strong> Il suffit de m\u00e9langer avec de l'eau bouillante pour obtenir une tasse de th\u00e9 nutritif, \u00e0 d\u00e9guster \u00e0 tout moment et en tout lieu.<\/li>\n<li class=\" translation-block\"><strong>S\u00fbr et b\u00e9nin\u00a0:<\/strong> le produit est compos\u00e9 d'herbes 100\u00a0% naturelles, ne contient aucun conservateur et est sans danger pour la sant\u00e9 \u00e0 long terme.<\/li>\n<\/ul>\n<p><strong>Laissez Tra Nhan Tran Bao Long vous accompagner dans votre parcours de soins de sant\u00e9 proactif. Profitez d'une vie saine et \u00e9nergique au quotidien.<\/strong><\/p>","protected":false},"excerpt":{"rendered":"<p>Le th\u00e9 humain Tran Bao Long est une combinaison parfaite d'herbes naturelles, devenant un bouclier pour prot\u00e9ger la sant\u00e9 de votre foie au quotidien.<\/p>","protected":false},"featured_media":1815,"template":"","meta":[],"product_brand":[],"product_cat":[104],"product_tag":[],"class_list":{"0":"post-2989","1":"product","2":"type-product","3":"status-publish","4":"has-post-thumbnail","6":"product_cat-tra-thao-moc-bao-long","8":"first","9":"instock","10":"shipping-taxable","11":"purchasable","12":"product-type-simple"},"_links":{"self":[{"href":"https:\/\/saigon24.vn\/fr\/wp-json\/wp\/v2\/product\/2989","targetHints":{"allow":["GET"]}}],"collection":[{"href":"https:\/\/saigon24.vn\/fr\/wp-json\/wp\/v2\/product"}],"about":[{"href":"https:\/\/saigon24.vn\/fr\/wp-json\/wp\/v2\/types\/product"}],"version-history":[{"count":0,"href":"https:\/\/saigon24.vn\/fr\/wp-json\/wp\/v2\/product\/2989\/revisions"}],"wp:featuredmedia":[{"embeddable":true,"href":"https:\/\/saigon24.vn\/fr\/wp-json\/wp\/v2\/media\/1815"}],"wp:attachment":[{"href":"https:\/\/saigon24.vn\/fr\/wp-json\/wp\/v2\/media?parent=2989"}],"wp:term":[{"taxonomy":"product_brand","embeddable":true,"href":"https:\/\/saigon24.vn\/fr\/wp-json\/wp\/v2\/product_brand?post=2989"},{"taxonomy":"product_cat","embeddable":true,"href":"https:\/\/saigon24.vn\/fr\/wp-json\/wp\/v2\/product_cat?post=2989"},{"taxonomy":"product_tag","embeddable":true,"href":"https:\/\/saigon24.vn\/fr\/wp-json\/wp\/v2\/product_tag?post=2989"}],"curies":[{"name":"wp","href":"https:\/\/api.w.org\/{rel}","templated":true}]}}