{"id":2987,"date":"2024-09-18T04:06:44","date_gmt":"2024-09-18T04:06:44","guid":{"rendered":"https:\/\/saigon24.vn\/?post_type=product&#038;p=2987"},"modified":"2024-09-25T06:32:31","modified_gmt":"2024-09-25T06:32:31","slug":"thuc-pham-bao-ve-suc-khoe-tra-gung-bao-long","status":"publish","type":"product","link":"https:\/\/saigon24.vn\/fr\/product\/thuc-pham-bao-ve-suc-khoe-tra-gung-bao-long\/","title":{"rendered":"Th\u00e9 au gingembre Bao Long"},"content":{"rendered":"<p><strong>Th\u00e9 au gingembre Bao Long : solution naturelle contre les sympt\u00f4mes du rhume<\/strong><\/p>\n<p class=\" translation-block\">Le <strong>Th\u00e9 Bao Long au Gingembre<\/strong> est un produit de soutien \u00e0 la sant\u00e9 pr\u00e9par\u00e9 sous forme de sachet de th\u00e9 pratique, aidant \u00e0 r\u00e9chauffer le corps et \u00e0 r\u00e9duire les sympt\u00f4mes d\u00e9sagr\u00e9ables caus\u00e9s par le rhume tels que la fatigue et les maux de t\u00eate, le nez bouch\u00e9, le nez qui coule et l'estomac. mal.<\/p>\n<p><strong>Ingr\u00e9dients principaux :<\/strong><\/p>\n<ul>\n<li class=\" translation-block\"><strong>Can Khuong (gingembre s\u00e9ch\u00e9)\u00a0:<\/strong> Le gingembre a des propri\u00e9t\u00e9s r\u00e9chauffantes, aide \u00e0 r\u00e9chauffer le corps, am\u00e9liore la circulation sanguine, r\u00e9duit la douleur et combat l'inflammation.<\/li>\n<li class=\" translation-block\"><strong>R\u00e9glisse\u00a0:<\/strong> A pour effet de r\u00e9duire la toux, de rel\u00e2cher les mucosit\u00e9s et d'apaiser la gorge.<\/li>\n<li class=\" translation-block\"><strong>Stevia\u00a0:<\/strong> Cr\u00e9e une douceur naturelle, ne provoque pas d'augmentation de la glyc\u00e9mie.<\/li>\n<\/ul>\n<p><strong>Utilisations\u00a0:<\/strong><\/p>\n<ul>\n<li>Aide \u00e0 r\u00e9chauffer le corps.<\/li>\n<li>Aide \u00e0 r\u00e9duire les sympt\u00f4mes : fatigue, maux de t\u00eate, nez bouch\u00e9, nez qui coule, maux de ventre dus au rhume.<\/li>\n<\/ul>\n<p class=\" translation-block\">Le <strong>Th\u00e9 Bao Long au Gingembre<\/strong> est une option naturelle et s\u00fbre pour aider \u00e0 r\u00e9duire les sympt\u00f4mes du rhume, vous aidant ainsi \u00e0 vous sentir plus \u00e0 l'aise. Utilisez le produit en combinaison avec un repos ad\u00e9quat et une alimentation saine pour r\u00e9tablir rapidement la sant\u00e9.<\/p>","protected":false},"excerpt":{"rendered":"<p>Le th\u00e9 au gingembre Bao Long soutient la sant\u00e9, aide \u00e0 r\u00e9chauffer le corps et r\u00e9duit les sympt\u00f4mes d\u00e9sagr\u00e9ables caus\u00e9s par le rhume tels que la fatigue, les maux de t\u00eate, le nez bouch\u00e9, l'\u00e9coulement nasal et les maux d'estomac.<\/p>","protected":false},"featured_media":1808,"template":"","meta":[],"product_brand":[],"product_cat":[104],"product_tag":[],"class_list":{"0":"post-2987","1":"product","2":"type-product","3":"status-publish","4":"has-post-thumbnail","6":"product_cat-tra-thao-moc-bao-long","8":"first","9":"instock","10":"shipping-taxable","11":"purchasable","12":"product-type-simple"},"_links":{"self":[{"href":"https:\/\/saigon24.vn\/fr\/wp-json\/wp\/v2\/product\/2987","targetHints":{"allow":["GET"]}}],"collection":[{"href":"https:\/\/saigon24.vn\/fr\/wp-json\/wp\/v2\/product"}],"about":[{"href":"https:\/\/saigon24.vn\/fr\/wp-json\/wp\/v2\/types\/product"}],"version-history":[{"count":0,"href":"https:\/\/saigon24.vn\/fr\/wp-json\/wp\/v2\/product\/2987\/revisions"}],"wp:featuredmedia":[{"embeddable":true,"href":"https:\/\/saigon24.vn\/fr\/wp-json\/wp\/v2\/media\/1808"}],"wp:attachment":[{"href":"https:\/\/saigon24.vn\/fr\/wp-json\/wp\/v2\/media?parent=2987"}],"wp:term":[{"taxonomy":"product_brand","embeddable":true,"href":"https:\/\/saigon24.vn\/fr\/wp-json\/wp\/v2\/product_brand?post=2987"},{"taxonomy":"product_cat","embeddable":true,"href":"https:\/\/saigon24.vn\/fr\/wp-json\/wp\/v2\/product_cat?post=2987"},{"taxonomy":"product_tag","embeddable":true,"href":"https:\/\/saigon24.vn\/fr\/wp-json\/wp\/v2\/product_tag?post=2987"}],"curies":[{"name":"wp","href":"https:\/\/api.w.org\/{rel}","templated":true}]}}