{"id":2951,"date":"2024-09-18T04:06:33","date_gmt":"2024-09-18T04:06:33","guid":{"rendered":"https:\/\/saigon24.vn\/?post_type=product&#038;p=2951"},"modified":"2024-09-25T03:45:42","modified_gmt":"2024-09-25T03:45:42","slug":"tra-hoang-de-bao-long","status":"publish","type":"product","link":"https:\/\/saigon24.vn\/fr\/product\/tra-hoang-de-bao-long\/","title":{"rendered":"TH\u00c9 BAO LONG EMPEREUR"},"content":{"rendered":"<p>&#8220;<strong>Th\u00e9 Bao Long Empereur - Saveur royale, quintessence du Vietnam<\/strong><\/p>\n<p>Envie de ressentir la sensation d'un empereur, en sirotant une d\u00e9licieuse tasse de th\u00e9 au milieu d'un espace royal majestueux ? Bao Long Imperial Tea vous apportera cela.<\/p>\n<p>Avec sa saveur fra\u00eeche et sucr\u00e9e, le Th\u00e9 Empereur Bao Long est non seulement une boisson rafra\u00eechissante mais aussi une \u0153uvre d'art, cristallisant l'essence du ciel et de la terre.<\/p>\n<p>Le parfum se propage comme une fine fum\u00e9e, se m\u00e9langeant au son de la cithare, cr\u00e9ant un espace relaxant et paisible. Chaque gorg\u00e9e de th\u00e9 est un voyage pour d\u00e9couvrir la sophistication et l'\u00e9l\u00e9gance de chaque tasse de th\u00e9, vous aidant \u00e0 vous d\u00e9tendre et \u00e0 trouver l'\u00e9quilibre.<\/p>\n<p>Le parfum frais et doux d'ingr\u00e9dients tels que l'astragale, la pomme rouge, les baies de goji et les fleurs semble dissiper tous les soucis, apportant une sensation de d\u00e9tente et de paix. La douce saveur du th\u00e9 laisse un arri\u00e8re-go\u00fbt d\u00e9licat sur la langue.<\/p>\n<p>Laissez l\u2019empereur Bao Long Tea vous ramener \u00e0 l\u2019\u00e2ge d\u2019or et ressentez le sentiment d\u2019un vrai roi.<\/p>","protected":false},"excerpt":{"rendered":"<p>&#8220;Tr\u00e0 Ho\u00e0ng \u0110\u1ebf B\u1ea3o Long &#8211; H\u01b0\u01a1ng v\u1ecb ho\u00e0ng gia, tinh hoa Vi\u1ec7t Nam B\u1ea1n c\u00f3 mu\u1ed1n tr\u1ea3i nghi\u1ec7m c\u1ea3m<\/p>","protected":false},"featured_media":1708,"template":"","meta":[],"product_brand":[],"product_cat":[104],"product_tag":[],"class_list":{"0":"post-2951","1":"product","2":"type-product","3":"status-publish","4":"has-post-thumbnail","6":"product_cat-tra-thao-moc-bao-long","8":"first","9":"outofstock","10":"shipping-taxable","11":"product-type-simple"},"_links":{"self":[{"href":"https:\/\/saigon24.vn\/fr\/wp-json\/wp\/v2\/product\/2951","targetHints":{"allow":["GET"]}}],"collection":[{"href":"https:\/\/saigon24.vn\/fr\/wp-json\/wp\/v2\/product"}],"about":[{"href":"https:\/\/saigon24.vn\/fr\/wp-json\/wp\/v2\/types\/product"}],"version-history":[{"count":0,"href":"https:\/\/saigon24.vn\/fr\/wp-json\/wp\/v2\/product\/2951\/revisions"}],"wp:featuredmedia":[{"embeddable":true,"href":"https:\/\/saigon24.vn\/fr\/wp-json\/wp\/v2\/media\/1708"}],"wp:attachment":[{"href":"https:\/\/saigon24.vn\/fr\/wp-json\/wp\/v2\/media?parent=2951"}],"wp:term":[{"taxonomy":"product_brand","embeddable":true,"href":"https:\/\/saigon24.vn\/fr\/wp-json\/wp\/v2\/product_brand?post=2951"},{"taxonomy":"product_cat","embeddable":true,"href":"https:\/\/saigon24.vn\/fr\/wp-json\/wp\/v2\/product_cat?post=2951"},{"taxonomy":"product_tag","embeddable":true,"href":"https:\/\/saigon24.vn\/fr\/wp-json\/wp\/v2\/product_tag?post=2951"}],"curies":[{"name":"wp","href":"https:\/\/api.w.org\/{rel}","templated":true}]}}