{"id":2949,"date":"2024-09-18T04:06:33","date_gmt":"2024-09-18T04:06:33","guid":{"rendered":"https:\/\/saigon24.vn\/?post_type=product&#038;p=2949"},"modified":"2024-09-25T03:45:42","modified_gmt":"2024-09-25T03:45:42","slug":"tra-quy-tu-bao-long","status":"publish","type":"product","link":"https:\/\/saigon24.vn\/fr\/product\/tra-quy-tu-bao-long\/","title":{"rendered":"TH\u00c9 POURPRE LONG BAO"},"content":{"rendered":"<p><strong>\u00ab Th\u00e9 vert pr\u00e9cieux Bao Long \u2013 Patrimoine naturel \u00bb<\/strong><\/p>\n<p>Dans un espace calme, prenez une gorg\u00e9e de th\u00e9 Bao Long Noble, vous ressentirez la sophistication et l'\u00e9l\u00e9gance de chaque goutte. Avec la combinaison parfaite d'herbes pr\u00e9cieuses Ganoderma lucidum, polyscias fruticosa, r\u00e9glisse et polygonum multiflora rouge, le th\u00e9 Bao Long Quy Tu apporte non seulement une saveur d\u00e9licieuse, mais vous aide \u00e9galement \u00e0 am\u00e9liorer votre sant\u00e9 et \u00e0 am\u00e9liorer votre m\u00e9moire et \u00e0 rajeunir la peau.<\/p>\n<p class=\" translation-block\">Chaque paquet de th\u00e9 contient l'essence du ciel et de la terre, offrant aux utilisateurs de merveilleuses exp\u00e9riences. Produit sur une cha\u00eene de production r\u00e9pondant aux normes GMP-WHO, le <strong>th\u00e9 mandarin Bao Long<\/strong> garantit que les nutriments pr\u00e9cieux et les ar\u00f4mes naturels restent intacts.<\/p>\n<p>Laissez Bao Long Noble Tea vous accompagner et vous aider \u00e0 \u00eatre en meilleure sant\u00e9 chaque jour !<\/p>","protected":false},"excerpt":{"rendered":"<p>&#8220;Tr\u00e0 qu\u00fd t\u1eed B\u1ea3o Long &#8211; Di s\u1ea3n t\u1eeb thi\u00ean nhi\u00ean&#8221; Trong kh\u00f4ng gian t\u0129nh l\u1eb7ng, nh\u1ea5p m\u1ed9t ng\u1ee5m Tr\u00e0<\/p>","protected":false},"featured_media":1699,"template":"","meta":[],"product_brand":[],"product_cat":[104],"product_tag":[],"class_list":{"0":"post-2949","1":"product","2":"type-product","3":"status-publish","4":"has-post-thumbnail","6":"product_cat-tra-thao-moc-bao-long","8":"first","9":"outofstock","10":"shipping-taxable","11":"product-type-simple"},"_links":{"self":[{"href":"https:\/\/saigon24.vn\/fr\/wp-json\/wp\/v2\/product\/2949","targetHints":{"allow":["GET"]}}],"collection":[{"href":"https:\/\/saigon24.vn\/fr\/wp-json\/wp\/v2\/product"}],"about":[{"href":"https:\/\/saigon24.vn\/fr\/wp-json\/wp\/v2\/types\/product"}],"version-history":[{"count":0,"href":"https:\/\/saigon24.vn\/fr\/wp-json\/wp\/v2\/product\/2949\/revisions"}],"wp:featuredmedia":[{"embeddable":true,"href":"https:\/\/saigon24.vn\/fr\/wp-json\/wp\/v2\/media\/1699"}],"wp:attachment":[{"href":"https:\/\/saigon24.vn\/fr\/wp-json\/wp\/v2\/media?parent=2949"}],"wp:term":[{"taxonomy":"product_brand","embeddable":true,"href":"https:\/\/saigon24.vn\/fr\/wp-json\/wp\/v2\/product_brand?post=2949"},{"taxonomy":"product_cat","embeddable":true,"href":"https:\/\/saigon24.vn\/fr\/wp-json\/wp\/v2\/product_cat?post=2949"},{"taxonomy":"product_tag","embeddable":true,"href":"https:\/\/saigon24.vn\/fr\/wp-json\/wp\/v2\/product_tag?post=2949"}],"curies":[{"name":"wp","href":"https:\/\/api.w.org\/{rel}","templated":true}]}}