{"id":2943,"date":"2024-09-18T04:06:31","date_gmt":"2024-09-18T04:06:31","guid":{"rendered":"https:\/\/saigon24.vn\/?post_type=product&#038;p=2943"},"modified":"2024-09-25T03:44:41","modified_gmt":"2024-09-25T03:44:41","slug":"tra-thao-moc-hoang-ky-bao-long","status":"publish","type":"product","link":"https:\/\/saigon24.vn\/fr\/product\/tra-thao-moc-hoang-ky-bao-long\/","title":{"rendered":"HOANG KY TISANE BAO LONG"},"content":{"rendered":"<p><strong>\u00ab TISANE BAO LONG HOANG KY \u2013 UNE EXCELLENTE COMBINAISON POUR LA SANT\u00c9 \u00bb<\/strong><\/p>\n<p class=\" translation-block\">Saviez-vous qu\u2019avec une simple tasse de th\u00e9, vous pouvez apporter \u00e9quilibre et \u00e9nergie au corps et \u00e0 l\u2019esprit ? La <strong>tisane Bao Long Hoang Ky<\/strong> est le grand secret pour prendre soin de votre sant\u00e9 de la mani\u00e8re la plus naturelle et la plus efficace !<\/p>\n<ol>\n<li class=\" translation-block\"><strong>Astragale<\/strong>\u00a0: Connu comme un \u00ab m\u00e9dicament miracle \u00bb dans la m\u00e9decine orientale, l'astragale aide \u00e0 renforcer le syst\u00e8me immunitaire, \u00e0 soutenir la circulation sanguine et \u00e0 am\u00e9liorer la sant\u00e9 globale.<\/li>\n<li class=\" translation-block\"><strong>Pomme rouge<\/strong>\u00a0: Avec son go\u00fbt naturellement sucr\u00e9, Dai Tao aide non seulement \u00e0 apaiser le corps, mais compl\u00e8te \u00e9galement les vitamines et les min\u00e9raux, contribue \u00e0 augmenter la vitalit\u00e9 et am\u00e9liore la fonction digestive.<\/li>\n<li class=\" translation-block\"><strong>Baies de Goji<\/strong>\u00a0: ce fruit est c\u00e9l\u00e8bre pour ses effets nourrissants sur les yeux, am\u00e9liorant la sant\u00e9 du foie et des reins et favorisant la beaut\u00e9 de la peau. Les baies de Goji sont \u00e9galement connues pour leurs puissantes propri\u00e9t\u00e9s antioxydantes, vous aidant \u00e0 conserver votre jeunesse.<\/li>\n<li class=\" translation-block\"><strong>Hoa Hoa<\/strong>\u00a0: Utilis\u00e9 depuis longtemps en m\u00e9decine traditionnelle, le Hoa Hoe aide \u00e0 refroidir le foie, \u00e0 abaisser la tension art\u00e9rielle et \u00e0 r\u00e9duire les risques de maladies cardiovasculaires. Le doux parfum de Hoa Hoe apporte \u00e9galement une sensation de d\u00e9tente absolue.<\/li>\n<\/ol>\n<p><strong>Avantages exceptionnels de la nature<\/strong><\/p>\n<ul>\n<li class=\" translation-block\"><strong>Am\u00e9lioration de la sant\u00e9<\/strong>\u00a0: la combinaison d'ingr\u00e9dients \u00e0 base de plantes aide \u00e0 augmenter la r\u00e9sistance, \u00e0 am\u00e9liorer la circulation sanguine et \u00e0 vous donner un corps sain.<\/li>\n<li class=\" translation-block\"><strong>D\u00e9tente de l'\u00e2me<\/strong>\u00a0: Le doux parfum des fleurs de Houe associ\u00e9 \u00e0 la douceur du Dai Tao aide \u00e0 soulager le stress, apportant un sommeil r\u00e9parateur et profond.<\/li>\n<li class=\" translation-block\"><strong>Pratique, rapide<\/strong>\u00a0: en quelques minutes seulement, vous obtiendrez une tasse de th\u00e9 d\u00e9licieuse et nutritive, adapt\u00e9e \u00e0 tout moment de la journ\u00e9e.<\/li>\n<\/ul>\n<p class=\" translation-block\">Laissez la <strong>tisane Bao Long Hoang Ky<\/strong> vous accompagner dans votre voyage vers les soins de sant\u00e9 et le plaisir de vivre. Une tasse de th\u00e9 par jour, vous ressentirez la diff\u00e9rence positive de l\u2019int\u00e9rieur.<\/p>\n<p><strong>Commandez d\u00e8s aujourd'hui pour d\u00e9couvrir la beaut\u00e9 de la nature et recevoir des offres sp\u00e9ciales\u00a0!<\/strong><\/p>\n<p>&nbsp;<\/p>","protected":false},"excerpt":{"rendered":"<p class=\" translation-block\">La <strong>tisane Bao Long Hoang Ky<\/strong> est le grand secret pour prendre soin de votre sant\u00e9 de la mani\u00e8re la plus naturelle et la plus efficace !<\/p>","protected":false},"featured_media":1673,"template":"","meta":[],"product_brand":[],"product_cat":[104],"product_tag":[],"class_list":{"0":"post-2943","1":"product","2":"type-product","3":"status-publish","4":"has-post-thumbnail","6":"product_cat-tra-thao-moc-bao-long","8":"first","9":"instock","10":"shipping-taxable","11":"purchasable","12":"product-type-simple"},"_links":{"self":[{"href":"https:\/\/saigon24.vn\/fr\/wp-json\/wp\/v2\/product\/2943","targetHints":{"allow":["GET"]}}],"collection":[{"href":"https:\/\/saigon24.vn\/fr\/wp-json\/wp\/v2\/product"}],"about":[{"href":"https:\/\/saigon24.vn\/fr\/wp-json\/wp\/v2\/types\/product"}],"version-history":[{"count":0,"href":"https:\/\/saigon24.vn\/fr\/wp-json\/wp\/v2\/product\/2943\/revisions"}],"wp:featuredmedia":[{"embeddable":true,"href":"https:\/\/saigon24.vn\/fr\/wp-json\/wp\/v2\/media\/1673"}],"wp:attachment":[{"href":"https:\/\/saigon24.vn\/fr\/wp-json\/wp\/v2\/media?parent=2943"}],"wp:term":[{"taxonomy":"product_brand","embeddable":true,"href":"https:\/\/saigon24.vn\/fr\/wp-json\/wp\/v2\/product_brand?post=2943"},{"taxonomy":"product_cat","embeddable":true,"href":"https:\/\/saigon24.vn\/fr\/wp-json\/wp\/v2\/product_cat?post=2943"},{"taxonomy":"product_tag","embeddable":true,"href":"https:\/\/saigon24.vn\/fr\/wp-json\/wp\/v2\/product_tag?post=2943"}],"curies":[{"name":"wp","href":"https:\/\/api.w.org\/{rel}","templated":true}]}}