{"id":2933,"date":"2024-09-18T04:06:28","date_gmt":"2024-09-18T04:06:28","guid":{"rendered":"https:\/\/saigon24.vn\/?post_type=product&#038;p=2933"},"modified":"2024-09-25T03:44:42","modified_gmt":"2024-09-25T03:44:42","slug":"tra-thao-moc-linh-chi-bao-long","status":"publish","type":"product","link":"https:\/\/saigon24.vn\/fr\/product\/tra-thao-moc-linh-chi-bao-long\/","title":{"rendered":"TH\u00c9 Ganoderma aux herbes BAO LONG"},"content":{"rendered":"<p class=\" translation-block\"><strong>\u201cTR\u00c0 TH\u1ea2O M\u1ed8C LINH CHI B\u1ea2O LONG \u2013<\/strong> <strong>Th\u01b0 Gi\u00e3n Tuy\u1ec7t V\u1eddi\u201d<\/strong><\/p>\n<p>Ch\u00e0o m\u1eebng b\u1ea1n \u0111\u1ebfn v\u1edbi th\u1ebf gi\u1edbi c\u1ee7a s\u1ef1 th\u01b0 gi\u00e3n v\u00e0 tinh t\u1ebf! Tr\u00e0 t\u00fai l\u1ecdc c\u1ee7a ch\u00fang t\u00f4i kh\u00f4ng ch\u1ec9 l\u00e0 m\u1ed9t s\u1ea3n ph\u1ea9m, m\u00e0 l\u00e0 m\u1ed9t tr\u1ea3i nghi\u1ec7m tuy\u1ec7t v\u1eddi d\u00e0nh cho nh\u1eefng ng\u01b0\u1eddi y\u00eau th\u00edch s\u1ef1 tinh t\u00fay v\u00e0 phong c\u00e1ch s\u1ed1ng l\u00e0nh m\u1ea1nh.<\/p>\n<p><strong>Ch\u1ea5t L\u01b0\u1ee3ng \u0110\u01b0\u1ee3c \u0110\u1ea3m B\u1ea3o<\/strong><\/p>\n<p>Ch\u00fang t\u00f4i s\u1eed d\u1ee5ng ngu\u1ed3n nguy\u00ean li\u1ec7u chu\u1ea9n nh\u1ea5t, \u0111\u01b0\u1ee3c ch\u1ecdn l\u1ecdc k\u1ef9, s\u1ea3n xu\u1ea5t t\u1eeb d\u00e2y chuy\u1ec1n nghi\u00eam ng\u1eb7t \u0111\u1ea3m b\u1ea3o ch\u1ea5t l\u01b0\u1ee3ng. M\u1ed7i t\u00fai l\u1ecdc tr\u00e0 \u0111\u1ec1u ch\u1ee9a nh\u1eefng h\u00e0m l\u01b0\u1ee3ng th\u1ea3o d\u01b0\u1ee3c v\u1eeba ph\u1ea3i, \u0111\u1ea3m b\u1ea3o mang \u0111\u1ebfn h\u01b0\u01a1ng v\u1ecb \u0111\u1eadm \u0111\u00e0 v\u00e0 s\u1ef1 th\u01b0 gi\u00e3n ho\u00e0n h\u1ea3o cho b\u1ea1n.<\/p>\n<p><strong>Ti\u1ec7n L\u1ee3i v\u00e0 D\u1ec5 D\u00e0ng<\/strong><\/p>\n<p>V\u1edbi thi\u1ebft k\u1ebf t\u00fai l\u1ecdc th\u00f4ng minh, b\u1ea1n ch\u1ec9 c\u1ea7n cho v\u00e0o c\u1ed1c n\u01b0\u1edbc s\u00f4i v\u00e0 ch\u1edd \u0111\u1ee3i v\u00e0i ph\u00fat \u0111\u1ec3 th\u01b0\u1edfng th\u1ee9c m\u1ed9t t\u00e1ch tr\u00e0 th\u01a1m ngon. Kh\u00f4ng c\u1ea7n chu\u1ea9n b\u1ecb ph\u1ee9c t\u1ea1p, tr\u00e0 th\u1ea3o m\u1ed9c Linh Chi B\u1ea3o Long mang \u0111\u1ebfn s\u1ef1 ti\u1ec7n l\u1ee3i t\u1ed1i \u0111a cho b\u1ea1n, d\u00f9 l\u00e0 \u1edf nh\u00e0 hay khi l\u00e0m vi\u1ec7c.<\/p>\n<p><strong>L\u1ee3i \u00cdch S\u1ee9c Kh\u1ecfe<\/strong><\/p>\n<p class=\" translation-block\"><strong>Linh chi<\/strong>: ng\u1ee7 ngon, th\u01b0 gi\u00e3n th\u1ea7n kinh, b\u1ea3o v\u1ec7 d\u1ea1 d\u00e0y, t\u0103ng c\u01b0\u1eddng mi\u1ec5n d\u1ecbch, ch\u1ed1ng t\u1ebf b\u00e0o ung th\u01b0.<\/p>\n<p class=\" translation-block\"><strong>\u0110inh l\u0103ng<\/strong>: t\u0103ng c\u01b0\u1eddng m\u00e1u l\u00ean n\u00e3o, th\u01b0 gi\u00e3n th\u1ea7n kinh, c\u1ea3i thi\u1ec7n tri\u1ec7u ch\u1ee9ng run trong b\u1ec7nh Parkinson, b\u1ea3o v\u1ec7 t\u1ebf b\u00e0o gan.<\/p>\n<p class=\" translation-block\"><strong>H\u00e0 Th\u1ee7 \u00d4<\/strong>: b\u1ed5 m\u00e1u, h\u1ea1 huy\u1ebft \u00e1p, t\u00f3c kh\u00f4 r\u1ee5ng, t\u00f3c b\u1ea1c s\u1edbm, t\u0103ng c\u01b0\u1eddng sinh l\u00fd nam, n\u1eef.<\/p>\n<p class=\" translation-block\"><strong>Cam th\u1ea3o:<\/strong> v\u1ecb h\u1eadu ng\u1ecdt, c\u00e2n b\u1eb1ng v\u1ecb gi\u00e1c, \u0111\u1ea9y m\u1ea1nh t\u00e1c d\u1ee5ng c\u1ee7a Linh chi, \u0110inh l\u0103ng, H\u00e0 Th\u1ee7 \u00d4.<\/p>\n<p>Kh\u00e1m Ph\u00e1 Ngay H\u00f4m Nay!<\/p>\n<p>H\u00e3y \u0111\u1ec3 tr\u00e0 t\u00fai l\u1ecdc c\u1ee7a ch\u00fang t\u00f4i tr\u1edf th\u00e0nh ph\u1ea7n kh\u00f4ng th\u1ec3 thi\u1ebfu trong nh\u1eefng gi\u1edd ph\u00fat th\u01b0 gi\u00e3n c\u1ee7a b\u1ea1n. \u0110\u1eb7t h\u00e0ng ngay \u0111\u1ec3 tr\u1ea3i nghi\u1ec7m h\u01b0\u01a1ng v\u1ecb tuy\u1ec7t v\u1eddi v\u00e0 s\u1ef1 ti\u1ec7n l\u1ee3i m\u00e0 ch\u00fang t\u00f4i mang l\u1ea1i. Ch\u00fang t\u00f4i cam k\u1ebft mang \u0111\u1ebfn cho b\u1ea1n s\u1ef1 h\u00e0i l\u00f2ng t\u1ed1i \u0111a v\u00e0 nh\u1eefng ph\u00fat gi\u00e2y th\u01b0 th\u00e1i th\u1eadt s\u1ef1.<\/p>\n<p class=\" translation-block\"><strong>TR\u00c0 TH\u1ea2O M\u1ed8C LINH CHI B\u1ea2O LONG \u2013<\/strong> <strong>Th\u01b0 Gi\u00e3n Tuy\u1ec7t V\u1eddi<\/strong><\/p>","protected":false},"excerpt":{"rendered":"<p><span style=\"font-size: 16px\"><strong>TR\u00c0 TH\u1ea2O M\u1ed8C LINH CHI B\u1ea2O LONG L\u00c0 M\u1ed8T TR\u1ea2I NGHI\u1ec6M TUY\u1ec6T V\u1edcI D\u00c0NH CHO NH\u1eeeNG NG\u01af\u1edcI Y\u00caU TH\u00cdCH S\u1ef0 TINH T\u00daY V\u00c0 PHONG C\u00c1CH L\u00c0NH M\u1ea0NH <\/strong>.<\/span><\/p>","protected":false},"featured_media":1634,"template":"","meta":[],"product_brand":[],"product_cat":[104],"product_tag":[],"class_list":{"0":"post-2933","1":"product","2":"type-product","3":"status-publish","4":"has-post-thumbnail","6":"product_cat-tra-thao-moc-bao-long","8":"first","9":"instock","10":"shipping-taxable","11":"purchasable","12":"product-type-simple"},"_links":{"self":[{"href":"https:\/\/saigon24.vn\/fr\/wp-json\/wp\/v2\/product\/2933","targetHints":{"allow":["GET"]}}],"collection":[{"href":"https:\/\/saigon24.vn\/fr\/wp-json\/wp\/v2\/product"}],"about":[{"href":"https:\/\/saigon24.vn\/fr\/wp-json\/wp\/v2\/types\/product"}],"version-history":[{"count":0,"href":"https:\/\/saigon24.vn\/fr\/wp-json\/wp\/v2\/product\/2933\/revisions"}],"wp:featuredmedia":[{"embeddable":true,"href":"https:\/\/saigon24.vn\/fr\/wp-json\/wp\/v2\/media\/1634"}],"wp:attachment":[{"href":"https:\/\/saigon24.vn\/fr\/wp-json\/wp\/v2\/media?parent=2933"}],"wp:term":[{"taxonomy":"product_brand","embeddable":true,"href":"https:\/\/saigon24.vn\/fr\/wp-json\/wp\/v2\/product_brand?post=2933"},{"taxonomy":"product_cat","embeddable":true,"href":"https:\/\/saigon24.vn\/fr\/wp-json\/wp\/v2\/product_cat?post=2933"},{"taxonomy":"product_tag","embeddable":true,"href":"https:\/\/saigon24.vn\/fr\/wp-json\/wp\/v2\/product_tag?post=2933"}],"curies":[{"name":"wp","href":"https:\/\/api.w.org\/{rel}","templated":true}]}}