{"id":2879,"date":"2024-09-18T04:06:09","date_gmt":"2024-09-18T04:06:09","guid":{"rendered":"https:\/\/saigon24.vn\/?post_type=product&#038;p=2879"},"modified":"2024-09-27T03:50:10","modified_gmt":"2024-09-27T03:50:10","slug":"ca-phe-hoa-tan-dreamland-chill-vi-thao-moc","status":"publish","type":"product","link":"https:\/\/saigon24.vn\/fr\/product\/ca-phe-hoa-tan-dreamland-chill-vi-thao-moc\/","title":{"rendered":"HOA TAN DREAMLAND CHILL CAF\u00c9 SAVEUR \u00c0 BASE DE PLANTES"},"content":{"rendered":"<p><strong>Saveur d'herbes Dreamland Chill\u00a0: Go\u00fbt d'herbes sucr\u00e9es, fra\u00eecheur profonde<\/strong><\/p>\n<p><strong>Mettez temporairement de c\u00f4t\u00e9 le chaos et plongez-vous dans un endroit paisible<\/strong><\/p>\n<p>Parfois, au milieu des soucis quotidiens, nous avons juste besoin d\u2019un moment pour respirer profond\u00e9ment, laisser notre \u00e2me se calmer et trouver son \u00e9quilibre. Le caf\u00e9 instantan\u00e9 Dreamland Chill Herbal, avec sa douce saveur v\u00e9g\u00e9tale et ses l\u00e9g\u00e8res notes de caf\u00e9, sera le compagnon id\u00e9al pour ces pr\u00e9cieux moments de d\u00e9tente.<\/p>\n<p><strong>D\u00e9tendez-vous du go\u00fbt<\/strong><\/p>\n<ul>\n<li>Les herbes contenues dans le caf\u00e9 frais sont comme une douce chanson, ber\u00e7ant nos \u00e2mes dans un r\u00eave paisible.<\/li>\n<li>Le caf\u00e9 est doux comme un murmure, il \u00e9veille les sens et dissipe la fatigue.<\/li>\n<li>Les pr\u00e9cieuses fleurs de safran ajoutent un parfum luxueux et s\u00e9duisant.<\/li>\n<li>Le beurre des vaches nourries \u00e0 l\u2019herbe est gras et fond sur le bout de la langue, apportant une sensation chaleureuse et agr\u00e9able.<\/li>\n<\/ul>\n<p><strong>D\u00e9tendez-vous de l'esprit<\/strong><\/p>\n<ul>\n<li>Les herbes aident \u00e0 calmer l\u2019esprit, \u00e0 soulager le stress et \u00e0 vous procurer une sensation de d\u00e9tente et de l\u00e9g\u00e8ret\u00e9.<\/li>\n<li>C\u00e0 ph\u00ea v\u1eeba \u0111\u1ee7 \u0111\u1ec3 gi\u1eef cho b\u1ea1n t\u1ec9nh t\u00e1o, t\u1eadp trung, s\u1eb5n s\u00e0ng \u0111\u1ed1i m\u1eb7t v\u1edbi nh\u1eefng th\u1eed th\u00e1ch m\u1edbi.<\/li>\n<li>Les fleurs de safran et d'avocat apportent des nutriments pr\u00e9cieux, nourrissant le corps de l'int\u00e9rieur.<\/li>\n<\/ul>\n<p><strong>D\u00e9tendez-vous \u00e0 tout moment et en tout lieu<\/strong><\/p>\n<ul>\n<li>Un paquet de caf\u00e9 instantan\u00e9 aux herbes Dreamland Chill, un peu d'eau chaude et vous obtenez une tasse de caf\u00e9 aux herbes d\u00e9licieuse et nutritive.<\/li>\n<li>Que ce soit t\u00f4t le matin ou un apr\u00e8s-midi de d\u00e9tente, le caf\u00e9 instantan\u00e9 Dreamland Chill Herbal est toujours pr\u00eat \u00e0 vous accompagner.<\/li>\n<\/ul>\n<p><strong>Un refroidissement s\u00fbr, un refroidissement sain<\/strong><\/p>\n<ul>\n<li>Ingr\u00e9dients naturels, sans conservateurs, sans ar\u00f4mes artificiels.<\/li>\n<li>Produit sur des lignes de production modernes, garantissant l'hygi\u00e8ne et la s\u00e9curit\u00e9 alimentaire.<\/li>\n<\/ul>\n<p><strong>Plongez-vous dans le monde relaxant du caf\u00e9 instantan\u00e9 Dreamland Chill Herbal, pour que chaque jour soit une journ\u00e9e de d\u00e9tente et pleine d'\u00e9nergie positive !<\/strong><\/p>","protected":false},"excerpt":{"rendered":"<p>Le caf\u00e9 instantan\u00e9 Dreamland Chill Herbal, avec sa douce saveur herbac\u00e9e et ses l\u00e9g\u00e8res notes de caf\u00e9, sera le compagnon id\u00e9al pour de pr\u00e9cieux moments de d\u00e9tente.<\/p>","protected":false},"featured_media":1409,"template":"","meta":[],"product_brand":[],"product_cat":[87],"product_tag":[],"class_list":{"0":"post-2879","1":"product","2":"type-product","3":"status-publish","4":"has-post-thumbnail","6":"product_cat-chua-phan-loai","8":"first","9":"instock","10":"sold-individually","11":"shipping-taxable","12":"purchasable","13":"product-type-simple"},"_links":{"self":[{"href":"https:\/\/saigon24.vn\/fr\/wp-json\/wp\/v2\/product\/2879","targetHints":{"allow":["GET"]}}],"collection":[{"href":"https:\/\/saigon24.vn\/fr\/wp-json\/wp\/v2\/product"}],"about":[{"href":"https:\/\/saigon24.vn\/fr\/wp-json\/wp\/v2\/types\/product"}],"version-history":[{"count":0,"href":"https:\/\/saigon24.vn\/fr\/wp-json\/wp\/v2\/product\/2879\/revisions"}],"wp:featuredmedia":[{"embeddable":true,"href":"https:\/\/saigon24.vn\/fr\/wp-json\/wp\/v2\/media\/1409"}],"wp:attachment":[{"href":"https:\/\/saigon24.vn\/fr\/wp-json\/wp\/v2\/media?parent=2879"}],"wp:term":[{"taxonomy":"product_brand","embeddable":true,"href":"https:\/\/saigon24.vn\/fr\/wp-json\/wp\/v2\/product_brand?post=2879"},{"taxonomy":"product_cat","embeddable":true,"href":"https:\/\/saigon24.vn\/fr\/wp-json\/wp\/v2\/product_cat?post=2879"},{"taxonomy":"product_tag","embeddable":true,"href":"https:\/\/saigon24.vn\/fr\/wp-json\/wp\/v2\/product_tag?post=2879"}],"curies":[{"name":"wp","href":"https:\/\/api.w.org\/{rel}","templated":true}]}}