{"id":2873,"date":"2024-09-18T04:06:07","date_gmt":"2024-09-18T04:06:07","guid":{"rendered":"https:\/\/saigon24.vn\/?post_type=product&#038;p=2873"},"modified":"2024-09-25T03:43:11","modified_gmt":"2024-09-25T03:43:11","slug":"ca-phe-hoa-tan-dreamland-beauty-vi-thao-moc","status":"publish","type":"product","link":"https:\/\/saigon24.vn\/fr\/product\/ca-phe-hoa-tan-dreamland-beauty-vi-thao-moc\/","title":{"rendered":"SAVEUR INSTANTAN\u00c9E DE CAF\u00c9 INSTANTAN\u00c9 PROBIOTIQUE DREAMLAND"},"content":{"rendered":"<p><strong>Saveur \u00e0 base de plantes Dreamland Beauty\u00a0: <\/strong><\/p>\n<p><strong>\u00ab Boire du caf\u00e9, devenir chaque jour plus belle \u00bb n'est plus un r\u00eave !<\/strong><\/p>\n<p>Saviez-vous qu'une belle peau ne vient pas seulement de soins externes, mais a \u00e9galement besoin d'\u00eatre nourrie de l'int\u00e9rieur ? Dreamland Beauty Herbal Flavor, avec la combinaison parfaite de d\u00e9licieux caf\u00e9 et de pr\u00e9cieux ingr\u00e9dients de soins de la peau, vous apportera une solution de beaut\u00e9 compl\u00e8te, aidant votre peau \u00e0 rester jeune et radieuse.<\/p>\n<p><strong>La symphonie parfaite de la nature<\/strong><\/p>\n<p>La combinaison unique de d\u00e9licieux caf\u00e9 Robusta, de collag\u00e8ne hydrolys\u00e9, de vitamine C issue de jus de citron concentr\u00e9 et de ginseng rouge cr\u00e9e une boisson qui non seulement r\u00e9veille les papilles gustatives mais apporte \u00e9galement une \u00e9nergie fra\u00eeche \u00e0 la peau et au corps.<\/p>\n<ul>\n<li>La capacit\u00e9 d'absorber le collag\u00e8ne hydrolys\u00e9 jusqu'\u00e0 99 % aide \u00e0 rajeunir la peau, \u00e0 estomper les rides, \u00e0 augmenter l'\u00e9lasticit\u00e9, vous donnant une peau lisse et jeune.<\/li>\n<li>La vitamine C issue du jus de citron concentr\u00e9 est un puissant antioxydant, illumine la peau, estompe les taches brunes et donne une peau uniforme et \u00e9clatante.<\/li>\n<li>Le ginseng rouge aide \u00e0 am\u00e9liorer la sant\u00e9, \u00e0 augmenter la r\u00e9sistance, \u00e0 r\u00e9duire le stress et la fatigue, \u00e0 vous aider \u00e0 toujours \u00eatre plein d'\u00e9nergie et de vitalit\u00e9, et votre peau deviendra \u00e9galement plus rose et plus fra\u00eeche.<\/li>\n<\/ul>\n<p><strong>Profitez du caf\u00e9, nourrissez votre beaut\u00e9 au quotidien<\/strong><\/p>\n<p>Avec un seul paquet de Dreamland Beauty Herbal Flavor et de l'eau chaude, vous pouvez savourer une d\u00e9licieuse tasse de caf\u00e9 tout en prenant soin de votre peau et de votre sant\u00e9 en g\u00e9n\u00e9ral.<\/p>\n<p><strong>Laissez Dreamland Beauty Herbal Flavor vous accompagner dans votre voyage pour rayonner la beaut\u00e9 naturelle de l'int\u00e9rieur !<\/strong><\/p>","protected":false},"excerpt":{"rendered":"<p>Dreamland Beauty Herbal Flavor, avec la combinaison parfaite de d\u00e9licieux caf\u00e9 et de pr\u00e9cieux ingr\u00e9dients de soins de la peau, vous apportera une solution de beaut\u00e9 compl\u00e8te, aidant votre peau \u00e0 rester jeune et radieuse.<\/p>","protected":false},"featured_media":1386,"template":"","meta":[],"product_brand":[],"product_cat":[87],"product_tag":[],"class_list":{"0":"post-2873","1":"product","2":"type-product","3":"status-publish","4":"has-post-thumbnail","6":"product_cat-chua-phan-loai","8":"first","9":"instock","10":"shipping-taxable","11":"purchasable","12":"product-type-simple"},"_links":{"self":[{"href":"https:\/\/saigon24.vn\/fr\/wp-json\/wp\/v2\/product\/2873","targetHints":{"allow":["GET"]}}],"collection":[{"href":"https:\/\/saigon24.vn\/fr\/wp-json\/wp\/v2\/product"}],"about":[{"href":"https:\/\/saigon24.vn\/fr\/wp-json\/wp\/v2\/types\/product"}],"version-history":[{"count":0,"href":"https:\/\/saigon24.vn\/fr\/wp-json\/wp\/v2\/product\/2873\/revisions"}],"wp:featuredmedia":[{"embeddable":true,"href":"https:\/\/saigon24.vn\/fr\/wp-json\/wp\/v2\/media\/1386"}],"wp:attachment":[{"href":"https:\/\/saigon24.vn\/fr\/wp-json\/wp\/v2\/media?parent=2873"}],"wp:term":[{"taxonomy":"product_brand","embeddable":true,"href":"https:\/\/saigon24.vn\/fr\/wp-json\/wp\/v2\/product_brand?post=2873"},{"taxonomy":"product_cat","embeddable":true,"href":"https:\/\/saigon24.vn\/fr\/wp-json\/wp\/v2\/product_cat?post=2873"},{"taxonomy":"product_tag","embeddable":true,"href":"https:\/\/saigon24.vn\/fr\/wp-json\/wp\/v2\/product_tag?post=2873"}],"curies":[{"name":"wp","href":"https:\/\/api.w.org\/{rel}","templated":true}]}}