{"id":2989,"date":"2024-09-18T04:06:44","date_gmt":"2024-09-18T04:06:44","guid":{"rendered":"https:\/\/saigon24.vn\/?post_type=product&#038;p=2989"},"modified":"2024-09-25T06:35:40","modified_gmt":"2024-09-25T06:35:40","slug":"thuc-pham-bao-ve-suc-khoe-tra-nhan-tran-bao-long","status":"publish","type":"product","link":"https:\/\/saigon24.vn\/es\/product\/thuc-pham-bao-ve-suc-khoe-tra-nhan-tran-bao-long\/","title":{"rendered":"T\u00e9 largo Tran Bao"},"content":{"rendered":"<p><strong>Tr\u00e0 Nh\u00e2n Tr\u1ea7n B\u1ea3o Long &#8211; L\u00e1 Ch\u1eafn Thi\u00ean Nhi\u00ean Cho L\u00e1 Gan Kh\u1ecfe M\u1ea1nh<\/strong><\/p>\n<p><strong>M\u00f9a h\u00e8 oi b\u1ee9c, c\u01a1 th\u1ec3 m\u1ec7t m\u1ecfi, da n\u1ed5i m\u1ee5n, b\u1ea1n c\u00f3 \u0111ang lo l\u1eafng v\u1ec1 s\u1ee9c kh\u1ecfe l\u00e1 gan c\u1ee7a m\u00ecnh?<\/strong><\/p>\n<p>\u0110\u1eebng \u0111\u1ec3 nh\u1eefng \u0111\u1ed9c t\u1ed1 t\u00edch t\u1ee5 g\u00e2y h\u1ea1i cho c\u01a1 th\u1ec3 b\u1ea1n. H\u00e3y \u0111\u1ec3 <strong>T\u00e9 largo Tran Bao<\/strong> &#8211; s\u1ef1 k\u1ebft h\u1ee3p ho\u00e0n h\u1ea3o t\u1eeb c\u00e1c th\u1ea3o d\u01b0\u1ee3c thi\u00ean nhi\u00ean, tr\u1edf th\u00e0nh l\u00e1 ch\u1eafn b\u1ea3o v\u1ec7 s\u1ee9c kh\u1ecfe l\u00e1 gan c\u1ee7a b\u1ea1n m\u1ed7i ng\u00e0y.<\/p>\n<p><strong>C\u00f4ng d\u1ee5ng v\u01b0\u1ee3t tr\u1ed9i:<\/strong><\/p>\n<ul>\n<li class=\" translation-block\"><strong>Thanh nhi\u1ec7t, gi\u1ea3i \u0111\u1ed9c:<\/strong> Nh\u00e2n tr\u1ea7n, b\u1ed3 c\u00f4ng anh v\u00e0 r\u00e2u ng\u00f4 \u2013 b\u1ed9 ba th\u1ea3o d\u01b0\u1ee3c qu\u00fd gi\u00e1, gi\u00fap thanh l\u1ecdc c\u01a1 th\u1ec3, gi\u1ea3i nhi\u1ec7t, gi\u1ea3m m\u1ee5n nh\u1ecdt, m\u1ea9n ng\u1ee9a, mang l\u1ea1i c\u1ea3m gi\u00e1c s\u1ea3ng kho\u00e1i, d\u1ec5 ch\u1ecbu.<\/li>\n<li class=\" translation-block\"><strong>T\u0103ng c\u01b0\u1eddng ch\u1ee9c n\u0103ng gan:<\/strong> H\u1ed7 tr\u1ee3 gan ho\u1ea1t \u0111\u1ed9ng hi\u1ec7u qu\u1ea3, t\u0103ng c\u01b0\u1eddng kh\u1ea3 n\u0103ng th\u1ea3i \u0111\u1ed9c, gi\u1ea3m g\u00e1nh n\u1eb7ng cho gan, ph\u00f2ng ng\u1eeba c\u00e1c b\u1ec7nh v\u1ec1 gan.<\/li>\n<li class=\" translation-block\"><strong>B\u1ea3o v\u1ec7 t\u1ebf b\u00e0o gan:<\/strong> C\u00e1c ho\u1ea1t ch\u1ea5t ch\u1ed1ng oxy h\u00f3a trong tr\u00e0 gi\u00fap b\u1ea3o v\u1ec7 t\u1ebf b\u00e0o gan kh\u1ecfi c\u00e1c t\u00e1c nh\u00e2n g\u00e2y h\u1ea1i, duy tr\u00ec s\u1ee9c kh\u1ecfe l\u00e1 gan l\u00e2u d\u00e0i.<\/li>\n<li class=\" translation-block\"><strong>H\u1ed7 tr\u1ee3 ti\u00eau h\u00f3a:<\/strong> Th\u1ea3o m\u1ed9c trong tr\u00e0 c\u00f2n gi\u00fap k\u00edch th\u00edch ti\u00eau h\u00f3a, gi\u1ea3m \u0111\u1ea7y b\u1ee5ng, kh\u00f3 ti\u00eau, mang l\u1ea1i c\u1ea3m gi\u00e1c tho\u1ea3i m\u00e1i sau b\u1eefa \u0103n.<\/li>\n<\/ul>\n<p><strong>Th\u01b0\u1edfng th\u1ee9c tr\u00e0 ngon, kh\u1ecfe m\u1ea1nh m\u1ed7i ng\u00e0y:<\/strong><\/p>\n<ul>\n<li class=\" translation-block\"><strong>H\u01b0\u01a1ng v\u1ecb th\u01a1m d\u1ecbu, d\u1ec5 u\u1ed1ng:<\/strong> Kh\u00f4ng ch\u1ec9 t\u1ed1t cho s\u1ee9c kh\u1ecfe, Tr\u00e0 Nh\u00e2n Tr\u1ea7n B\u1ea3o Long c\u00f2n c\u00f3 h\u01b0\u01a1ng v\u1ecb th\u01a1m ngon, d\u1ec5 u\u1ed1ng, ph\u00f9 h\u1ee3p v\u1edbi m\u1ecdi l\u1ee9a tu\u1ed5i.<\/li>\n<li class=\" translation-block\"><strong>Ti\u1ec7n l\u1ee3i, d\u1ec5 s\u1eed d\u1ee5ng:<\/strong> Ch\u1ec9 c\u1ea7n pha v\u1edbi n\u01b0\u1edbc s\u00f4i l\u00e0 c\u00f3 ngay ly tr\u00e0 b\u1ed5 d\u01b0\u1ee1ng, th\u01b0\u1edfng th\u1ee9c m\u1ecdi l\u00fac m\u1ecdi n\u01a1i.<\/li>\n<li class=\" translation-block\"><strong>An to\u00e0n, l\u00e0nh t\u00ednh:<\/strong> S\u1ea3n ph\u1ea9m \u0111\u01b0\u1ee3c s\u1ea3n xu\u1ea5t t\u1eeb 100% th\u1ea3o d\u01b0\u1ee3c t\u1ef1 nhi\u00ean, kh\u00f4ng ch\u1ee9a ch\u1ea5t b\u1ea3o qu\u1ea3n, an to\u00e0n cho s\u1ee9c kh\u1ecfe l\u00e2u d\u00e0i.<\/li>\n<\/ul>\n<p><strong>H\u00e3y \u0111\u1ec3 Tr\u00e0 Nh\u00e2n Tr\u1ea7n B\u1ea3o Long \u0111\u1ed3ng h\u00e0nh c\u00f9ng b\u1ea1n tr\u00ean h\u00e0nh tr\u00ecnh ch\u0103m s\u00f3c s\u1ee9c kh\u1ecfe ch\u1ee7 \u0111\u1ed9ng. T\u1eadn h\u01b0\u1edfng cu\u1ed9c s\u1ed1ng kh\u1ecfe m\u1ea1nh, tr\u00e0n \u0111\u1ea7y n\u0103ng l\u01b0\u1ee3ng m\u1ed7i ng\u00e0y.<\/strong><\/p>","protected":false},"excerpt":{"rendered":"<p>Tr\u00e0 Nh\u00e2n Tr\u1ea7n B\u1ea3o Long s\u1ef1 k\u1ebft h\u1ee3p ho\u00e0n h\u1ea3o t\u1eeb c\u00e1c th\u1ea3o d\u01b0\u1ee3c thi\u00ean nhi\u00ean, tr\u1edf th\u00e0nh l\u00e1 ch\u1eafn b\u1ea3o v\u1ec7 s\u1ee9c kh\u1ecfe l\u00e1 gan c\u1ee7a b\u1ea1n m\u1ed7i ng\u00e0y<\/p>","protected":false},"featured_media":1815,"template":"","meta":[],"product_brand":[],"product_cat":[104],"product_tag":[],"class_list":{"0":"post-2989","1":"product","2":"type-product","3":"status-publish","4":"has-post-thumbnail","6":"product_cat-tra-thao-moc-bao-long","8":"first","9":"instock","10":"shipping-taxable","11":"purchasable","12":"product-type-simple"},"_links":{"self":[{"href":"https:\/\/saigon24.vn\/es\/wp-json\/wp\/v2\/product\/2989","targetHints":{"allow":["GET"]}}],"collection":[{"href":"https:\/\/saigon24.vn\/es\/wp-json\/wp\/v2\/product"}],"about":[{"href":"https:\/\/saigon24.vn\/es\/wp-json\/wp\/v2\/types\/product"}],"version-history":[{"count":0,"href":"https:\/\/saigon24.vn\/es\/wp-json\/wp\/v2\/product\/2989\/revisions"}],"wp:featuredmedia":[{"embeddable":true,"href":"https:\/\/saigon24.vn\/es\/wp-json\/wp\/v2\/media\/1815"}],"wp:attachment":[{"href":"https:\/\/saigon24.vn\/es\/wp-json\/wp\/v2\/media?parent=2989"}],"wp:term":[{"taxonomy":"product_brand","embeddable":true,"href":"https:\/\/saigon24.vn\/es\/wp-json\/wp\/v2\/product_brand?post=2989"},{"taxonomy":"product_cat","embeddable":true,"href":"https:\/\/saigon24.vn\/es\/wp-json\/wp\/v2\/product_cat?post=2989"},{"taxonomy":"product_tag","embeddable":true,"href":"https:\/\/saigon24.vn\/es\/wp-json\/wp\/v2\/product_tag?post=2989"}],"curies":[{"name":"wp","href":"https:\/\/api.w.org\/{rel}","templated":true}]}}