{"id":2987,"date":"2024-09-18T04:06:44","date_gmt":"2024-09-18T04:06:44","guid":{"rendered":"https:\/\/saigon24.vn\/?post_type=product&#038;p=2987"},"modified":"2024-09-25T06:32:31","modified_gmt":"2024-09-25T06:32:31","slug":"thuc-pham-bao-ve-suc-khoe-tra-gung-bao-long","status":"publish","type":"product","link":"https:\/\/saigon24.vn\/es\/product\/thuc-pham-bao-ve-suc-khoe-tra-gung-bao-long\/","title":{"rendered":"T\u00e9 de jengibre Bao Long"},"content":{"rendered":"<p><strong>Tr\u00e0 G\u1eebng B\u1ea3o Long: Gi\u1ea3i ph\u00e1p t\u1ef1 nhi\u00ean cho c\u00e1c tri\u1ec7u ch\u1ee9ng c\u1ea3m l\u1ea1nh<\/strong><\/p>\n<p class=\" translation-block\"><strong>Tr\u00e0 G\u1eebng B\u1ea3o Long<\/strong> l\u00e0 s\u1ea3n ph\u1ea9m h\u1ed7 tr\u1ee3 s\u1ee9c kh\u1ecfe \u0111\u01b0\u1ee3c b\u00e0o ch\u1ebf d\u01b0\u1edbi d\u1ea1ng tr\u00e0 t\u00fai l\u1ecdc ti\u1ec7n d\u1ee5ng, gi\u00fap l\u00e0m \u1ea5m c\u01a1 th\u1ec3 v\u00e0 gi\u1ea3m c\u00e1c tri\u1ec7u ch\u1ee9ng kh\u00f3 ch\u1ecbu do c\u1ea3m l\u1ea1nh nh\u01b0 m\u1ec7t m\u1ecfi, \u0111au \u0111\u1ea7u, ng\u1ea1t m\u0169i, ch\u1ea3y n\u01b0\u1edbc m\u0169i v\u00e0 \u0111au b\u1ee5ng.<\/p>\n<p><strong>Th\u00e0nh ph\u1ea7n ch\u00ednh:<\/strong><\/p>\n<ul>\n<li class=\" translation-block\"><strong>Can kh\u01b0\u01a1ng (G\u1eebng kh\u00f4):<\/strong> G\u1eebng c\u00f3 t\u00ednh \u1ea5m, gi\u00fap l\u00e0m \u1ea5m c\u01a1 th\u1ec3, t\u0103ng c\u01b0\u1eddng tu\u1ea7n ho\u00e0n m\u00e1u, gi\u1ea3m \u0111au v\u00e0 ch\u1ed1ng vi\u00eam.<\/li>\n<li class=\" translation-block\"><strong>Cam th\u1ea3o:<\/strong> C\u00f3 t\u00e1c d\u1ee5ng gi\u1ea3m ho, long \u0111\u1eddm, l\u00e0m d\u1ecbu c\u1ed5 h\u1ecdng.<\/li>\n<li class=\" translation-block\"><strong>C\u1ecf ng\u1ecdt:<\/strong> T\u1ea1o v\u1ecb ng\u1ecdt t\u1ef1 nhi\u00ean, kh\u00f4ng g\u00e2y t\u0103ng \u0111\u01b0\u1eddng huy\u1ebft.<\/li>\n<\/ul>\n<p><strong>C\u00f4ng d\u1ee5ng:<\/strong><\/p>\n<ul>\n<li>H\u1ed7 tr\u1ee3 l\u00e0m \u1ea5m c\u01a1 th\u1ec3.<\/li>\n<li>Gi\u00fap gi\u1ea3m c\u00e1c tri\u1ec7u ch\u1ee9ng: m\u1ec7t m\u1ecfi, \u0111au \u0111\u1ea7u, ng\u1ea1t m\u0169i, ch\u1ea3y n\u01b0\u1edbc m\u0169i, \u0111au b\u1ee5ng do c\u1ea3m l\u1ea1nh.<\/li>\n<\/ul>\n<p class=\" translation-block\"><strong>Tr\u00e0 G\u1eebng B\u1ea3o Long<\/strong> l\u00e0 m\u1ed9t l\u1ef1a ch\u1ecdn t\u1ef1 nhi\u00ean v\u00e0 an to\u00e0n \u0111\u1ec3 h\u1ed7 tr\u1ee3 gi\u1ea3m c\u00e1c tri\u1ec7u ch\u1ee9ng c\u1ea3m l\u1ea1nh, gi\u00fap b\u1ea1n c\u1ea3m th\u1ea5y tho\u1ea3i m\u00e1i v\u00e0 d\u1ec5 ch\u1ecbu h\u01a1n. H\u00e3y s\u1eed d\u1ee5ng s\u1ea3n ph\u1ea9m k\u1ebft h\u1ee3p v\u1edbi ngh\u1ec9 ng\u01a1i \u0111\u1ea7y \u0111\u1ee7 v\u00e0 ch\u1ebf \u0111\u1ed9 \u0103n u\u1ed1ng l\u00e0nh m\u1ea1nh \u0111\u1ec3 nhanh ch\u00f3ng ph\u1ee5c h\u1ed3i s\u1ee9c kh\u1ecfe.<\/p>","protected":false},"excerpt":{"rendered":"<p>Tr\u00e0 G\u1eebng B\u1ea3o Long h\u1ed7 tr\u1ee3 s\u1ee9c kh\u1ecfe ,gi\u00fap l\u00e0m \u1ea5m c\u01a1 th\u1ec3 v\u00e0 gi\u1ea3m c\u00e1c tri\u1ec7u ch\u1ee9ng kh\u00f3 ch\u1ecbu do c\u1ea3m l\u1ea1nh nh\u01b0 m\u1ec7t m\u1ecfi, \u0111au \u0111\u1ea7u, ng\u1ea1t m\u0169i, ch\u1ea3y n\u01b0\u1edbc m\u0169i v\u00e0 \u0111au b\u1ee5ng<\/p>","protected":false},"featured_media":1808,"template":"","meta":[],"product_brand":[],"product_cat":[104],"product_tag":[],"class_list":{"0":"post-2987","1":"product","2":"type-product","3":"status-publish","4":"has-post-thumbnail","6":"product_cat-tra-thao-moc-bao-long","8":"first","9":"instock","10":"shipping-taxable","11":"purchasable","12":"product-type-simple"},"_links":{"self":[{"href":"https:\/\/saigon24.vn\/es\/wp-json\/wp\/v2\/product\/2987","targetHints":{"allow":["GET"]}}],"collection":[{"href":"https:\/\/saigon24.vn\/es\/wp-json\/wp\/v2\/product"}],"about":[{"href":"https:\/\/saigon24.vn\/es\/wp-json\/wp\/v2\/types\/product"}],"version-history":[{"count":0,"href":"https:\/\/saigon24.vn\/es\/wp-json\/wp\/v2\/product\/2987\/revisions"}],"wp:featuredmedia":[{"embeddable":true,"href":"https:\/\/saigon24.vn\/es\/wp-json\/wp\/v2\/media\/1808"}],"wp:attachment":[{"href":"https:\/\/saigon24.vn\/es\/wp-json\/wp\/v2\/media?parent=2987"}],"wp:term":[{"taxonomy":"product_brand","embeddable":true,"href":"https:\/\/saigon24.vn\/es\/wp-json\/wp\/v2\/product_brand?post=2987"},{"taxonomy":"product_cat","embeddable":true,"href":"https:\/\/saigon24.vn\/es\/wp-json\/wp\/v2\/product_cat?post=2987"},{"taxonomy":"product_tag","embeddable":true,"href":"https:\/\/saigon24.vn\/es\/wp-json\/wp\/v2\/product_tag?post=2987"}],"curies":[{"name":"wp","href":"https:\/\/api.w.org\/{rel}","templated":true}]}}