{"id":2891,"date":"2024-09-18T04:06:14","date_gmt":"2024-09-18T04:06:14","guid":{"rendered":"https:\/\/saigon24.vn\/?post_type=product&#038;p=2891"},"modified":"2024-09-27T04:36:58","modified_gmt":"2024-09-27T04:36:58","slug":"ca-phe-hoa-tan-dreamland-dong-trung-ha-thao","status":"publish","type":"product","link":"https:\/\/saigon24.vn\/es\/product\/ca-phe-hoa-tan-dreamland-dong-trung-ha-thao\/","title":{"rendered":"CAF\u00c9 INSTANT\u00c1NEO DREAMLAND CON Cordyceps"},"content":{"rendered":"<p class=\" translation-block\"><strong>C\u00e0 ph\u00ea ho\u00e0<\/strong><strong> tan Dreamland <\/strong><strong>\u0110\u00f4ng tr\u00f9ng h\u1ea1 th\u1ea3o: S\u1ef1 h\u00f2a quy\u1ec7n ho\u00e0n h\u1ea3o cho s\u1ee9c kh\u1ecfe th\u0103ng hoa<\/strong><\/p>\n<p>M\u1ed9t bu\u1ed5i s\u00e1ng th\u1ee9c d\u1eady, b\u1ea1n \u0111\u01b0\u1ee3c th\u01b0\u1edfng th\u1ee9c m\u1ed9t t\u00e1ch c\u00e0 ph\u00ea kh\u00f4ng ch\u1ec9 \u0111\u00e1nh th\u1ee9c m\u1ecdi gi\u00e1c quan m\u00e0 c\u00f2n ti\u1ebfp th\u00eam ngu\u1ed3n n\u0103ng l\u01b0\u1ee3ng d\u1ed3i d\u00e0o, n\u00e2ng niu s\u1ee9c kh\u1ecfe t\u1eeb b\u00ean trong.<\/p>\n<p>T\u1eeb xa x\u01b0a \u0110\u00f4ng tr\u00f9ng h\u1ea1 th\u1ea3o \u0111\u01b0\u1ee3c xem &#8220;Th\u1ea7n d\u01b0\u1ee3c&#8221; t\u1eeb thi\u00ean nhi\u00ean, \u0111\u00f4ng tr\u00f9ng h\u1ea1 th\u1ea3o n\u1ed5i ti\u1ebfng v\u1edbi kh\u1ea3 n\u0103ng b\u1ed3i b\u1ed5 s\u1ee9c kh\u1ecfe to\u00e0n di\u1ec7n, t\u0103ng c\u01b0\u1eddng h\u1ec7 mi\u1ec5n d\u1ecbch, n\u00e2ng cao s\u1ee9c \u0111\u1ec1 kh\u00e1ng, c\u1ea3i thi\u1ec7n ch\u1ee9c n\u0103ng gan, th\u1eadn.<\/p>\n<p>El caf\u00e9 instant\u00e1neo Dreamland Cordyceps es una mezcla delicada que sublima los valores de ambos y aporta beneficios excepcionales:<\/p>\n<ul>\n<li class=\" translation-block\"><strong>B\u1eebng t\u1ec9nh n\u0103ng l\u01b0\u1ee3ng, t\u0103ng c\u01b0\u1eddng s\u1ee9c kh\u1ecfe:<\/strong> S\u1ef1 k\u1ebft h\u1ee3p n\u00e0y \u0111\u00e1nh th\u1ee9c ngu\u1ed3n n\u0103ng l\u01b0\u1ee3ng ti\u1ec1m \u1ea9n trong b\u1ea1n, \u0111\u1ed3ng th\u1eddi nu\u00f4i d\u01b0\u1ee1ng s\u1ee9c kh\u1ecfe t\u1eeb s\u00e2u b\u00ean trong, gi\u00fap b\u1ea1n lu\u00f4n tr\u00e0n \u0111\u1ea7y s\u1ee9c s\u1ed1ng.<\/li>\n<li class=\" translation-block\"><strong>Th\u01a1m ngon, ti\u1ec7n l\u1ee3i:<\/strong> H\u01b0\u01a1ng v\u1ecb c\u00e0 ph\u00ea Robusta \u0111\u1eadm \u0111\u00e0 h\u00f2a quy\u1ec7n c\u00f9ng h\u01b0\u01a1ng th\u01a1m \u0111\u1eb7c tr\u01b0ng c\u1ee7a \u0111\u00f4ng tr\u00f9ng h\u1ea1 th\u1ea3o t\u1ea1o n\u00ean m\u1ed9t tr\u1ea3i nghi\u1ec7m th\u01b0\u1edfng th\u1ee9c \u0111\u1ed9c \u0111\u00e1o, kh\u00f3 qu\u00ean. D\u1ea1ng h\u00f2a tan ti\u1ec7n l\u1ee3i, d\u1ec5 d\u00e0ng pha ch\u1ebf v\u00e0 th\u01b0\u1edfng th\u1ee9c m\u1ecdi l\u00fac m\u1ecdi n\u01a1i.<\/li>\n<li class=\" translation-block\"><strong>Ph\u00f9 h\u1ee3p v\u1edbi m\u1ecdi \u0111\u1ed1i t\u01b0\u1ee3ng:<\/strong> D\u00f9 b\u1ea1n l\u00e0 ng\u01b0\u1eddi b\u1eadn r\u1ed9n c\u1ea7n n\u0103ng l\u01b0\u1ee3ng \u0111\u1ec3 l\u00e0m vi\u1ec7c, h\u1ecdc t\u1eadp, hay \u0111\u01a1n gi\u1ea3n l\u00e0 mu\u1ed1n ch\u0103m s\u00f3c s\u1ee9c kh\u1ecfe, C\u00e0 ph\u00ea ho\u00e0 tan Dreamland \u0110\u00f4ng tr\u00f9ng h\u1ea1 th\u1ea3o \u0111\u1ec1u l\u00e0 l\u1ef1a ch\u1ecdn ho\u00e0n h\u1ea3o.<\/li>\n<\/ul>\n<p>H\u00e3y \u0111\u1ec3 C\u00e0 ph\u00ea ho\u00e0 tan Dreamland \u0110\u00f4ng tr\u00f9ng h\u1ea1 th\u1ea3o \u0111\u1ed3ng h\u00e0nh c\u00f9ng b\u1ea1n m\u1ed7i ng\u00e0y, \u0111\u00e1nh th\u1ee9c ngu\u1ed3n n\u0103ng l\u01b0\u1ee3ng ti\u1ec1m \u1ea9n, n\u00e2ng niu s\u1ee9c kh\u1ecfe, s\u1eb5n s\u00e0ng chinh ph\u1ee5c m\u1ecdi \u0111\u1ec9nh cao!<\/p>","protected":false},"excerpt":{"rendered":"<p>El caf\u00e9 instant\u00e1neo Dreamland Cordyceps es una mezcla delicada que sublima los valores de ambos y aporta beneficios excepcionales:<\/p>","protected":false},"featured_media":1462,"template":"","meta":[],"product_brand":[],"product_cat":[87],"product_tag":[],"class_list":{"0":"post-2891","1":"product","2":"type-product","3":"status-publish","4":"has-post-thumbnail","6":"product_cat-chua-phan-loai","7":"pa_phan-loai-le","8":"pa_phan-loai-si","10":"first","11":"instock","12":"shipping-taxable","13":"purchasable","14":"product-type-variable","15":"has-default-attributes"},"_links":{"self":[{"href":"https:\/\/saigon24.vn\/es\/wp-json\/wp\/v2\/product\/2891","targetHints":{"allow":["GET"]}}],"collection":[{"href":"https:\/\/saigon24.vn\/es\/wp-json\/wp\/v2\/product"}],"about":[{"href":"https:\/\/saigon24.vn\/es\/wp-json\/wp\/v2\/types\/product"}],"version-history":[{"count":0,"href":"https:\/\/saigon24.vn\/es\/wp-json\/wp\/v2\/product\/2891\/revisions"}],"wp:featuredmedia":[{"embeddable":true,"href":"https:\/\/saigon24.vn\/es\/wp-json\/wp\/v2\/media\/1462"}],"wp:attachment":[{"href":"https:\/\/saigon24.vn\/es\/wp-json\/wp\/v2\/media?parent=2891"}],"wp:term":[{"taxonomy":"product_brand","embeddable":true,"href":"https:\/\/saigon24.vn\/es\/wp-json\/wp\/v2\/product_brand?post=2891"},{"taxonomy":"product_cat","embeddable":true,"href":"https:\/\/saigon24.vn\/es\/wp-json\/wp\/v2\/product_cat?post=2891"},{"taxonomy":"product_tag","embeddable":true,"href":"https:\/\/saigon24.vn\/es\/wp-json\/wp\/v2\/product_tag?post=2891"}],"curies":[{"name":"wp","href":"https:\/\/api.w.org\/{rel}","templated":true}]}}