{"id":2879,"date":"2024-09-18T04:06:09","date_gmt":"2024-09-18T04:06:09","guid":{"rendered":"https:\/\/saigon24.vn\/?post_type=product&#038;p=2879"},"modified":"2024-09-27T03:50:10","modified_gmt":"2024-09-27T03:50:10","slug":"ca-phe-hoa-tan-dreamland-chill-vi-thao-moc","status":"publish","type":"product","link":"https:\/\/saigon24.vn\/es\/product\/ca-phe-hoa-tan-dreamland-chill-vi-thao-moc\/","title":{"rendered":"CAF\u00c9 INSTANT\u00c1NEO DREAMLAND CHILL CON SABOR A HIERBAS"},"content":{"rendered":"<p><strong>Sabor a hierbas Dreamland Chill: sabor a hierbas dulces, escalofr\u00edo profundo<\/strong><\/p>\n<p><strong>Deja temporalmente de lado el caos y sum\u00e9rgete en un lugar tranquilo<\/strong><\/p>\n<p>A veces, en medio de las preocupaciones diarias, s\u00f3lo necesitamos un momento para respirar profundamente, dejar que nuestra alma se calme y encuentre el equilibrio. El caf\u00e9 instant\u00e1neo Dreamland Chill Herbal, con su suave sabor a hierbas y ligeras notas de caf\u00e9, ser\u00e1 el compa\u00f1ero ideal para esos preciosos momentos de relajaci\u00f3n.<\/p>\n<p><strong>Fr\u00edo por el sabor<\/strong><\/p>\n<ul>\n<li>Las hierbas del caf\u00e9 fr\u00edo son como una canci\u00f3n suave que arrulla nuestras almas en un sue\u00f1o pac\u00edfico.<\/li>\n<li>El caf\u00e9 es tan suave como un susurro, despierta los sentidos y disipa la fatiga.<\/li>\n<li>Las preciosas flores de azafr\u00e1n a\u00f1aden un aroma lujoso y seductor.<\/li>\n<li>La mantequilla de vacas alimentadas con pasto es grasosa y se derrite en la punta de la lengua, brindando una sensaci\u00f3n c\u00e1lida y agradable.<\/li>\n<\/ul>\n<p><strong>Fr\u00edo de la mente<\/strong><\/p>\n<ul>\n<li>Las hierbas ayudan a calmar la mente, aliviar el estr\u00e9s y dar una sensaci\u00f3n de relajaci\u00f3n y ligereza.<\/li>\n<li>El caf\u00e9 es suficiente para mantenerte alerta, concentrado y listo para enfrentar nuevos desaf\u00edos.<\/li>\n<li>Las flores de azafr\u00e1n y el aguacate aportan valiosos nutrientes que nutren el cuerpo desde el interior.<\/li>\n<\/ul>\n<p><strong>Rel\u00e1jate en cualquier momento y en cualquier lugar<\/strong><\/p>\n<ul>\n<li>Un paquete de caf\u00e9 instant\u00e1neo a base de hierbas Dreamland Chill, un poco de agua caliente y obtendr\u00e1s una deliciosa y nutritiva taza de caf\u00e9 a base de hierbas.<\/li>\n<li>Ya sea temprano en la ma\u00f1ana o una tarde relajante, el caf\u00e9 instant\u00e1neo Dreamland Chill Herbal est\u00e1 siempre listo para acompa\u00f1arte.<\/li>\n<\/ul>\n<p><strong>Refrigerio seguro, refrigerio saludable<\/strong><\/p>\n<ul>\n<li>Ingredientes naturales, sin conservantes, sin saborizantes artificiales.<\/li>\n<li>Producido en modernas l\u00edneas de producci\u00f3n, garantizando la higiene y seguridad alimentaria.<\/li>\n<\/ul>\n<p><strong>\u00a1Sum\u00e9rgete en el fr\u00edo mundo de Dreamland Chill Herbal Instant Coffee, para que cada d\u00eda sea un d\u00eda de relajaci\u00f3n y lleno de energ\u00eda positiva!<\/strong><\/p>","protected":false},"excerpt":{"rendered":"<p>El caf\u00e9 instant\u00e1neo Dreamland Chill Herbal, con su suave sabor a hierbas y ligeras notas de caf\u00e9, ser\u00e1 el compa\u00f1ero ideal para preciosos momentos de relajaci\u00f3n.<\/p>","protected":false},"featured_media":1409,"template":"","meta":[],"product_brand":[],"product_cat":[87],"product_tag":[],"class_list":{"0":"post-2879","1":"product","2":"type-product","3":"status-publish","4":"has-post-thumbnail","6":"product_cat-chua-phan-loai","8":"first","9":"instock","10":"sold-individually","11":"shipping-taxable","12":"purchasable","13":"product-type-simple"},"_links":{"self":[{"href":"https:\/\/saigon24.vn\/es\/wp-json\/wp\/v2\/product\/2879","targetHints":{"allow":["GET"]}}],"collection":[{"href":"https:\/\/saigon24.vn\/es\/wp-json\/wp\/v2\/product"}],"about":[{"href":"https:\/\/saigon24.vn\/es\/wp-json\/wp\/v2\/types\/product"}],"version-history":[{"count":0,"href":"https:\/\/saigon24.vn\/es\/wp-json\/wp\/v2\/product\/2879\/revisions"}],"wp:featuredmedia":[{"embeddable":true,"href":"https:\/\/saigon24.vn\/es\/wp-json\/wp\/v2\/media\/1409"}],"wp:attachment":[{"href":"https:\/\/saigon24.vn\/es\/wp-json\/wp\/v2\/media?parent=2879"}],"wp:term":[{"taxonomy":"product_brand","embeddable":true,"href":"https:\/\/saigon24.vn\/es\/wp-json\/wp\/v2\/product_brand?post=2879"},{"taxonomy":"product_cat","embeddable":true,"href":"https:\/\/saigon24.vn\/es\/wp-json\/wp\/v2\/product_cat?post=2879"},{"taxonomy":"product_tag","embeddable":true,"href":"https:\/\/saigon24.vn\/es\/wp-json\/wp\/v2\/product_tag?post=2879"}],"curies":[{"name":"wp","href":"https:\/\/api.w.org\/{rel}","templated":true}]}}