{"id":2875,"date":"2024-09-18T04:06:08","date_gmt":"2024-09-18T04:06:08","guid":{"rendered":"https:\/\/saigon24.vn\/?post_type=product&#038;p=2875"},"modified":"2024-09-25T03:43:10","modified_gmt":"2024-09-25T03:43:10","slug":"ca-phe-hoa-tan-dreamland-slim-vi-thao-moc","status":"publish","type":"product","link":"https:\/\/saigon24.vn\/es\/product\/ca-phe-hoa-tan-dreamland-slim-vi-thao-moc\/","title":{"rendered":"DREAMLAND SLIM CAF\u00c9 INSTANT\u00c1NEO SABOR HIERBAS"},"content":{"rendered":"<p>Dreamland Slim: C\u00e0 ph\u00ea th\u01a1m, d\u00e1ng xinh<\/p>\n<p><strong>Y\u00eau c\u00e0 ph\u00ea, m\u00ea d\u00e1ng \u0111\u1eb9p? Kh\u00f4ng g\u00ec l\u00e0 kh\u00f4ng th\u1ec3!<\/strong><\/p>\n<p>C\u00e1c n\u00e0ng \u01a1i, \u0111\u00e3 bao gi\u1edd c\u00e1c n\u00e0ng ph\u1ea3i \u0111\u1ea5u tranh gi\u1eefa ni\u1ec1m \u0111am m\u00ea c\u00e0 ph\u00ea v\u00e0 \u01b0\u1edbc m\u01a1 s\u1edf h\u1eefu v\u00f3c d\u00e1ng thon g\u1ecdn? \u0110\u1eebng lo l\u1eafng, Dreamland Slim s\u1ebd l\u00e0 &#8220;c\u1ee9u tinh&#8221; cho n\u00e0ng, gi\u00fap n\u00e0ng th\u1ecfa s\u1ee9c th\u01b0\u1edfng th\u1ee9c c\u00e0 ph\u00ea m\u00e0 v\u1eabn t\u1ef1 tin khoe d\u00e1ng xinh.<\/p>\n<p><strong>C\u00f4ng th\u1ee9c ho\u00e0n h\u1ea3o t\u1eeb thi\u00ean nhi\u00ean, \u0111\u00e1nh th\u1ee9c v\u1ebb \u0111\u1eb9p ti\u1ec1m \u1ea9n:<\/strong><\/p>\n<p>Dreamland Slim kh\u00f4ng ch\u1ec9 l\u00e0 c\u00e0 ph\u00ea, m\u00e0 c\u00f2n l\u00e0 s\u1ef1 k\u1ebft h\u1ee3p tinh t\u1ebf gi\u1eefa nh\u1eefng th\u00e0nh ph\u1ea7n thi\u00ean nhi\u00ean qu\u00fd gi\u00e1, mang \u0111\u1ebfn cho n\u00e0ng tr\u1ea3i nghi\u1ec7m th\u01b0\u1edfng th\u1ee9c c\u00e0 ph\u00ea tuy\u1ec7t v\u1eddi v\u00e0 h\u00e0nh tr\u00ecnh gi\u1eef d\u00e1ng nh\u1eb9 nh\u00e0ng, hi\u1ec7u qu\u1ea3:<\/p>\n<ul>\n<li>H\u01b0\u01a1ng v\u1ecb c\u00e0 ph\u00ea Robusta \u0111\u1eadm \u0111\u00e0, th\u01a1m ngon, \u0111\u00e1nh th\u1ee9c m\u1ecdi gi\u00e1c quan, cho n\u00e0ng nh\u1eefng ph\u00fat gi\u00e2y th\u01b0 gi\u00e3n tuy\u1ec7t v\u1eddi.<\/li>\n<li>Ch\u1ea5t t\u1ea1o ng\u1ecdt t\u1ef1 nhi\u00ean, kh\u00f4ng g\u00e2y t\u0103ng c\u00e2n, n\u00e0ng c\u00f3 th\u1ec3 th\u01b0\u1edfng th\u1ee9c c\u00e0 ph\u00ea m\u00e0 kh\u00f4ng lo \u1ea3nh h\u01b0\u1edfng \u0111\u1ebfn v\u00f3c d\u00e1ng.<\/li>\n<li>B\u01a1 t\u1eeb b\u00f2 \u0103n c\u1ecf cung c\u1ea5p n\u0103ng l\u01b0\u1ee3ng l\u00e0nh m\u1ea1nh, t\u1ea1o c\u1ea3m gi\u00e1c no l\u00e2u, h\u1ed7 tr\u1ee3 ki\u1ec3m so\u00e1t c\u01a1n th\u00e8m \u0103n, gi\u00fap n\u00e0ng d\u1ec5 d\u00e0ng ki\u1ec3m so\u00e1t ch\u1ebf \u0111\u1ed9 \u0103n u\u1ed1ng.<\/li>\n<li>Chi\u1ebft xu\u1ea5t t\u1eeb c\u00e0 ph\u00ea xanh v\u00e0 n\u1ea5m Chaga, b\u1ed9 \u0111\u00f4i ho\u00e0n h\u1ea3o gi\u00fap t\u0103ng c\u01b0\u1eddng qu\u00e1 tr\u00ecnh trao \u0111\u1ed5i ch\u1ea5t, \u0111\u1ed1t ch\u00e1y m\u1ee1 th\u1eeba hi\u1ec7u qu\u1ea3, h\u1ed7 tr\u1ee3 n\u00e0ng gi\u1ea3m c\u00e2n m\u1ed9t c\u00e1ch t\u1ef1 nhi\u00ean v\u00e0 an to\u00e0n.<\/li>\n<\/ul>\n<p><strong>Dreamland Slim &#8211; Ng\u01b0\u1eddi b\u1ea1n \u0111\u1ed3ng h\u00e0nh l\u00fd t\u01b0\u1edfng c\u1ee7a m\u1ecdi c\u00f4 g\u00e1i:<\/strong><\/p>\n<ul>\n<li>H\u1ed7 tr\u1ee3 gi\u1ea3m c\u00e2n hi\u1ec7u qu\u1ea3, ki\u1ec3m so\u00e1t c\u00e2n n\u1eb7ng, cho n\u00e0ng t\u1ef1 tin khoe d\u00e1ng xinh.<\/li>\n<li>B\u1ed5 sung n\u0103ng l\u01b0\u1ee3ng l\u00e0nh m\u1ea1nh, t\u1ea1o c\u1ea3m gi\u00e1c no l\u00e2u, gi\u00fap n\u00e0ng ki\u1ec3m so\u00e1t ch\u1ebf \u0111\u1ed9 \u0103n u\u1ed1ng d\u1ec5 d\u00e0ng.<\/li>\n<li>T\u0103ng c\u01b0\u1eddng s\u1ee9c kh\u1ecfe, ch\u1ed1ng oxy h\u00f3a, cho n\u00e0ng l\u00e0n da t\u01b0\u01a1i tr\u1ebb, r\u1ea1ng r\u1ee1.<\/li>\n<li>Ti\u1ec7n l\u1ee3i, d\u1ec5 d\u00e0ng pha ch\u1ebf, ph\u00f9 h\u1ee3p v\u1edbi cu\u1ed9c s\u1ed1ng b\u1eadn r\u1ed9n c\u1ee7a n\u00e0ng.<\/li>\n<\/ul>\n<p><strong>\u0110\u1eebng \u0111\u1ec3 n\u1ed7i lo v\u1ec1 c\u00e2n n\u1eb7ng ng\u0103n c\u1ea3n n\u00e0ng th\u01b0\u1edfng th\u1ee9c c\u00e0 ph\u00ea! H\u00e3y ch\u1ecdn Dreamland Slim ngay h\u00f4m nay v\u00e0 t\u1ef1 tin t\u1ecfa s\u00e1ng!<\/strong><\/p>","protected":false},"excerpt":{"rendered":"<p>C\u00e0 ph\u00ea h\u00f2a tan Dreamland Slim v\u1edbi c\u00f4ng th\u1ee9c \u0111\u1eb7c bi\u1ec7t k\u1ebft h\u1ee3p c\u00e0 ph\u00ea h\u1ea3o h\u1ea1ng c\u00f9ng c\u00e1c th\u00e0nh ph\u1ea7n h\u1ed7 tr\u1ee3 gi\u1ea3m c\u00e2n nh\u01b0 ch\u1ea5t b\u00e9o h\u00f2a tan t\u1eeb d\u1ea7u d\u1eeba, b\u01a1 Ghee, chi\u1ebft xu\u1ea5t n\u1ea5m Chaga, Dreamland Slim kh\u00f4ng ch\u1ec9 mang \u0111\u1ebfn h\u01b0\u01a1ng v\u1ecb c\u00e0 ph\u00ea th\u01a1m ngon m\u00e0 c\u00f2n gi\u00fap b\u1ea1n ki\u1ec3m so\u00e1t c\u00e2n n\u1eb7ng hi\u1ec7u qu\u1ea3.<\/p>","protected":false},"featured_media":1394,"template":"","meta":[],"product_brand":[],"product_cat":[87],"product_tag":[],"class_list":{"0":"post-2875","1":"product","2":"type-product","3":"status-publish","4":"has-post-thumbnail","6":"product_cat-chua-phan-loai","8":"first","9":"instock","10":"shipping-taxable","11":"purchasable","12":"product-type-simple"},"_links":{"self":[{"href":"https:\/\/saigon24.vn\/es\/wp-json\/wp\/v2\/product\/2875","targetHints":{"allow":["GET"]}}],"collection":[{"href":"https:\/\/saigon24.vn\/es\/wp-json\/wp\/v2\/product"}],"about":[{"href":"https:\/\/saigon24.vn\/es\/wp-json\/wp\/v2\/types\/product"}],"version-history":[{"count":0,"href":"https:\/\/saigon24.vn\/es\/wp-json\/wp\/v2\/product\/2875\/revisions"}],"wp:featuredmedia":[{"embeddable":true,"href":"https:\/\/saigon24.vn\/es\/wp-json\/wp\/v2\/media\/1394"}],"wp:attachment":[{"href":"https:\/\/saigon24.vn\/es\/wp-json\/wp\/v2\/media?parent=2875"}],"wp:term":[{"taxonomy":"product_brand","embeddable":true,"href":"https:\/\/saigon24.vn\/es\/wp-json\/wp\/v2\/product_brand?post=2875"},{"taxonomy":"product_cat","embeddable":true,"href":"https:\/\/saigon24.vn\/es\/wp-json\/wp\/v2\/product_cat?post=2875"},{"taxonomy":"product_tag","embeddable":true,"href":"https:\/\/saigon24.vn\/es\/wp-json\/wp\/v2\/product_tag?post=2875"}],"curies":[{"name":"wp","href":"https:\/\/api.w.org\/{rel}","templated":true}]}}