{"id":2873,"date":"2024-09-18T04:06:07","date_gmt":"2024-09-18T04:06:07","guid":{"rendered":"https:\/\/saigon24.vn\/?post_type=product&#038;p=2873"},"modified":"2024-09-25T03:43:11","modified_gmt":"2024-09-25T03:43:11","slug":"ca-phe-hoa-tan-dreamland-beauty-vi-thao-moc","status":"publish","type":"product","link":"https:\/\/saigon24.vn\/es\/product\/ca-phe-hoa-tan-dreamland-beauty-vi-thao-moc\/","title":{"rendered":"DREAMLAND BEAUTY CAF\u00c9 INSTANT\u00c1NEO SABOR A HIERBAS"},"content":{"rendered":"<p><strong>Dreamland Beauty V\u1ecb Th\u1ea3o M\u1ed9c: <\/strong><\/p>\n<p><strong>&#8220;U\u1ed1ng c\u00e0 ph\u00ea, \u0111\u1eb9p l\u00ean t\u1eebng ng\u00e0y&#8221; kh\u00f4ng c\u00f2n l\u00e0 gi\u1ea5c m\u01a1!<\/strong><\/p>\n<p>B\u1ea1n c\u00f3 bi\u1ebft r\u1eb1ng l\u00e0n da \u0111\u1eb9p kh\u00f4ng ch\u1ec9 \u0111\u1ebfn t\u1eeb vi\u1ec7c ch\u0103m s\u00f3c b\u00ean ngo\u00e0i m\u00e0 c\u00f2n c\u1ea7n s\u1ef1 nu\u00f4i d\u01b0\u1ee1ng t\u1eeb b\u00ean trong? Dreamland Beauty V\u1ecb Th\u1ea3o M\u1ed9c, v\u1edbi s\u1ef1 k\u1ebft h\u1ee3p ho\u00e0n h\u1ea3o gi\u1eefa c\u00e0 ph\u00ea th\u01a1m ngon v\u00e0 c\u00e1c th\u00e0nh ph\u1ea7n d\u01b0\u1ee1ng da qu\u00fd gi\u00e1, s\u1ebd mang \u0111\u1ebfn cho b\u1ea1n m\u1ed9t gi\u1ea3i ph\u00e1p l\u00e0m \u0111\u1eb9p to\u00e0n di\u1ec7n, gi\u00fap l\u00e0n da lu\u00f4n t\u01b0\u01a1i tr\u1ebb, r\u1ea1ng ng\u1eddi.<\/p>\n<p><strong>B\u1ea3n giao h\u01b0\u1edfng ho\u00e0n h\u1ea3o c\u1ee7a thi\u00ean nhi\u00ean<\/strong><\/p>\n<p>S\u1ef1 k\u1ebft h\u1ee3p \u0111\u1ed9c \u0111\u00e1o gi\u1eefa c\u00e0 ph\u00ea robusta th\u01a1m ngon, collagen th\u1ee7y ph\u00e2n, Vitamin C t\u1eeb n\u01b0\u1edbc c\u1ed1t chanh c\u00f4 \u0111\u1eb7c v\u00e0 h\u1ed3ng s\u00e2m t\u1ea1o n\u00ean m\u1ed9t th\u1ee9c u\u1ed1ng kh\u00f4ng ch\u1ec9 \u0111\u00e1nh th\u1ee9c v\u1ecb gi\u00e1c m\u00e0 c\u00f2n mang \u0111\u1ebfn ngu\u1ed3n n\u0103ng l\u01b0\u1ee3ng t\u01b0\u01a1i m\u1edbi cho l\u00e0n da v\u00e0 c\u01a1 th\u1ec3.<\/p>\n<ul>\n<li>Kh\u1ea3 n\u0103ng h\u1ea5p th\u1ee5 Collagen th\u1ee7y ph\u00e2n l\u00ean \u0111\u1ebfn 99% gi\u00fap tr\u1ebb h\u00f3a l\u00e0n da, l\u00e0m m\u1edd n\u1ebfp nh\u0103n, t\u0103ng \u0111\u1ed9 \u0111\u00e0n h\u1ed3i, cho b\u1ea1n l\u00e0n da c\u0103ng m\u1ecbn, t\u01b0\u01a1i tr\u1ebb.<\/li>\n<li>Vitamin C t\u1eeb n\u01b0\u1edbc c\u1ed1t chanh c\u00f4 \u0111\u1eb7c ch\u1ed1ng oxy h\u00f3a m\u1ea1nh m\u1ebd, l\u00e0m s\u00e1ng da, m\u1edd th\u00e2m n\u00e1m, mang l\u1ea1i l\u00e0n da \u0111\u1ec1u m\u00e0u, r\u1ea1ng r\u1ee1.<\/li>\n<li>H\u1ed3ng s\u00e2m gi\u00fap b\u1ed3i b\u1ed5 s\u1ee9c kh\u1ecfe, t\u0103ng c\u01b0\u1eddng s\u1ee9c \u0111\u1ec1 kh\u00e1ng, gi\u1ea3m c\u0103ng th\u1eb3ng, m\u1ec7t m\u1ecfi, gi\u00fap b\u1ea1n lu\u00f4n tr\u00e0n \u0111\u1ea7y n\u0103ng l\u01b0\u1ee3ng v\u00e0 s\u1ee9c s\u1ed1ng, l\u00e0n da c\u0169ng nh\u1edd \u0111\u00f3 m\u00e0 h\u1ed3ng h\u00e0o, t\u01b0\u01a1i t\u1eafn h\u01a1n.<\/li>\n<\/ul>\n<p><strong>Th\u01b0\u1edfng th\u1ee9c c\u00e0 ph\u00ea, nu\u00f4i d\u01b0\u1ee1ng s\u1eafc \u0111\u1eb9p m\u1ed7i ng\u00e0y<\/strong><\/p>\n<p>Ch\u1ec9 c\u1ea7n m\u1ed9t g\u00f3i Dreamland Beauty V\u1ecb Th\u1ea3o M\u1ed9c v\u00e0 n\u01b0\u1edbc n\u00f3ng, b\u1ea1n \u0111\u00e3 c\u00f3 th\u1ec3 th\u01b0\u1edfng th\u1ee9c m\u1ed9t ly c\u00e0 ph\u00ea th\u01a1m ngon, \u0111\u1ed3ng th\u1eddi ch\u0103m s\u00f3c l\u00e0n da v\u00e0 s\u1ee9c kh\u1ecfe to\u00e0n di\u1ec7n.<\/p>\n<p><strong>H\u00e3y \u0111\u1ec3 Dreamland Beauty V\u1ecb Th\u1ea3o M\u1ed9c \u0111\u1ed3ng h\u00e0nh c\u00f9ng b\u1ea1n tr\u00ean h\u00e0nh tr\u00ecnh t\u1ecfa s\u00e1ng v\u1ebb \u0111\u1eb9p t\u1ef1 nhi\u00ean t\u1eeb b\u00ean trong!<\/strong><\/p>","protected":false},"excerpt":{"rendered":"<p>Dreamland Beauty V\u1ecb Th\u1ea3o M\u1ed9c, v\u1edbi s\u1ef1 k\u1ebft h\u1ee3p ho\u00e0n h\u1ea3o gi\u1eefa c\u00e0 ph\u00ea th\u01a1m ngon v\u00e0 c\u00e1c th\u00e0nh ph\u1ea7n d\u01b0\u1ee1ng da qu\u00fd gi\u00e1, s\u1ebd mang \u0111\u1ebfn cho b\u1ea1n m\u1ed9t gi\u1ea3i ph\u00e1p l\u00e0m \u0111\u1eb9p to\u00e0n di\u1ec7n, gi\u00fap l\u00e0n da lu\u00f4n t\u01b0\u01a1i tr\u1ebb, r\u1ea1ng ng\u1eddi.<\/p>","protected":false},"featured_media":1386,"template":"","meta":[],"product_brand":[],"product_cat":[87],"product_tag":[],"class_list":{"0":"post-2873","1":"product","2":"type-product","3":"status-publish","4":"has-post-thumbnail","6":"product_cat-chua-phan-loai","8":"first","9":"instock","10":"shipping-taxable","11":"purchasable","12":"product-type-simple"},"_links":{"self":[{"href":"https:\/\/saigon24.vn\/es\/wp-json\/wp\/v2\/product\/2873","targetHints":{"allow":["GET"]}}],"collection":[{"href":"https:\/\/saigon24.vn\/es\/wp-json\/wp\/v2\/product"}],"about":[{"href":"https:\/\/saigon24.vn\/es\/wp-json\/wp\/v2\/types\/product"}],"version-history":[{"count":0,"href":"https:\/\/saigon24.vn\/es\/wp-json\/wp\/v2\/product\/2873\/revisions"}],"wp:featuredmedia":[{"embeddable":true,"href":"https:\/\/saigon24.vn\/es\/wp-json\/wp\/v2\/media\/1386"}],"wp:attachment":[{"href":"https:\/\/saigon24.vn\/es\/wp-json\/wp\/v2\/media?parent=2873"}],"wp:term":[{"taxonomy":"product_brand","embeddable":true,"href":"https:\/\/saigon24.vn\/es\/wp-json\/wp\/v2\/product_brand?post=2873"},{"taxonomy":"product_cat","embeddable":true,"href":"https:\/\/saigon24.vn\/es\/wp-json\/wp\/v2\/product_cat?post=2873"},{"taxonomy":"product_tag","embeddable":true,"href":"https:\/\/saigon24.vn\/es\/wp-json\/wp\/v2\/product_tag?post=2873"}],"curies":[{"name":"wp","href":"https:\/\/api.w.org\/{rel}","templated":true}]}}