{"id":2937,"date":"2024-09-18T04:06:29","date_gmt":"2024-09-18T04:06:29","guid":{"rendered":"https:\/\/saigon24.vn\/?post_type=product&#038;p=2937"},"modified":"2024-09-25T03:44:41","modified_gmt":"2024-09-25T03:44:41","slug":"tra-thao-moc-diep-ha-chau-bao-long","status":"publish","type":"product","link":"https:\/\/saigon24.vn\/en\/product\/tra-thao-moc-diep-ha-chau-bao-long\/","title":{"rendered":"CHAU CHAU BAO LONG HERBAL TEA"},"content":{"rendered":"<p class=\" translation-block\"><strong>\u201cTR\u00c0 TH\u1ea2O M\u1ed8C DI\u1ec6P H\u1ea0 CH\u00c2U B\u1ea2O LONG \u2013 <\/strong><strong>B\u00cd QUY\u1ebeT T\u1eea THI\u00caN NHI\u00caN, CH\u0102M S\u00d3C GAN, B\u1ea2O V\u1ec6 S\u1ee8C KH\u1eceE!\u201d<\/strong><\/p>\n<p>B\u1ea1n \u0111ang t\u00ecm ki\u1ebfm m\u1ed9t gi\u1ea3i ph\u00e1p t\u1ef1 nhi\u00ean \u0111\u1ec3 thanh l\u1ecdc c\u01a1 th\u1ec3 v\u00e0 b\u1ea3o v\u1ec7 gan? Tr\u00e0 th\u1ea3o m\u1ed9c Di\u1ec7p H\u1ea1 Ch\u00e2u ch\u00ednh l\u00e0 l\u1ef1a ch\u1ecdn ho\u00e0n h\u1ea3o d\u00e0nh cho b\u1ea1n!<\/p>\n<p><strong>Gi\u1edbi Thi\u1ec7u S\u1ea3n Ph\u1ea9m<\/strong><\/p>\n<p class=\" translation-block\"><strong>Tr\u00e0 Th\u1ea3o m\u1ed9c Di\u1ec7p H\u1ea1 Ch\u00e2u<\/strong> <strong>B\u1ea3o Long <\/strong>c\u00f3 c\u00f4ng d\u1ee5ng tuy\u1ec7t v\u1eddi trong vi\u1ec7c h\u1ed7 tr\u1ee3 gi\u1ea3i \u0111\u1ed9c gan, h\u1ed7 tr\u1ee3 ti\u00eau h\u00f3a v\u00e0 t\u0103ng c\u01b0\u1eddng s\u1ee9c \u0111\u1ec1 kh\u00e1ng. V\u1edbi c\u00f4ng ngh\u1ec7 s\u1ea3n xu\u1ea5t hi\u1ec7n \u0111\u1ea1i, s\u1ea3n ph\u1ea9m gi\u1eef nguy\u00ean \u0111\u01b0\u1ee3c nh\u1eefng d\u01b0\u1ee1ng ch\u1ea5t tinh t\u00fay c\u1ee7a Di\u1ec7p H\u1ea1 Ch\u00e2u, mang \u0111\u1ebfn cho b\u1ea1n ly tr\u00e0 th\u01a1m ngon v\u00e0 b\u1ed5 d\u01b0\u1ee1ng.<\/p>\n<p><strong>C\u00f4ng D\u1ee5ng Tuy\u1ec7t V\u1eddi<\/strong><\/p>\n<ul>\n<li class=\" translation-block\"><strong>Gi\u1ea3i \u0111\u1ed9c gan<\/strong>: H\u1ed7 tr\u1ee3 ch\u1ee9c n\u0103ng gan, b\u1ea3o v\u1ec7 gan kh\u1ecfi nh\u1eefng t\u00e1c h\u1ea1i t\u1eeb r\u01b0\u1ee3u bia, thu\u1ed1c l\u00e1 v\u00e0 m\u00f4i tr\u01b0\u1eddng \u00f4 nhi\u1ec5m.<\/li>\n<li class=\" translation-block\"><strong>Thanh l\u1ecdc c\u01a1 th\u1ec3<\/strong>: Lo\u1ea1i b\u1ecf c\u00e1c \u0111\u1ed9c t\u1ed1 t\u00edch t\u1ee5 trong c\u01a1 th\u1ec3, gi\u1ea3m t\u00ecnh tr\u1ea1ng n\u00f3ng trong ng\u01b0\u1eddi ti\u1ec3u bu\u1ed1t r\u00e1t, gi\u00fap b\u1ea1n c\u1ea3m th\u1ea5y kh\u1ecfe m\u1ea1nh v\u00e0 t\u01b0\u01a1i tr\u1ebb h\u01a1n.<\/li>\n<li class=\" translation-block\">V\u1ecb ng\u1ecdt d\u1ecbu t\u1eeb <strong>C\u1ecf ng\u1ecdt<\/strong>, kh\u00f4ng ch\u1ee9a calo n\u00ean r\u1ea5t \u0111\u01b0\u1ee3c y\u00eau th\u00edch \u0111\u1eb7c bi\u1ec7t l\u00e0 ng\u01b0\u1eddi mu\u1ed1n gi\u1ea3m c\u00e2n, m\u1eafc b\u1ec7nh ti\u1ec3u \u0111\u01b0\u1eddng, t\u0103ng huy\u1ebft \u00e1p v\u00e0 c\u00e1c v\u1ea5n \u0111\u1ec1 tim m\u1ea1ch.<\/li>\n<li>Th\u00e0nh ph\u1ea7n c\u00f2n ch\u1ee9a Th\u1ea3o quy\u1ebft minh, Hoa h\u00f2e: b\u1ec1n m\u1ea1ch m\u00e1u, thanh nhi\u1ec7t<\/li>\n<\/ul>\n<p><strong>D\u1ec5 D\u00e0ng S\u1eed D\u1ee5ng<\/strong><\/p>\n<p>V\u1edbi thi\u1ebft k\u1ebf t\u00fai l\u1ecdc ti\u1ec7n l\u1ee3i, b\u1ea1n ch\u1ec9 c\u1ea7n cho t\u00fai tr\u00e0 v\u00e0o n\u01b0\u1edbc s\u00f4i v\u00e0 ch\u1edd trong 5-8 ph\u00fat l\u00e0 c\u00f3 th\u1ec3 th\u01b0\u1edfng th\u1ee9c ngay m\u1ed9t t\u00e1ch tr\u00e0 th\u01a1m ngon, gi\u00e0u dinh d\u01b0\u1ee1ng. Th\u00edch h\u1ee3p s\u1eed d\u1ee5ng m\u1ecdi l\u00fac, m\u1ecdi n\u01a1i \u2013 t\u1eeb v\u0103n ph\u00f2ng, \u1edf nh\u00e0, \u0111\u1ebfn nh\u1eefng chuy\u1ebfn \u0111i ch\u01a1i xa.<\/p>\n<p><strong>Ch\u1ea5t L\u01b0\u1ee3ng \u0110\u1ea3m B\u1ea3o<\/strong><\/p>\n<p>S\u1ea3n ph\u1ea9m \u0111\u01b0\u1ee3c ki\u1ec3m \u0111\u1ecbnh ch\u1ea5t l\u01b0\u1ee3ng nghi\u00eam ng\u1eb7t, kh\u00f4ng ch\u1ee9a ch\u1ea5t b\u1ea3o qu\u1ea3n, ph\u1ea9m m\u00e0u hay h\u01b0\u01a1ng li\u1ec7u nh\u00e2n t\u1ea1o. B\u1ea1n ho\u00e0n to\u00e0n c\u00f3 th\u1ec3 y\u00ean t\u00e2m khi s\u1eed d\u1ee5ng h\u00e0ng ng\u00e0y.<\/p>\n<p><strong>H\u00e3y B\u1ea3o V\u1ec7 S\u1ee9c Kh\u1ecfe C\u1ee7a B\u1ea1n Ngay H\u00f4m Nay!<\/strong><\/p>","protected":false},"excerpt":{"rendered":"<p>\u201cTR\u00c0 TH\u1ea2O M\u1ed8C DI\u1ec6P H\u1ea0 CH\u00c2U B\u1ea2O LONG &#8211; B\u00cd QUY\u1ebeT T\u1eea THI\u00caN NHI\u00caN, CH\u0102M S\u00d3C GAN, B\u1ea2O V\u1ec6 S\u1ee8C<\/p>","protected":false},"featured_media":1649,"template":"","meta":[],"product_brand":[],"product_cat":[104],"product_tag":[],"class_list":{"0":"post-2937","1":"product","2":"type-product","3":"status-publish","4":"has-post-thumbnail","6":"product_cat-tra-thao-moc-bao-long","8":"first","9":"instock","10":"shipping-taxable","11":"purchasable","12":"product-type-simple"},"_links":{"self":[{"href":"https:\/\/saigon24.vn\/en\/wp-json\/wp\/v2\/product\/2937","targetHints":{"allow":["GET"]}}],"collection":[{"href":"https:\/\/saigon24.vn\/en\/wp-json\/wp\/v2\/product"}],"about":[{"href":"https:\/\/saigon24.vn\/en\/wp-json\/wp\/v2\/types\/product"}],"version-history":[{"count":0,"href":"https:\/\/saigon24.vn\/en\/wp-json\/wp\/v2\/product\/2937\/revisions"}],"wp:featuredmedia":[{"embeddable":true,"href":"https:\/\/saigon24.vn\/en\/wp-json\/wp\/v2\/media\/1649"}],"wp:attachment":[{"href":"https:\/\/saigon24.vn\/en\/wp-json\/wp\/v2\/media?parent=2937"}],"wp:term":[{"taxonomy":"product_brand","embeddable":true,"href":"https:\/\/saigon24.vn\/en\/wp-json\/wp\/v2\/product_brand?post=2937"},{"taxonomy":"product_cat","embeddable":true,"href":"https:\/\/saigon24.vn\/en\/wp-json\/wp\/v2\/product_cat?post=2937"},{"taxonomy":"product_tag","embeddable":true,"href":"https:\/\/saigon24.vn\/en\/wp-json\/wp\/v2\/product_tag?post=2937"}],"curies":[{"name":"wp","href":"https:\/\/api.w.org\/{rel}","templated":true}]}}