{"id":2871,"date":"2024-09-18T04:06:06","date_gmt":"2024-09-18T04:06:06","guid":{"rendered":"https:\/\/saigon24.vn\/?post_type=product&#038;p=2871"},"modified":"2024-09-27T03:50:10","modified_gmt":"2024-09-27T03:50:10","slug":"ca-phe-hoa-tan-dreamland-energy-vi-thao-moc","status":"publish","type":"product","link":"https:\/\/saigon24.vn\/en\/product\/ca-phe-hoa-tan-dreamland-energy-vi-thao-moc\/","title":{"rendered":"DREAMLAND ENERGY INSTANT COFFEE HERBAL FLAVOR"},"content":{"rendered":"<p>Dreamland Energy V\u1ecb Th\u1ea3o M\u1ed9c: B\u1eacT N\u0102NG L\u01af\u1ee2NG, B\u1ee8T PH\u00c1 GI\u1edaI H\u1ea0N!<\/p>\n<p>Cu\u1ed9c s\u1ed1ng l\u00e0 m\u1ed9t cu\u1ed9c \u0111ua kh\u00f4ng ng\u1eebng ngh\u1ec9, v\u00e0 b\u1ea1n c\u1ea7n m\u1ed9t ngu\u1ed3n n\u0103ng l\u01b0\u1ee3ng m\u1ea1nh m\u1ebd \u0111\u1ec3 lu\u00f4n d\u1eabn \u0111\u1ea7u. Dreamland Energy V\u1ecb Th\u1ea3o M\u1ed9c, s\u1ef1 k\u1ebft h\u1ee3p ho\u00e0n h\u1ea3o gi\u1eefa c\u00e0 ph\u00ea \u0111\u1eadm \u0111\u00e0 v\u00e0 vi\u1ec7t qu\u1ea5t t\u01b0\u01a1i m\u00e1t, s\u1ebd l\u00e0 &#8220;vi\u00ean pin n\u0103ng l\u01b0\u1ee3ng &#8221; t\u1ef1 nhi\u00ean, ti\u1ebfp th\u00eam s\u1ee9c m\u1ea1nh cho b\u1ea1n chinh ph\u1ee5c m\u1ecdi th\u1eed th\u00e1ch!<\/p>\n<p><strong>B\u1ea3n h\u00f2a ca h\u01b0\u01a1ng v\u1ecb &#8211; \u0110\u00e1nh th\u1ee9c m\u1ecdi gi\u00e1c quan<\/strong><\/p>\n<p>H\u01b0\u01a1ng v\u1ecb C\u00e0 ph\u00ea &#8211; N\u1ed3ng n\u00e0n, \u0111\u1eadm \u0111\u00e0, \u0111\u00e1nh th\u1ee9c m\u1ecdi gi\u00e1c quan, \u0111\u01b0a b\u1ea1n v\u00e0o tr\u1ea1ng th\u00e1i s\u1eb5n s\u00e0ng chinh ph\u1ee5c.Vi\u1ec7t qu\u1ea5t\u00a0 t\u01b0\u01a1i m\u00e1t, v\u1ecb chua nh\u1eb9 k\u00edch th\u00edch, \u0111\u00e1nh th\u1ee9c v\u1ecb gi\u00e1c, mang \u0111\u1ebfn c\u1ea3m gi\u00e1c s\u1ea3ng kho\u00e1i, tr\u00e0n \u0111\u1ea7y n\u0103ng l\u01b0\u1ee3ng.M\u1ed9t s\u1ef1 h\u00f2a tr\u1ed9n h\u01b0\u01a1ng v\u1ecb t\u01b0\u1edfng nh\u01b0 kh\u00f4ng h\u1ee3p nh\u01b0ng l\u1ea1i l\u00e0 s\u1ef1 b\u1ed5 sung ho\u00e0n h\u1ea3o.<\/p>\n<p><strong>N\u0103ng l\u01b0\u1ee3ng t\u00edch c\u1ef1c &#8211; Chill s\u00e2u, b\u1ee9t ph\u00e1 m\u1ea1nh m\u1ebd<\/strong><\/p>\n<ul>\n<li>T\u0103ng c\u01b0\u1eddng s\u1ef1 t\u1ec9nh t\u00e1o, t\u1eadp trung, s\u1eb5n s\u00e0ng chinh ph\u1ee5c m\u1ecdi th\u1eed th\u00e1ch.<\/li>\n<li>Duy tr\u00ec s\u1ef1 n\u0103ng \u0111\u1ed9ng su\u1ed1t c\u1ea3 ng\u00e0y d\u00e0i m\u00e0 kh\u00f4ng b\u1ecb qu\u00e1 t\u1ea3i.<\/li>\n<li>Mang l\u1ea1i c\u1ea3m gi\u00e1c th\u01b0 th\u00e1i, s\u1ea3ng kho\u00e1i, xua tan m\u1ec7t m\u1ecfi.<\/li>\n<\/ul>\n<p><strong>Ti\u1ec7n l\u1ee3i, \u0111\u1ed3ng h\u00e0nh m\u1ecdi kho\u1ea3nh kh\u1eafc<\/strong><\/p>\n<ul>\n<li>Ch\u1ec9 c\u1ea7n m\u1ed9t g\u00f3i Dreamland Energy V\u1ecb Th\u1ea3o M\u1ed9c v\u00e0 n\u01b0\u1edbc n\u00f3ng, b\u1ea1n \u0111\u00e3 c\u00f3 ngay s\u1ef1 kh\u1edfi \u0111\u1ea7u n\u0103ng l\u01b0\u1ee3ng t\u00edch c\u1ef1c cho ng\u00e0y m\u1edbi.<\/li>\n<li>Thi\u1ebft k\u1ebf g\u00f3i nh\u1ecf g\u1ecdn, ti\u1ec7n l\u1ee3i mang theo b\u00ean m\u00ecnh, s\u1eb5n s\u00e0ng chill v\u00e0 b\u1ee9t ph\u00e1 m\u1ecdi l\u00fac m\u1ecdi n\u01a1i.<\/li>\n<\/ul>\n<p><strong>Ch\u1ea5t l\u01b0\u1ee3ng \u0111\u1ec9nh cao, an to\u00e0n tuy\u1ec7t \u0111\u1ed1i<\/strong><\/p>\n<ul>\n<li>Nguy\u00ean li\u1ec7u t\u1ef1 nhi\u00ean, kh\u00f4ng ch\u1ea5t b\u1ea3o qu\u1ea3n, kh\u00f4ng h\u01b0\u01a1ng li\u1ec7u nh\u00e2n t\u1ea1o &#8211; n\u0103ng l\u01b0\u1ee3ng s\u1ea1ch, tinh khi\u1ebft.<\/li>\n<li>S\u1ea3n xu\u1ea5t tr\u00ean d\u00e2y chuy\u1ec1n hi\u1ec7n \u0111\u1ea1i, \u0111\u1ea3m b\u1ea3o v\u1ec7 sinh an to\u00e0n th\u1ef1c ph\u1ea9m &#8211; ch\u1ea5t l\u01b0\u1ee3ng \u0111\u1ec9nh cao, an t\u00e2m s\u1eed d\u1ee5ng.<\/li>\n<\/ul>\n<p><strong>\u0110\u1eebng ch\u1ea7n ch\u1eeb, h\u00e3y \u0111\u1ec3 Dreamland Energy V\u1ecb Th\u1ea3o M\u1ed9c \u0111\u1ed3ng h\u00e0nh c\u00f9ng b\u1ea1n, t\u1eadn h\u01b0\u1edfng b\u1ea3n h\u00f2a ca c\u00e0 ph\u00ea &amp; vi\u1ec7t qu\u1ea5t, chill s\u00e2u l\u1eafng v\u00e0 b\u1ee9t ph\u00e1 m\u1ea1nh m\u1ebd theo c\u00e1ch c\u1ee7a ri\u00eang b\u1ea1n!<\/strong><\/p>","protected":false},"excerpt":{"rendered":"<p>Dreamland Energy Herbal Flavor, the perfect combination of rich coffee and fresh blueberries, will be a natural \"energy battery\", empowering you to conquer all challenges.<\/p>","protected":false},"featured_media":1376,"template":"","meta":[],"product_brand":[],"product_cat":[87],"product_tag":[],"class_list":{"0":"post-2871","1":"product","2":"type-product","3":"status-publish","4":"has-post-thumbnail","6":"product_cat-chua-phan-loai","8":"first","9":"instock","10":"sold-individually","11":"shipping-taxable","12":"purchasable","13":"product-type-simple"},"_links":{"self":[{"href":"https:\/\/saigon24.vn\/en\/wp-json\/wp\/v2\/product\/2871","targetHints":{"allow":["GET"]}}],"collection":[{"href":"https:\/\/saigon24.vn\/en\/wp-json\/wp\/v2\/product"}],"about":[{"href":"https:\/\/saigon24.vn\/en\/wp-json\/wp\/v2\/types\/product"}],"version-history":[{"count":0,"href":"https:\/\/saigon24.vn\/en\/wp-json\/wp\/v2\/product\/2871\/revisions"}],"wp:featuredmedia":[{"embeddable":true,"href":"https:\/\/saigon24.vn\/en\/wp-json\/wp\/v2\/media\/1376"}],"wp:attachment":[{"href":"https:\/\/saigon24.vn\/en\/wp-json\/wp\/v2\/media?parent=2871"}],"wp:term":[{"taxonomy":"product_brand","embeddable":true,"href":"https:\/\/saigon24.vn\/en\/wp-json\/wp\/v2\/product_brand?post=2871"},{"taxonomy":"product_cat","embeddable":true,"href":"https:\/\/saigon24.vn\/en\/wp-json\/wp\/v2\/product_cat?post=2871"},{"taxonomy":"product_tag","embeddable":true,"href":"https:\/\/saigon24.vn\/en\/wp-json\/wp\/v2\/product_tag?post=2871"}],"curies":[{"name":"wp","href":"https:\/\/api.w.org\/{rel}","templated":true}]}}