{"id":2869,"date":"2024-09-18T04:06:05","date_gmt":"2024-09-18T04:06:05","guid":{"rendered":"https:\/\/saigon24.vn\/?post_type=product&#038;p=2869"},"modified":"2024-09-27T03:50:10","modified_gmt":"2024-09-27T03:50:10","slug":"ca-phe-hoa-tan-dreamland-probiotic-vi-thao-moc","status":"publish","type":"product","link":"https:\/\/saigon24.vn\/en\/product\/ca-phe-hoa-tan-dreamland-probiotic-vi-thao-moc\/","title":{"rendered":"DREAMLAND PROBIOTIC INSTANT COFFEE HERBAL FLAVOR"},"content":{"rendered":"<p style=\"text-align: left\"><strong>Dreamland Probiotic Herbal Flavor: Delicious Coffee, \u201cHealthy Gut\u201d \u2013 The secret to the digestive system of coffee lovers<\/strong><\/p>\n<p>Supports intestinal health, improves quality of life<\/p>\n<p>Are you a fan of coffee but are afraid of its negative effects on the digestive system? Don't worry, there's Dreamland Probiotic Herbal Flavor - the perfect combination of rich coffee flavor and a special formula good for digestive health.<\/p>\n<p><strong>Delicious coffee, \"Healthy gut\" - Where is the secret?<\/strong><\/p>\n<ul>\n<li class=\" translation-block\">Supplementing <strong>10 billion <\/strong>\u201cgood bacteria\u201d Lacticaseibacillus paracasei, balances the intestinal microflora, enhances resistance, and supports the digestive process.<\/li>\n<li class=\" translation-block\"><strong>Isomalt &amp; <\/strong>Easily absorbed fat<strong> from coconut oil <\/strong>provides quick energy, supports metabolism, helps control weight effectively, giving you self-esteem. Believe in enjoying coffee without worrying about gaining weight.<\/li>\n<li class=\" translation-block\"><strong>Cordyceps &amp; Butter from grass-fed cows:<\/strong> Supplement valuable nutrients, enhance overall health, improve resistance, giving you a new day full of energy.<\/li>\n<\/ul>\n<p><strong>Dreamland Probiotic Herbal Flavor \u2013 Perfect choice for coffee lovers:<\/strong><\/p>\n<ul>\n<li class=\" translation-block\"><strong>Delicious, rich coffee flavor:<\/strong> Awakens all senses, providing a wonderful coffee experience.<\/li>\n<li class=\" translation-block\"><strong>Good for the digestive system:<\/strong> Specially formulated with Probiotics and herbs, supporting optimal intestinal health.<\/li>\n<li class=\" translation-block\"><strong>Natural nutrients:<\/strong> Supplement energy, improve health, control weight.<\/li>\n<li class=\" translation-block\"><strong>Convenient, easy to prepare:<\/strong> Enjoy anytime, anywhere, suitable for busy lifestyles.<\/li>\n<\/ul>\n<p><strong>Don't let worries about your digestive system stop you from enjoying coffee! Choose Dreamland Probiotic Herbal Instant Coffee today!<\/strong><\/p>\n<div id=\"eJOY__extension_root\" class=\"eJOY__extension_root_class\"><\/div>","protected":false},"excerpt":{"rendered":"<pre><span style=\"font-family: arial, helvetica, sans-serif\"><span style=\"font-size: 14px\">Kh\u00f4ng ch\u1ec9 mang \u0111\u1ebfn h\u01b0\u01a1ng v\u1ecb c\u00e0 ph\u00ea th\u01a1m ngon, Dreamland Probiotic V\u1ecb Th\u1ea3o M\u1ed9c c\u00f2n b\u1ed5 sung l\u1ee3i khu\u1ea9n Probiotic <\/span><span style=\"font-size: 14px\">v\u00e0 chi\u1ebft xu\u1ea5t th\u1ea3o m\u1ed9c, gi\u00fap h\u1ed7 tr\u1ee3 ti\u00eau h\u00f3a v\u00e0 t\u0103ng c\u01b0\u1eddng s\u1ee9c kh\u1ecfe \u0111\u01b0\u1eddng ru\u1ed9t.\u00a0<\/span><\/span><\/pre>","protected":false},"featured_media":1368,"template":"","meta":[],"product_brand":[],"product_cat":[87],"product_tag":[],"class_list":{"0":"post-2869","1":"product","2":"type-product","3":"status-publish","4":"has-post-thumbnail","6":"product_cat-chua-phan-loai","8":"first","9":"instock","10":"sold-individually","11":"shipping-taxable","12":"purchasable","13":"product-type-simple"},"_links":{"self":[{"href":"https:\/\/saigon24.vn\/en\/wp-json\/wp\/v2\/product\/2869","targetHints":{"allow":["GET"]}}],"collection":[{"href":"https:\/\/saigon24.vn\/en\/wp-json\/wp\/v2\/product"}],"about":[{"href":"https:\/\/saigon24.vn\/en\/wp-json\/wp\/v2\/types\/product"}],"version-history":[{"count":0,"href":"https:\/\/saigon24.vn\/en\/wp-json\/wp\/v2\/product\/2869\/revisions"}],"wp:featuredmedia":[{"embeddable":true,"href":"https:\/\/saigon24.vn\/en\/wp-json\/wp\/v2\/media\/1368"}],"wp:attachment":[{"href":"https:\/\/saigon24.vn\/en\/wp-json\/wp\/v2\/media?parent=2869"}],"wp:term":[{"taxonomy":"product_brand","embeddable":true,"href":"https:\/\/saigon24.vn\/en\/wp-json\/wp\/v2\/product_brand?post=2869"},{"taxonomy":"product_cat","embeddable":true,"href":"https:\/\/saigon24.vn\/en\/wp-json\/wp\/v2\/product_cat?post=2869"},{"taxonomy":"product_tag","embeddable":true,"href":"https:\/\/saigon24.vn\/en\/wp-json\/wp\/v2\/product_tag?post=2869"}],"curies":[{"name":"wp","href":"https:\/\/api.w.org\/{rel}","templated":true}]}}