{"id":2995,"date":"2024-09-18T04:06:47","date_gmt":"2024-09-18T04:06:47","guid":{"rendered":"https:\/\/saigon24.vn\/?post_type=product&#038;p=2995"},"modified":"2024-09-25T04:53:24","modified_gmt":"2024-09-25T04:53:24","slug":"thuc-pham-bao-ve-suc-khoe-tra-atiso-bao-long","status":"publish","type":"product","link":"https:\/\/saigon24.vn\/de\/product\/thuc-pham-bao-ve-suc-khoe-tra-atiso-bao-long\/","title":{"rendered":"Bao Long Artischockentee"},"content":{"rendered":"<p><strong>Bao Long Artischockentee \u2013 reinigt den K\u00f6rper, f\u00fcr ein ruhiges Leben<\/strong><\/p>\n<p><strong>Wussten Sie, dass die Leber die wichtigste \u201eFabrik\u201c des K\u00f6rpers ist?<\/strong><\/p>\n<p>Jeden Tag muss die Leber ununterbrochen arbeiten, um Giftstoffe herauszufiltern und Ihre Gesundheit zu sch\u00fctzen. Aber bei einer verschmutzten Umwelt, ungesunder Ern\u00e4hrung, Alkohol, Zigaretten... wird die Leber leicht \u00fcberlastet und ihre Funktion geschw\u00e4cht.<\/p>\n<p class=\" translation-block\">Lassen Sie Ihre Leber nicht \u201eum Hilfe schreien\u201c! Lassen Sie sich von <strong>Bao Long Artischockentee<\/strong> begleiten, den K\u00f6rper reinigen, die Leberfunktion verbessern und f\u00fcr ein gesundes, energiegeladenes Leben sorgen.<\/p>\n<p><strong>Tolle Einsatzm\u00f6glichkeiten:<\/strong><\/p>\n<ul>\n<li class=\" translation-block\"><strong>Unterst\u00fctzt die Entgiftung der Leber, sch\u00fctzt die Leberzellen:<\/strong>Artischocke, der Hauptbestandteil von Tee, enth\u00e4lt viele Antioxidantien, tr\u00e4gt zur Verbesserung der Leberfunktion bei, unterst\u00fctzt den Entgiftungsprozess und sch\u00fctzt die Leberzellen vor sch\u00e4dlichen Stoffen.<\/li>\n<li class=\" translation-block\"><strong>Senken Sie den Cholesterinspiegel, gut f\u00fcr das Herz:<\/strong> Artischocken helfen, den schlechten Cholesterinspiegel zu senken, Arteriosklerose vorzubeugen und die Herzgesundheit zu sch\u00fctzen.<\/li>\n<li class=\" translation-block\"><strong>K\u00fchlt Hitze, k\u00fchlt die Leber:<\/strong> Hilft, den K\u00f6rper zu k\u00fchlen, reduziert Symptome von innerer Hitze, Hautausschl\u00e4gen und Pickeln und sorgt f\u00fcr ein erfrischendes und angenehmes Gef\u00fchl.<\/li>\n<li class=\" translation-block\"><strong>Diuretisch, reduziert \u00d6deme:<\/strong> Unterst\u00fctzt den Prozess der Urinausscheidung, reduziert \u00d6deme, gut f\u00fcr Menschen mit hohem Blutdruck und Nierenversagen.<\/li>\n<li class=\" translation-block\"><strong>Schlaf verbessern, Stress reduzieren:<\/strong> Artischocke hat eine beruhigende Wirkung, hilft, den Schlaf zu verbessern, Stress und M\u00fcdigkeit zu reduzieren.<\/li>\n<\/ul>\n<p><strong>Genie\u00dfen Sie jeden Tag leckeren, gesunden Tee:<\/strong><\/p>\n<ul>\n<li class=\" translation-block\"><strong>K\u00f6stlicher Geschmack, leicht zu trinken:<\/strong> Der s\u00fc\u00dfe, k\u00fchle Geschmack der Artischocke vermittelt ein entspannendes und angenehmes Gef\u00fchl.<\/li>\n<li class=\" translation-block\"><strong>Bequem und einfach zu verwenden:<\/strong> Praktische Teebeutelform, einfach mit kochendem Wasser mischen und sofort genie\u00dfen.<\/li>\n<li class=\" translation-block\"><strong>Sicher, harmlos:<\/strong> Das Produkt besteht zu 100 % aus nat\u00fcrlichen Artischocken, enth\u00e4lt keine Konservierungsstoffe und ist sicher f\u00fcr die langfristige Gesundheit.<\/li>\n<\/ul>\n<p><strong>\u00dcberlassen Sie Bao Long Artischockentee die Pflege Ihrer Leber, f\u00fcr ein friedliches und gesundes Leben<\/strong><\/p>","protected":false},"excerpt":{"rendered":"<p>Bao Long Artischockentee begleitet Sie, reinigt den K\u00f6rper, verbessert die Leberfunktion und sorgt f\u00fcr ein gesundes, energiegeladenes Leben.<\/p>","protected":false},"featured_media":1836,"template":"","meta":[],"product_brand":[],"product_cat":[104],"product_tag":[],"class_list":{"0":"post-2995","1":"product","2":"type-product","3":"status-publish","4":"has-post-thumbnail","6":"product_cat-tra-thao-moc-bao-long","8":"first","9":"instock","10":"shipping-taxable","11":"purchasable","12":"product-type-simple"},"_links":{"self":[{"href":"https:\/\/saigon24.vn\/de\/wp-json\/wp\/v2\/product\/2995","targetHints":{"allow":["GET"]}}],"collection":[{"href":"https:\/\/saigon24.vn\/de\/wp-json\/wp\/v2\/product"}],"about":[{"href":"https:\/\/saigon24.vn\/de\/wp-json\/wp\/v2\/types\/product"}],"version-history":[{"count":0,"href":"https:\/\/saigon24.vn\/de\/wp-json\/wp\/v2\/product\/2995\/revisions"}],"wp:featuredmedia":[{"embeddable":true,"href":"https:\/\/saigon24.vn\/de\/wp-json\/wp\/v2\/media\/1836"}],"wp:attachment":[{"href":"https:\/\/saigon24.vn\/de\/wp-json\/wp\/v2\/media?parent=2995"}],"wp:term":[{"taxonomy":"product_brand","embeddable":true,"href":"https:\/\/saigon24.vn\/de\/wp-json\/wp\/v2\/product_brand?post=2995"},{"taxonomy":"product_cat","embeddable":true,"href":"https:\/\/saigon24.vn\/de\/wp-json\/wp\/v2\/product_cat?post=2995"},{"taxonomy":"product_tag","embeddable":true,"href":"https:\/\/saigon24.vn\/de\/wp-json\/wp\/v2\/product_tag?post=2995"}],"curies":[{"name":"wp","href":"https:\/\/api.w.org\/{rel}","templated":true}]}}