{"id":2991,"date":"2024-09-18T04:06:45","date_gmt":"2024-09-18T04:06:45","guid":{"rendered":"https:\/\/saigon24.vn\/?post_type=product&#038;p=2991"},"modified":"2024-09-25T04:49:06","modified_gmt":"2024-09-25T04:49:06","slug":"thuc-pham-bao-ve-suc-khoe-tra-sam-cuc-bao-long","status":"publish","type":"product","link":"https:\/\/saigon24.vn\/de\/product\/thuc-pham-bao-ve-suc-khoe-tra-sam-cuc-bao-long\/","title":{"rendered":"Bao Long Chrysanthemen-Ginseng-Tee"},"content":{"rendered":"<p><strong>Bao Long Chrysanthemen-Ginseng-Tee \u2013 F\u00fcllt die Lebensenergie wieder auf und verbessert die allgemeine Gesundheit<\/strong><\/p>\n<p>Bao Long Chrysanthemen-Ginseng-Tee mit der perfekten Kombination aus Ginseng, Chrysantheme und wertvollen Kr\u00e4utern ist nicht nur ein k\u00f6stliches Getr\u00e4nk, sondern auch eine nat\u00fcrliche Energiequelle, die Ihnen hilft, Ihre Vitalit\u00e4t zu n\u00e4hren und Ihre allgemeine Gesundheit zu st\u00e4rken.<\/p>\n<p><strong>Gro\u00dfe gesundheitliche Vorteile:<\/strong><\/p>\n<ul>\n<li class=\" translation-block\"><strong>Blutenergie auff\u00fcllen und die Vitalit\u00e4t steigern:<\/strong> Ginseng mit hohem Saponingehalt hilft, die Widerstandskraft zu st\u00e4rken, die Durchblutung zu verbessern und ein Gef\u00fchl von Gesundheit und Energie zu vermitteln.<\/li>\n<li class=\" translation-block\"><strong>Stress und M\u00fcdigkeit reduzieren:<\/strong> Chrysanthemen und andere Kr\u00e4uter wirken beruhigend, reduzieren Stress und \u00c4ngste und helfen Ihnen, Ihren Geist zu entspannen und nach anstrengenden Arbeitsstunden wieder ins Gleichgewicht zu kommen.<\/li>\n<li class=\" translation-block\"><strong>Verbesserung der Gehirnfunktion:<\/strong> Ginseng hilft, das Ged\u00e4chtnis zu verbessern, die Konzentration zu steigern und die Arbeits- und Lernleistung zu steigern.<\/li>\n<li class=\" translation-block\"><strong>Unterst\u00fctzt guten Schlaf:<\/strong> Chrysantheme mit sanftem Duft hilft Ihnen, leicht einzuschlafen und sorgt f\u00fcr einen tieferen und besseren Schlaf.<\/li>\n<li class=\" translation-block\"><strong>F\u00fcr alle Menschen geeignet:<\/strong> Bao Long Chrysanthemum Ginseng Tea ist f\u00fcr viele Menschen geeignet, insbesondere f\u00fcr Menschen mit stressiger Arbeit, \u00e4ltere Menschen, Menschen, die sich gerade von einer Krankheit erholt haben oder einen schwachen Gesundheitszustand haben.<\/li>\n<\/ul>\n<p><strong>Genie\u00dfen Sie jeden Tag leckeren, gesunden Tee:<\/strong><\/p>\n<ul>\n<li class=\" translation-block\"><strong>K\u00f6stlicher Geschmack, leicht zu trinken:<\/strong> Die harmonische Kombination aus der S\u00fc\u00dfe von Ginseng und dem sanften Duft von Chrysanthemen ergibt ein k\u00f6stliches, leicht zu trinkendes Getr\u00e4nk.<\/li>\n<li class=\" translation-block\"><strong>Bequem und einfach zu verwenden:<\/strong> Praktische Instant-Teeform, einfach mit kochendem Wasser mischen und jederzeit und \u00fcberall sofort genie\u00dfen.<\/li>\n<li class=\" translation-block\"><strong>Sicher, harmlos:<\/strong> Das Produkt wird aus nat\u00fcrlichen Kr\u00e4utern hergestellt, enth\u00e4lt keine Konservierungsstoffe, verursacht keine Nebenwirkungen und ist sicher f\u00fcr die langfristige Gesundheit.<\/li>\n<\/ul>\n<p><strong>Machen Sie Bao Long Chrysanthemum Ginseng Tea zu Ihrem vertrauensw\u00fcrdigen Begleiter, der sich jeden Tag um die Gesundheit von Ihnen und Ihrer Familie k\u00fcmmert.<\/strong><\/p>","protected":false},"excerpt":{"rendered":"<p>Bao Long Chrysanthemen-Ginseng-Tee mit der perfekten Kombination aus Ginseng, Chrysantheme und wertvollen Kr\u00e4utern ist nicht nur ein k\u00f6stliches Getr\u00e4nk, sondern auch eine nat\u00fcrliche Energiequelle, die Ihnen hilft, Ihre Vitalit\u00e4t zu n\u00e4hren und Ihre allgemeine Gesundheit zu st\u00e4rken.<\/p>","protected":false},"featured_media":1822,"template":"","meta":[],"product_brand":[],"product_cat":[104],"product_tag":[],"class_list":{"0":"post-2991","1":"product","2":"type-product","3":"status-publish","4":"has-post-thumbnail","6":"product_cat-tra-thao-moc-bao-long","8":"first","9":"instock","10":"shipping-taxable","11":"purchasable","12":"product-type-simple"},"_links":{"self":[{"href":"https:\/\/saigon24.vn\/de\/wp-json\/wp\/v2\/product\/2991","targetHints":{"allow":["GET"]}}],"collection":[{"href":"https:\/\/saigon24.vn\/de\/wp-json\/wp\/v2\/product"}],"about":[{"href":"https:\/\/saigon24.vn\/de\/wp-json\/wp\/v2\/types\/product"}],"version-history":[{"count":0,"href":"https:\/\/saigon24.vn\/de\/wp-json\/wp\/v2\/product\/2991\/revisions"}],"wp:featuredmedia":[{"embeddable":true,"href":"https:\/\/saigon24.vn\/de\/wp-json\/wp\/v2\/media\/1822"}],"wp:attachment":[{"href":"https:\/\/saigon24.vn\/de\/wp-json\/wp\/v2\/media?parent=2991"}],"wp:term":[{"taxonomy":"product_brand","embeddable":true,"href":"https:\/\/saigon24.vn\/de\/wp-json\/wp\/v2\/product_brand?post=2991"},{"taxonomy":"product_cat","embeddable":true,"href":"https:\/\/saigon24.vn\/de\/wp-json\/wp\/v2\/product_cat?post=2991"},{"taxonomy":"product_tag","embeddable":true,"href":"https:\/\/saigon24.vn\/de\/wp-json\/wp\/v2\/product_tag?post=2991"}],"curies":[{"name":"wp","href":"https:\/\/api.w.org\/{rel}","templated":true}]}}