{"id":2989,"date":"2024-09-18T04:06:44","date_gmt":"2024-09-18T04:06:44","guid":{"rendered":"https:\/\/saigon24.vn\/?post_type=product&#038;p=2989"},"modified":"2024-09-25T06:35:40","modified_gmt":"2024-09-25T06:35:40","slug":"thuc-pham-bao-ve-suc-khoe-tra-nhan-tran-bao-long","status":"publish","type":"product","link":"https:\/\/saigon24.vn\/de\/product\/thuc-pham-bao-ve-suc-khoe-tra-nhan-tran-bao-long\/","title":{"rendered":"Tran Bao Long Tee"},"content":{"rendered":"<p><strong>Bao Long Gr\u00fcner Tee \u2013 nat\u00fcrlicher Schutzschild f\u00fcr eine gesunde Leber<\/strong><\/p>\n<p><strong>Hei\u00dfer Sommer, m\u00fcder K\u00f6rper, zu Akne neigende Haut \u2013 machen Sie sich Sorgen um Ihre Lebergesundheit?<\/strong><\/p>\n<p>Lassen Sie nicht zu, dass angesammelte Giftstoffe Ihrem K\u00f6rper schaden. Lassen <strong>Tran Bao Long Tee<\/strong> \u2013 die perfekte Kombination aus nat\u00fcrlichen Kr\u00e4utern, die jeden Tag zu einem Schutzschild f\u00fcr die Gesundheit Ihrer Leber werden.<\/p>\n<p><strong>Hervorragende Verwendungsm\u00f6glichkeiten:<\/strong><\/p>\n<ul>\n<li class=\" translation-block\"><strong>K\u00fchlende W\u00e4rme und entgiftend:<\/strong> Alraune, L\u00f6wenzahn und Maisseide \u2013 ein Trio wertvoller Kr\u00e4uter, helfen, den K\u00f6rper zu reinigen, abzuk\u00fchlen, Pickel und Hautausschl\u00e4ge zu reduzieren und ein erfrischendes Gef\u00fchl zu erzeugen. angenehm.<\/li>\n<li class=\" translation-block\"><strong>Verbesserung der Leberfunktion:<\/strong> Unterst\u00fctzt die effektive Funktion der Leber, verbessert die Entgiftungsf\u00e4higkeit, verringert die Belastung der Leber und beugt Lebererkrankungen vor.<\/li>\n<li class=\" translation-block\"><strong>Sch\u00fctzt Leberzellen:<\/strong> Antioxidantien im Tee tragen dazu bei, Leberzellen vor sch\u00e4dlichen Stoffen zu sch\u00fctzen und die Lebergesundheit langfristig zu erhalten.<\/li>\n<li class=\" translation-block\"><strong>Unterst\u00fctzt die Verdauung:<\/strong> Kr\u00e4uter im Tee regen auch die Verdauung an, reduzieren Bl\u00e4hungen und Verdauungsst\u00f6rungen und sorgen f\u00fcr ein wohliges Gef\u00fchl nach dem Essen.<\/li>\n<\/ul>\n<p><strong>Genie\u00dfen Sie jeden Tag leckeren, gesunden Tee:<\/strong><\/p>\n<ul>\n<li class=\" translation-block\"><strong>Mildes Aroma, leicht zu trinken:<\/strong> Er ist nicht nur gut f\u00fcr die Gesundheit, Tran Bao Long Human Tea hat auch einen k\u00f6stlichen Geschmack, ist leicht zu trinken und f\u00fcr alle Altersgruppen geeignet.<\/li>\n<li class=\" translation-block\"><strong>Bequem und einfach zu verwenden:<\/strong> Einfach mit kochendem Wasser mischen, um eine Tasse nahrhaften Tee zu erhalten, den Sie jederzeit und \u00fcberall genie\u00dfen k\u00f6nnen.<\/li>\n<li class=\" translation-block\"><strong>Sicher, harmlos:<\/strong> Das Produkt besteht zu 100 % aus nat\u00fcrlichen Kr\u00e4utern, enth\u00e4lt keine Konservierungsstoffe und ist sicher f\u00fcr die langfristige Gesundheit.<\/li>\n<\/ul>\n<p><strong>Lassen Sie sich von Tra Nhan Tran Bao Long auf Ihrem Weg zur proaktiven Gesundheitsf\u00fcrsorge begleiten. Genie\u00dfen Sie jeden Tag ein gesundes, energiegeladenes Leben.<\/strong><\/p>","protected":false},"excerpt":{"rendered":"<p>Tran Bao Long Human Tea ist eine perfekte Kombination nat\u00fcrlicher Kr\u00e4uter und wird zu einem Schutzschild zum Schutz Ihrer Lebergesundheit jeden Tag.<\/p>","protected":false},"featured_media":1815,"template":"","meta":[],"product_brand":[],"product_cat":[104],"product_tag":[],"class_list":{"0":"post-2989","1":"product","2":"type-product","3":"status-publish","4":"has-post-thumbnail","6":"product_cat-tra-thao-moc-bao-long","8":"first","9":"instock","10":"shipping-taxable","11":"purchasable","12":"product-type-simple"},"_links":{"self":[{"href":"https:\/\/saigon24.vn\/de\/wp-json\/wp\/v2\/product\/2989","targetHints":{"allow":["GET"]}}],"collection":[{"href":"https:\/\/saigon24.vn\/de\/wp-json\/wp\/v2\/product"}],"about":[{"href":"https:\/\/saigon24.vn\/de\/wp-json\/wp\/v2\/types\/product"}],"version-history":[{"count":0,"href":"https:\/\/saigon24.vn\/de\/wp-json\/wp\/v2\/product\/2989\/revisions"}],"wp:featuredmedia":[{"embeddable":true,"href":"https:\/\/saigon24.vn\/de\/wp-json\/wp\/v2\/media\/1815"}],"wp:attachment":[{"href":"https:\/\/saigon24.vn\/de\/wp-json\/wp\/v2\/media?parent=2989"}],"wp:term":[{"taxonomy":"product_brand","embeddable":true,"href":"https:\/\/saigon24.vn\/de\/wp-json\/wp\/v2\/product_brand?post=2989"},{"taxonomy":"product_cat","embeddable":true,"href":"https:\/\/saigon24.vn\/de\/wp-json\/wp\/v2\/product_cat?post=2989"},{"taxonomy":"product_tag","embeddable":true,"href":"https:\/\/saigon24.vn\/de\/wp-json\/wp\/v2\/product_tag?post=2989"}],"curies":[{"name":"wp","href":"https:\/\/api.w.org\/{rel}","templated":true}]}}