{"id":2987,"date":"2024-09-18T04:06:44","date_gmt":"2024-09-18T04:06:44","guid":{"rendered":"https:\/\/saigon24.vn\/?post_type=product&#038;p=2987"},"modified":"2024-09-25T06:32:31","modified_gmt":"2024-09-25T06:32:31","slug":"thuc-pham-bao-ve-suc-khoe-tra-gung-bao-long","status":"publish","type":"product","link":"https:\/\/saigon24.vn\/de\/product\/thuc-pham-bao-ve-suc-khoe-tra-gung-bao-long\/","title":{"rendered":"Bao Long Ingwertee"},"content":{"rendered":"<p><strong>Bao Long Ingwertee: Nat\u00fcrliche L\u00f6sung f\u00fcr Erk\u00e4ltungssymptome<\/strong><\/p>\n<p class=\" translation-block\"><strong>Bao Long Ginger Tea<\/strong> ist ein gesundheitsf\u00f6rderndes Produkt, das in praktischer Teebeutelform zubereitet wird und hilft, den K\u00f6rper zu w\u00e4rmen und unangenehme Symptome zu lindern, die durch Erk\u00e4ltungen wie M\u00fcdigkeit und Kopfschmerzen, verstopfte Nase, laufende Nase und Magen verursacht werden schmerzen.<\/p>\n<p><strong>Hauptzutaten:<\/strong><\/p>\n<ul>\n<li class=\" translation-block\"><strong>Can Khuong (getrockneter Ingwer):<\/strong> Ingwer hat w\u00e4rmende Eigenschaften, hilft, den K\u00f6rper zu erw\u00e4rmen, f\u00f6rdert die Durchblutung, lindert Schmerzen und bek\u00e4mpft Entz\u00fcndungen.<\/li>\n<li class=\" translation-block\"><strong>S\u00fc\u00dfholz:<\/strong> Hat die Wirkung, Husten zu lindern, Schleim zu l\u00f6sen und den Hals zu beruhigen.<\/li>\n<li class=\" translation-block\"><strong>Stevia:<\/strong> Erzeugt eine nat\u00fcrliche S\u00fc\u00dfe, verursacht keinen erh\u00f6hten Blutzucker.<\/li>\n<\/ul>\n<p><strong>Verwendung:<\/strong><\/p>\n<ul>\n<li>Hilft, den K\u00f6rper zu erw\u00e4rmen.<\/li>\n<li>Hilft, Symptome zu lindern: M\u00fcdigkeit, Kopfschmerzen, verstopfte Nase, laufende Nase, Magenschmerzen aufgrund von Erk\u00e4ltungen.<\/li>\n<\/ul>\n<p class=\" translation-block\"><strong>Bao Long Ginger Tea<\/strong> ist eine nat\u00fcrliche und sichere Option zur Linderung von Erk\u00e4ltungssymptomen, sodass Sie sich wohler und wohler f\u00fchlen. Verwenden Sie das Produkt in Kombination mit ausreichend Ruhe und einer gesunden Ern\u00e4hrung, um die Gesundheit schnell wiederherzustellen.<\/p>","protected":false},"excerpt":{"rendered":"<p>Bao Long Ingwertee unterst\u00fctzt die Gesundheit, w\u00e4rmt den K\u00f6rper und lindert unangenehme Erk\u00e4ltungssymptome wie M\u00fcdigkeit, Kopfschmerzen, verstopfte Nase, laufende Nase und Bauchschmerzen.<\/p>","protected":false},"featured_media":1808,"template":"","meta":[],"product_brand":[],"product_cat":[104],"product_tag":[],"class_list":{"0":"post-2987","1":"product","2":"type-product","3":"status-publish","4":"has-post-thumbnail","6":"product_cat-tra-thao-moc-bao-long","8":"first","9":"instock","10":"shipping-taxable","11":"purchasable","12":"product-type-simple"},"_links":{"self":[{"href":"https:\/\/saigon24.vn\/de\/wp-json\/wp\/v2\/product\/2987","targetHints":{"allow":["GET"]}}],"collection":[{"href":"https:\/\/saigon24.vn\/de\/wp-json\/wp\/v2\/product"}],"about":[{"href":"https:\/\/saigon24.vn\/de\/wp-json\/wp\/v2\/types\/product"}],"version-history":[{"count":0,"href":"https:\/\/saigon24.vn\/de\/wp-json\/wp\/v2\/product\/2987\/revisions"}],"wp:featuredmedia":[{"embeddable":true,"href":"https:\/\/saigon24.vn\/de\/wp-json\/wp\/v2\/media\/1808"}],"wp:attachment":[{"href":"https:\/\/saigon24.vn\/de\/wp-json\/wp\/v2\/media?parent=2987"}],"wp:term":[{"taxonomy":"product_brand","embeddable":true,"href":"https:\/\/saigon24.vn\/de\/wp-json\/wp\/v2\/product_brand?post=2987"},{"taxonomy":"product_cat","embeddable":true,"href":"https:\/\/saigon24.vn\/de\/wp-json\/wp\/v2\/product_cat?post=2987"},{"taxonomy":"product_tag","embeddable":true,"href":"https:\/\/saigon24.vn\/de\/wp-json\/wp\/v2\/product_tag?post=2987"}],"curies":[{"name":"wp","href":"https:\/\/api.w.org\/{rel}","templated":true}]}}