{"id":2951,"date":"2024-09-18T04:06:33","date_gmt":"2024-09-18T04:06:33","guid":{"rendered":"https:\/\/saigon24.vn\/?post_type=product&#038;p=2951"},"modified":"2024-09-25T03:45:42","modified_gmt":"2024-09-25T03:45:42","slug":"tra-hoang-de-bao-long","status":"publish","type":"product","link":"https:\/\/saigon24.vn\/de\/product\/tra-hoang-de-bao-long\/","title":{"rendered":"BAO LANGER KAISER-TEE"},"content":{"rendered":"<p>&#8220;<strong>Kaiser-Bao-Long-Tee \u2013 K\u00f6niglicher Geschmack, Quintessenz Vietnams<\/strong><\/p>\n<p>M\u00f6chten Sie das Gef\u00fchl eines Kaisers erleben, der inmitten eines majest\u00e4tischen k\u00f6niglichen Raums eine k\u00f6stliche Tasse Tee schl\u00fcrft? Bao Long Imperial Tea wird Ihnen das bringen.<\/p>\n<p>Mit seinem k\u00fchlen, s\u00fc\u00dfen Geschmack ist Kaiser-Bao-Long-Tee nicht nur ein erfrischendes Getr\u00e4nk, sondern auch ein Kunstwerk, das die Essenz von Himmel und Erde kristallisiert.<\/p>\n<p>Der Duft breitet sich wie ein d\u00fcnner Rauch aus, vermischt sich mit dem Klang der Zither und schafft einen entspannenden, friedlichen Raum. Jeder Schluck Tee ist eine Reise, auf der Sie die Raffinesse und Eleganz jeder Tasse Tee entdecken und dabei helfen, sich zu entspannen und Ihr Gleichgewicht zu finden.<\/p>\n<p>Der k\u00fchle, sanfte Duft von Zutaten wie Astragalus, rotem Apfel, Goji-Beeren und Blumen scheint alle Sorgen zu vertreiben und ein Gef\u00fchl der Entspannung und des Friedens zu vermitteln. Der sanfte Teegeschmack hinterl\u00e4sst einen zarten Nachgeschmack auf der Zunge.<\/p>\n<p>Lassen Sie sich von Kaiser Bao Long Tea in das goldene Zeitalter zur\u00fcckversetzen und erleben Sie das Gef\u00fchl eines wahren K\u00f6nigs.\u201c<\/p>","protected":false},"excerpt":{"rendered":"<p>&#8220;Tr\u00e0 Ho\u00e0ng \u0110\u1ebf B\u1ea3o Long &#8211; H\u01b0\u01a1ng v\u1ecb ho\u00e0ng gia, tinh hoa Vi\u1ec7t Nam B\u1ea1n c\u00f3 mu\u1ed1n tr\u1ea3i nghi\u1ec7m c\u1ea3m<\/p>","protected":false},"featured_media":1708,"template":"","meta":[],"product_brand":[],"product_cat":[104],"product_tag":[],"class_list":{"0":"post-2951","1":"product","2":"type-product","3":"status-publish","4":"has-post-thumbnail","6":"product_cat-tra-thao-moc-bao-long","8":"first","9":"outofstock","10":"shipping-taxable","11":"product-type-simple"},"_links":{"self":[{"href":"https:\/\/saigon24.vn\/de\/wp-json\/wp\/v2\/product\/2951","targetHints":{"allow":["GET"]}}],"collection":[{"href":"https:\/\/saigon24.vn\/de\/wp-json\/wp\/v2\/product"}],"about":[{"href":"https:\/\/saigon24.vn\/de\/wp-json\/wp\/v2\/types\/product"}],"version-history":[{"count":0,"href":"https:\/\/saigon24.vn\/de\/wp-json\/wp\/v2\/product\/2951\/revisions"}],"wp:featuredmedia":[{"embeddable":true,"href":"https:\/\/saigon24.vn\/de\/wp-json\/wp\/v2\/media\/1708"}],"wp:attachment":[{"href":"https:\/\/saigon24.vn\/de\/wp-json\/wp\/v2\/media?parent=2951"}],"wp:term":[{"taxonomy":"product_brand","embeddable":true,"href":"https:\/\/saigon24.vn\/de\/wp-json\/wp\/v2\/product_brand?post=2951"},{"taxonomy":"product_cat","embeddable":true,"href":"https:\/\/saigon24.vn\/de\/wp-json\/wp\/v2\/product_cat?post=2951"},{"taxonomy":"product_tag","embeddable":true,"href":"https:\/\/saigon24.vn\/de\/wp-json\/wp\/v2\/product_tag?post=2951"}],"curies":[{"name":"wp","href":"https:\/\/api.w.org\/{rel}","templated":true}]}}