{"id":2879,"date":"2024-09-18T04:06:09","date_gmt":"2024-09-18T04:06:09","guid":{"rendered":"https:\/\/saigon24.vn\/?post_type=product&#038;p=2879"},"modified":"2024-09-27T03:50:10","modified_gmt":"2024-09-27T03:50:10","slug":"ca-phe-hoa-tan-dreamland-chill-vi-thao-moc","status":"publish","type":"product","link":"https:\/\/saigon24.vn\/de\/product\/ca-phe-hoa-tan-dreamland-chill-vi-thao-moc\/","title":{"rendered":"DREAMLAND CHILL INSTANTKAFFEE MIT KR\u00c4UTERGESCHMACK"},"content":{"rendered":"<p><strong>Dreamland Chill Kr\u00e4utergeschmack: S\u00fc\u00dfer Kr\u00e4utergeschmack, tiefe K\u00e4lte<\/strong><\/p>\n<p><strong>Lassen Sie das Chaos vor\u00fcbergehend hinter sich und tauchen Sie ein an einen friedlichen Ort<\/strong><\/p>\n<p>Manchmal brauchen wir inmitten der Alltagssorgen einfach einen Moment, um tief durchzuatmen, unsere Seele zur Ruhe zu bringen und das Gleichgewicht zu finden. Dreamland Chill Herbal Instant Coffee ist mit seinem sanften Kr\u00e4utergeschmack und den leichten Kaffeenoten der ideale Begleiter f\u00fcr diese kostbaren Momente der Entspannung.<\/p>\n<p><strong>K\u00fchlen Sie den Geschmack ab<\/strong><\/p>\n<ul>\n<li>Die Kr\u00e4uter im k\u00fchlen Kaffee sind wie beruhigende Musik, die unsere Seele in einen friedlichen Traum wiegt.<\/li>\n<li>Kaffee ist so sanft wie ein Fl\u00fcstern, weckt die Sinne und vertreibt M\u00fcdigkeit.<\/li>\n<li>Kostbare Safranbl\u00fcten sorgen f\u00fcr einen luxuri\u00f6sen, verf\u00fchrerischen Duft.<\/li>\n<li>Butter von grasgef\u00fctterten K\u00fchen ist fettig und schmilzt auf der Zungenspitze, was ein warmes, angenehmes Gef\u00fchl hinterl\u00e4sst.<\/li>\n<\/ul>\n<p><strong>Chill aus dem Kopf<\/strong><\/p>\n<ul>\n<li>Kr\u00e4uter helfen, den Geist zu beruhigen, Stress abzubauen und Ihnen ein Gef\u00fchl der Entspannung und Leichtigkeit zu geben.<\/li>\n<li>Kaffee reicht gerade aus, um Sie wachsam, konzentriert und bereit f\u00fcr neue Herausforderungen zu halten.<\/li>\n<li>Safranbl\u00fcten und Avocado liefern wertvolle N\u00e4hrstoffe und n\u00e4hren den K\u00f6rper von innen.<\/li>\n<\/ul>\n<p><strong>Entspannen Sie jederzeit und \u00fcberall<\/strong><\/p>\n<ul>\n<li>Eine Packung Dreamland Chill Kr\u00e4uter-Instantkaffee, etwas hei\u00dfes Wasser und schon haben Sie eine k\u00f6stliche, nahrhafte Tasse Kr\u00e4uterkaffee.<\/li>\n<li>Ob am fr\u00fchen Morgen oder an einem entspannten Nachmittag, Dreamland Chill Herbal Instant Coffee ist immer bereit, Sie zu begleiten.<\/li>\n<\/ul>\n<p><strong>Sichere Entspannung, gesunde Entspannung<\/strong><\/p>\n<ul>\n<li>Nat\u00fcrliche Zutaten, keine Konservierungsstoffe, keine k\u00fcnstlichen Aromen.<\/li>\n<li>Hergestellt auf modernen Produktionslinien, um Lebensmittelhygiene und -sicherheit zu gew\u00e4hrleisten.<\/li>\n<\/ul>\n<p><strong>Tauchen Sie ein in die chillige Welt von Dreamland Chill Herbal Instant Coffee, damit jeder Tag ein Tag voller Entspannung und voller positiver Energie ist!<\/strong><\/p>","protected":false},"excerpt":{"rendered":"<p>Dreamland Chill Herbal Instant Coffee ist mit seinem sanften Kr\u00e4utergeschmack und den leichten Kaffeenoten der ideale Begleiter f\u00fcr wertvolle Momente der Entspannung.<\/p>","protected":false},"featured_media":1409,"template":"","meta":[],"product_brand":[],"product_cat":[87],"product_tag":[],"class_list":{"0":"post-2879","1":"product","2":"type-product","3":"status-publish","4":"has-post-thumbnail","6":"product_cat-chua-phan-loai","8":"first","9":"instock","10":"sold-individually","11":"shipping-taxable","12":"purchasable","13":"product-type-simple"},"_links":{"self":[{"href":"https:\/\/saigon24.vn\/de\/wp-json\/wp\/v2\/product\/2879","targetHints":{"allow":["GET"]}}],"collection":[{"href":"https:\/\/saigon24.vn\/de\/wp-json\/wp\/v2\/product"}],"about":[{"href":"https:\/\/saigon24.vn\/de\/wp-json\/wp\/v2\/types\/product"}],"version-history":[{"count":0,"href":"https:\/\/saigon24.vn\/de\/wp-json\/wp\/v2\/product\/2879\/revisions"}],"wp:featuredmedia":[{"embeddable":true,"href":"https:\/\/saigon24.vn\/de\/wp-json\/wp\/v2\/media\/1409"}],"wp:attachment":[{"href":"https:\/\/saigon24.vn\/de\/wp-json\/wp\/v2\/media?parent=2879"}],"wp:term":[{"taxonomy":"product_brand","embeddable":true,"href":"https:\/\/saigon24.vn\/de\/wp-json\/wp\/v2\/product_brand?post=2879"},{"taxonomy":"product_cat","embeddable":true,"href":"https:\/\/saigon24.vn\/de\/wp-json\/wp\/v2\/product_cat?post=2879"},{"taxonomy":"product_tag","embeddable":true,"href":"https:\/\/saigon24.vn\/de\/wp-json\/wp\/v2\/product_tag?post=2879"}],"curies":[{"name":"wp","href":"https:\/\/api.w.org\/{rel}","templated":true}]}}