{"id":2875,"date":"2024-09-18T04:06:08","date_gmt":"2024-09-18T04:06:08","guid":{"rendered":"https:\/\/saigon24.vn\/?post_type=product&#038;p=2875"},"modified":"2024-09-25T03:43:10","modified_gmt":"2024-09-25T03:43:10","slug":"ca-phe-hoa-tan-dreamland-slim-vi-thao-moc","status":"publish","type":"product","link":"https:\/\/saigon24.vn\/de\/product\/ca-phe-hoa-tan-dreamland-slim-vi-thao-moc\/","title":{"rendered":"DREAMLAND SLIM INSTANT KAFFEE KR\u00c4UTERGESCHMACK"},"content":{"rendered":"<p>Dreamland Slim: Duftender Kaffee, sch\u00f6ne Form<\/p>\n<p><strong>Du liebst Kaffee, liebst eine sch\u00f6ne Figur? Nichts ist unm\u00f6glich!<\/strong><\/p>\n<p>Meine Damen, mussten Sie jemals zwischen Ihrer Leidenschaft f\u00fcr Kaffee und Ihrem Traum von einer schlanken Figur ringen? Machen Sie sich keine Sorgen, Dreamland Slim wird Ihr \u201eRetter\u201c sein und Ihnen dabei helfen, ungehindert Kaffee zu genie\u00dfen und gleichzeitig selbstbewusst Ihre sch\u00f6ne Figur zur Schau zu stellen.<\/p>\n<p><strong>Perfekte Formel aus der Natur, die verborgene Sch\u00f6nheit erweckt:<\/strong><\/p>\n<p>Dreamland Slim ist nicht nur Kaffee, sondern auch eine delikate Kombination wertvoller nat\u00fcrlicher Zutaten, die Ihnen ein wunderbares Kaffeeerlebnis und einen sanften, effektiven Weg zur Fitness beschert:<\/p>\n<ul>\n<li>Der reichhaltige, k\u00f6stliche Geschmack von Robusta-Kaffee weckt alle Sinne und beschert Ihnen wundervolle Momente der Entspannung.<\/li>\n<li>Nat\u00fcrliche S\u00fc\u00dfstoffe verursachen keine Gewichtszunahme, Sie k\u00f6nnen Kaffee genie\u00dfen, ohne bef\u00fcrchten zu m\u00fcssen, dass er Ihre Figur beeintr\u00e4chtigt.<\/li>\n<li>Butter von grasgef\u00fctterten K\u00fchen liefert gesunde Energie, sorgt f\u00fcr ein langanhaltendes S\u00e4ttigungsgef\u00fchl, hilft bei der Appetitkontrolle und hilft Ihnen, Ihre Ern\u00e4hrung leicht zu kontrollieren.<\/li>\n<li>Das aus gr\u00fcnem Kaffee und Chaga-Pilzen gewonnene perfekte Duo hilft, den Stoffwechsel anzukurbeln, \u00fcbersch\u00fcssiges Fett effektiv zu verbrennen und Sie dabei zu unterst\u00fctzen, auf nat\u00fcrliche und sichere Weise Gewicht zu verlieren.<\/li>\n<\/ul>\n<p><strong>Dreamland Slim \u2013 Der ideale Begleiter jedes M\u00e4dchens:<\/strong><\/p>\n<ul>\n<li>Wirksame Unterst\u00fctzung beim Abnehmen, Gewichtskontrolle, die Ihnen das Selbstvertrauen gibt, Ihre sch\u00f6ne Figur zur Schau zu stellen.<\/li>\n<li>Erg\u00e4nzt gesunde Energie, sorgt f\u00fcr ein langanhaltendes S\u00e4ttigungsgef\u00fchl und hilft Ihnen, Ihre Ern\u00e4hrung leichter zu kontrollieren.<\/li>\n<li>Verbessert die Gesundheit, wirkt antioxidativ und sorgt f\u00fcr eine jugendliche, strahlende Haut.<\/li>\n<li>Praktisch, einfach zuzubereiten, passend f\u00fcr ihr gesch\u00e4ftiges Leben.<\/li>\n<\/ul>\n<p><strong>Lassen Sie sich nicht von Gewichtssorgen vom Kaffeegenuss abhalten! Entscheiden Sie sich noch heute f\u00fcr Dreamland Slim und strahlen Sie selbstbewusst!<\/strong><\/p>","protected":false},"excerpt":{"rendered":"<p>Dreamland Slim Instantkaffee mit einer speziellen Formel, die erstklassigen Kaffee mit Zutaten kombiniert, die die Gewichtsabnahme unterst\u00fctzen, wie l\u00f6sliche Fette aus Kokosnuss\u00f6l, Ghee-Butter, Chaga-Pilz-Extrakt, Dreamland Slim bringt nicht nur Geschmack, k\u00f6stlichen Kaffee, sondern hilft Ihnen auch, Ihr Gewicht effektiv zu kontrollieren.<\/p>","protected":false},"featured_media":1394,"template":"","meta":[],"product_brand":[],"product_cat":[87],"product_tag":[],"class_list":{"0":"post-2875","1":"product","2":"type-product","3":"status-publish","4":"has-post-thumbnail","6":"product_cat-chua-phan-loai","8":"first","9":"instock","10":"shipping-taxable","11":"purchasable","12":"product-type-simple"},"_links":{"self":[{"href":"https:\/\/saigon24.vn\/de\/wp-json\/wp\/v2\/product\/2875","targetHints":{"allow":["GET"]}}],"collection":[{"href":"https:\/\/saigon24.vn\/de\/wp-json\/wp\/v2\/product"}],"about":[{"href":"https:\/\/saigon24.vn\/de\/wp-json\/wp\/v2\/types\/product"}],"version-history":[{"count":0,"href":"https:\/\/saigon24.vn\/de\/wp-json\/wp\/v2\/product\/2875\/revisions"}],"wp:featuredmedia":[{"embeddable":true,"href":"https:\/\/saigon24.vn\/de\/wp-json\/wp\/v2\/media\/1394"}],"wp:attachment":[{"href":"https:\/\/saigon24.vn\/de\/wp-json\/wp\/v2\/media?parent=2875"}],"wp:term":[{"taxonomy":"product_brand","embeddable":true,"href":"https:\/\/saigon24.vn\/de\/wp-json\/wp\/v2\/product_brand?post=2875"},{"taxonomy":"product_cat","embeddable":true,"href":"https:\/\/saigon24.vn\/de\/wp-json\/wp\/v2\/product_cat?post=2875"},{"taxonomy":"product_tag","embeddable":true,"href":"https:\/\/saigon24.vn\/de\/wp-json\/wp\/v2\/product_tag?post=2875"}],"curies":[{"name":"wp","href":"https:\/\/api.w.org\/{rel}","templated":true}]}}